{"id":32066,"date":"2024-04-16T08:43:10","date_gmt":"2024-04-16T05:43:10","guid":{"rendered":"https:\/\/retermia.fi\/?page_id=32066"},"modified":"2024-04-23T08:49:55","modified_gmt":"2024-04-23T05:49:55","slug":"projektkommunikation","status":"publish","type":"page","link":"https:\/\/retermia.fi\/sv\/projektkommunikation","title":{"rendered":"Projektkommunikation"},"content":{"rendered":"\t\t<div data-elementor-type=\"wp-page\" data-elementor-id=\"32066\" class=\"elementor elementor-32066 elementor-31199\" data-elementor-post-type=\"page\">\n\t\t\t\t\t\t<section class=\"elementor-section elementor-top-section elementor-element elementor-element-8cb3f32 elementor-section-height-min-height elementor-section-boxed elementor-section-height-default elementor-section-items-middle\" data-id=\"8cb3f32\" data-element_type=\"section\" data-e-type=\"section\" data-settings=\"{&quot;jet_parallax_layout_list&quot;:[],&quot;background_background&quot;:&quot;classic&quot;}\">\n\t\t\t\t\t\t<div class=\"elementor-container elementor-column-gap-default\">\n\t\t\t\t\t<div class=\"elementor-column elementor-col-100 elementor-top-column elementor-element elementor-element-7cb02fe\" data-id=\"7cb02fe\" data-element_type=\"column\" data-e-type=\"column\">\n\t\t\t<div class=\"elementor-widget-wrap\">\n\t\t\t\t\t\t\t<\/div>\n\t\t<\/div>\n\t\t\t\t\t<\/div>\n\t\t<\/section>\n\t\t\t\t<section class=\"elementor-section elementor-top-section elementor-element elementor-element-11c9b92 elementor-section-height-min-height elementor-section-boxed elementor-section-height-default elementor-section-items-middle\" data-id=\"11c9b92\" data-element_type=\"section\" data-e-type=\"section\" data-settings=\"{&quot;jet_parallax_layout_list&quot;:[]}\">\n\t\t\t\t\t\t<div class=\"elementor-container elementor-column-gap-default\">\n\t\t\t\t\t<div class=\"elementor-column elementor-col-100 elementor-top-column elementor-element elementor-element-fd4819f\" data-id=\"fd4819f\" data-element_type=\"column\" data-e-type=\"column\">\n\t\t\t<div class=\"elementor-widget-wrap\">\n\t\t\t\t\t\t\t<\/div>\n\t\t<\/div>\n\t\t\t\t\t<\/div>\n\t\t<\/section>\n\t\t\t\t<section class=\"elementor-section elementor-top-section elementor-element elementor-element-4cacd1d elementor-section-height-min-height elementor-section-boxed elementor-section-height-default elementor-section-items-middle\" data-id=\"4cacd1d\" data-element_type=\"section\" data-e-type=\"section\" data-settings=\"{&quot;jet_parallax_layout_list&quot;:[],&quot;background_background&quot;:&quot;classic&quot;}\">\n\t\t\t\t\t\t<div class=\"elementor-container elementor-column-gap-default\">\n\t\t\t\t\t<div class=\"elementor-column elementor-col-100 elementor-top-column elementor-element elementor-element-16a678f\" data-id=\"16a678f\" data-element_type=\"column\" data-e-type=\"column\">\n\t\t\t<div class=\"elementor-widget-wrap elementor-element-populated\">\n\t\t\t\t\t\t<div class=\"elementor-element elementor-element-e2797c3 elementor-widget elementor-widget-image\" data-id=\"e2797c3\" data-element_type=\"widget\" data-e-type=\"widget\" data-widget_type=\"image.default\">\n\t\t\t\t<div class=\"elementor-widget-container\">\n\t\t\t\t\t\t\t\t\t\t\t\t\t\t\t<img fetchpriority=\"high\" decoding=\"async\" width=\"800\" height=\"177\" src=\"https:\/\/retermia.fi\/wp-content\/uploads\/SV_Co-fundedbytheEU_RGB_WHITE-Outline-1200x266.png\" class=\"attachment-large size-large wp-image-30559\" alt=\"\" srcset=\"https:\/\/retermia.fi\/wp-content\/uploads\/SV_Co-fundedbytheEU_RGB_WHITE-Outline-1200x266.png 1200w, https:\/\/retermia.fi\/wp-content\/uploads\/SV_Co-fundedbytheEU_RGB_WHITE-Outline-600x133.png 600w, https:\/\/retermia.fi\/wp-content\/uploads\/SV_Co-fundedbytheEU_RGB_WHITE-Outline-300x67.png 300w, https:\/\/retermia.fi\/wp-content\/uploads\/SV_Co-fundedbytheEU_RGB_WHITE-Outline-768x170.png 768w, https:\/\/retermia.fi\/wp-content\/uploads\/SV_Co-fundedbytheEU_RGB_WHITE-Outline-1536x341.png 1536w, https:\/\/retermia.fi\/wp-content\/uploads\/SV_Co-fundedbytheEU_RGB_WHITE-Outline.png 1920w\" sizes=\"(max-width: 800px) 100vw, 800px\" \/>\t\t\t\t\t\t\t\t\t\t\t\t\t\t\t<\/div>\n\t\t\t\t<\/div>\n\t\t\t\t<div class=\"elementor-element elementor-element-5342548 elementor-widget elementor-widget-text-editor\" data-id=\"5342548\" data-element_type=\"widget\" data-e-type=\"widget\" data-widget_type=\"text-editor.default\">\n\t\t\t\t<div class=\"elementor-widget-container\">\n\t\t\t\t\t\t\t\t\t<p>I TLS6-projektet ligger huvudfokus p\u00e5 att skapa f\u00f6ruts\u00e4ttningar f\u00f6r aff\u00e4rstillv\u00e4xt, digitalisering,<br \/>l\u00f6nsamhet och internationalisering.<\/p>\n<p>I utvecklingsprojektet designas och upphandlas en ny produktionslinje f\u00f6r n\u00e5lr\u00f6ret som anv\u00e4nds i n\u00e5lv\u00e4rmev\u00e4xlare,<br \/>vilket m\u00f6jligg\u00f6r st\u00f6rre tillverkningskapacitet, f\u00f6rb\u00e4ttrad drifts\u00e4kerhet och b\u00e4ttre kvalitet.<br \/>Projektet investerar \u00e4ven i produktionsmaskiner.<\/p>\n<p>I TLS6-projektet f\u00f6rb\u00e4ttras aff\u00e4rsverksamheten och kundorienterad service med hj\u00e4lp av digitalisering. <br \/>TLS6-projektet utvecklar nya produkter som f\u00f6rb\u00e4ttrar funktionaliteten hos v\u00e4rme\u00e5tervinningssystem.<\/p>\n\t\t\t\t\t\t\t\t<\/div>\n\t\t\t\t<\/div>\n\t\t\t\t\t<\/div>\n\t\t<\/div>\n\t\t\t\t\t<\/div>\n\t\t<\/section>\n\t\t\t\t<section class=\"elementor-section elementor-top-section elementor-element elementor-element-feb2a57 elementor-section-height-min-height elementor-section-boxed elementor-section-height-default elementor-section-items-middle\" data-id=\"feb2a57\" data-element_type=\"section\" data-e-type=\"section\" data-settings=\"{&quot;jet_parallax_layout_list&quot;:[]}\">\n\t\t\t\t\t\t<div class=\"elementor-container elementor-column-gap-default\">\n\t\t\t\t\t<div class=\"elementor-column elementor-col-100 elementor-top-column elementor-element elementor-element-f4917eb\" data-id=\"f4917eb\" data-element_type=\"column\" data-e-type=\"column\">\n\t\t\t<div class=\"elementor-widget-wrap\">\n\t\t\t\t\t\t\t<\/div>\n\t\t<\/div>\n\t\t\t\t\t<\/div>\n\t\t<\/section>\n\t\t\t\t<\/div>\n\t\t","protected":false},"excerpt":{"rendered":"<p>I TLS6-projektet ligger huvudfokus p\u00e5 att skapa f\u00f6ruts\u00e4ttningar f\u00f6r aff\u00e4rstillv\u00e4xt, digitalisering,l\u00f6nsamhet och internationalisering. I utvecklingsprojektet designas och upphandlas en ny produktionslinje f\u00f6r n\u00e5lr\u00f6ret som anv\u00e4nds i n\u00e5lv\u00e4rmev\u00e4xlare,vilket m\u00f6jligg\u00f6r st\u00f6rre tillverkningskapacitet, f\u00f6rb\u00e4ttrad drifts\u00e4kerhet och b\u00e4ttre kvalitet.Projektet investerar \u00e4ven i produktionsmaskiner. I TLS6-projektet f\u00f6rb\u00e4ttras aff\u00e4rsverksamheten och kundorienterad service med hj\u00e4lp av digitalisering. TLS6-projektet utvecklar nya produkter som [&hellip;]<\/p>\n","protected":false},"author":14,"featured_media":0,"parent":0,"menu_order":0,"comment_status":"closed","ping_status":"closed","template":"elementor_header_footer","meta":{"inline_featured_image":false,"footnotes":""},"hakunakyvyys":[],"yhteinen-luokittelutieto":[],"sivujen-luokittelutieto":[],"class_list":["post-32066","page","type-page","status-publish","hentry"],"_links":{"self":[{"href":"https:\/\/retermia.fi\/sv\/wp-json\/wp\/v2\/pages\/32066","targetHints":{"allow":["GET"]}}],"collection":[{"href":"https:\/\/retermia.fi\/sv\/wp-json\/wp\/v2\/pages"}],"about":[{"href":"https:\/\/retermia.fi\/sv\/wp-json\/wp\/v2\/types\/page"}],"author":[{"embeddable":true,"href":"https:\/\/retermia.fi\/sv\/wp-json\/wp\/v2\/users\/14"}],"replies":[{"embeddable":true,"href":"https:\/\/retermia.fi\/sv\/wp-json\/wp\/v2\/comments?post=32066"}],"version-history":[{"count":0,"href":"https:\/\/retermia.fi\/sv\/wp-json\/wp\/v2\/pages\/32066\/revisions"}],"wp:attachment":[{"href":"https:\/\/retermia.fi\/sv\/wp-json\/wp\/v2\/media?parent=32066"}],"wp:term":[{"taxonomy":"hakunakyvyys","embeddable":true,"href":"https:\/\/retermia.fi\/sv\/wp-json\/wp\/v2\/hakunakyvyys?post=32066"},{"taxonomy":"yhteinen-luokittelutieto","embeddable":true,"href":"https:\/\/retermia.fi\/sv\/wp-json\/wp\/v2\/yhteinen-luokittelutieto?post=32066"},{"taxonomy":"sivujen-luokittelutieto","embeddable":true,"href":"https:\/\/retermia.fi\/sv\/wp-json\/wp\/v2\/sivujen-luokittelutieto?post=32066"}],"curies":[{"name":"wp","href":"https:\/\/api.w.org\/{rel}","templated":true}]}}