{"id":30678,"date":"2023-04-17T10:25:15","date_gmt":"2023-04-17T07:25:15","guid":{"rendered":"https:\/\/retermia.fi\/?page_id=30678"},"modified":"2024-05-15T10:46:55","modified_gmt":"2024-05-15T07:46:55","slug":"ordning-pa-komponenter-i-ett-luftbehandlingsaggregat","status":"publish","type":"page","link":"https:\/\/retermia.fi\/sv\/ordning-pa-komponenter-i-ett-luftbehandlingsaggregat","title":{"rendered":"Ordning p\u00e5 komponenter i ett luftbehandlingsaggregat"},"content":{"rendered":"\t\t<div data-elementor-type=\"wp-page\" data-elementor-id=\"30678\" class=\"elementor elementor-30678 elementor-10349\" data-elementor-post-type=\"page\">\n\t\t\t\t\t\t<section class=\"elementor-section elementor-top-section elementor-element elementor-element-7db9733 elementor-section-height-min-height elementor-section-boxed elementor-section-height-default elementor-section-items-middle\" data-id=\"7db9733\" data-element_type=\"section\" data-e-type=\"section\" data-settings=\"{&quot;background_background&quot;:&quot;classic&quot;,&quot;jet_parallax_layout_list&quot;:[]}\">\n\t\t\t\t\t\t\t<div class=\"elementor-background-overlay\"><\/div>\n\t\t\t\t\t\t\t<div class=\"elementor-container elementor-column-gap-default\">\n\t\t\t\t\t<div class=\"elementor-column elementor-col-100 elementor-top-column elementor-element elementor-element-0f82738\" data-id=\"0f82738\" data-element_type=\"column\" data-e-type=\"column\">\n\t\t\t<div class=\"elementor-widget-wrap elementor-element-populated\">\n\t\t\t\t\t\t<div class=\"elementor-element elementor-element-662a470 elementor-widget elementor-widget-heading\" data-id=\"662a470\" data-element_type=\"widget\" data-e-type=\"widget\" data-widget_type=\"heading.default\">\n\t\t\t\t<div class=\"elementor-widget-container\">\n\t\t\t\t\t<h1 class=\"elementor-heading-title elementor-size-default\">Ordning p\u00e5 komponenter i <br>ett luftbehandlingsaggregat<\/h1>\t\t\t\t<\/div>\n\t\t\t\t<\/div>\n\t\t\t\t\t<\/div>\n\t\t<\/div>\n\t\t\t\t\t<\/div>\n\t\t<\/section>\n\t\t\t\t<section class=\"elementor-section elementor-top-section elementor-element elementor-element-2e07b06 elementor-section-boxed elementor-section-height-default elementor-section-height-default\" data-id=\"2e07b06\" data-element_type=\"section\" data-e-type=\"section\" data-settings=\"{&quot;jet_parallax_layout_list&quot;:[]}\">\n\t\t\t\t\t\t<div class=\"elementor-container elementor-column-gap-default\">\n\t\t\t\t\t<div class=\"elementor-column elementor-col-100 elementor-top-column elementor-element elementor-element-c28532c\" data-id=\"c28532c\" data-element_type=\"column\" data-e-type=\"column\">\n\t\t\t<div class=\"elementor-widget-wrap elementor-element-populated\">\n\t\t\t\t\t\t<div class=\"elementor-element elementor-element-b0898d5 elementor-widget elementor-widget-text-editor\" data-id=\"b0898d5\" data-element_type=\"widget\" data-e-type=\"widget\" data-widget_type=\"text-editor.default\">\n\t\t\t\t<div class=\"elementor-widget-container\">\n\t\t\t\t\t\t\t\t\t<p>Retermias n\u00e5lv\u00e4rmev\u00e4xlare \u00e4r placerad som den f\u00f6rsta komponenten p\u00e5 luftintagssidan. En n\u00e5lv\u00e4rmev\u00e4xlare som f\u00f6rv\u00e4rmer och f\u00f6rfiltrerar tilluften h\u00e5ller huvudfiltret torrt och f\u00f6rhindrar funktionsst\u00f6rningar i ventilationssystemet.<\/p>\n\t\t\t\t\t\t\t\t<\/div>\n\t\t\t\t<\/div>\n\t\t\t\t<div class=\"elementor-element elementor-element-e311e5d elementor-widget elementor-widget-image\" data-id=\"e311e5d\" data-element_type=\"widget\" data-e-type=\"widget\" data-widget_type=\"image.default\">\n\t\t\t\t<div class=\"elementor-widget-container\">\n\t\t\t\t\t\t\t\t\t\t\t\t\t\t\t<img fetchpriority=\"high\" decoding=\"async\" width=\"800\" height=\"300\" src=\"https:\/\/retermia.fi\/wp-content\/uploads\/palkkiylkosaleikko.jpg\" class=\"attachment-large size-large wp-image-28041\" alt=\"\" srcset=\"https:\/\/retermia.fi\/wp-content\/uploads\/palkkiylkosaleikko.jpg 800w, https:\/\/retermia.fi\/wp-content\/uploads\/palkkiylkosaleikko-600x225.jpg 600w, https:\/\/retermia.fi\/wp-content\/uploads\/palkkiylkosaleikko-300x113.jpg 300w, https:\/\/retermia.fi\/wp-content\/uploads\/palkkiylkosaleikko-768x288.jpg 768w\" sizes=\"(max-width: 800px) 100vw, 800px\" \/>\t\t\t\t\t\t\t\t\t\t\t\t\t\t\t<\/div>\n\t\t\t\t<\/div>\n\t\t\t\t<div class=\"elementor-element elementor-element-21e53b9 elementor-widget elementor-widget-heading\" data-id=\"21e53b9\" data-element_type=\"widget\" data-e-type=\"widget\" data-widget_type=\"heading.default\">\n\t\t\t\t<div class=\"elementor-widget-container\">\n\t\t\t\t\t<h2 class=\"elementor-heading-title elementor-size-default\">Traditionell ordning p\u00e5 komponenter i ett tilluftsaggregat<\/h2>\t\t\t\t<\/div>\n\t\t\t\t<\/div>\n\t\t\t\t<div class=\"elementor-element elementor-element-0702fc2 elementor-widget elementor-widget-image\" data-id=\"0702fc2\" data-element_type=\"widget\" data-e-type=\"widget\" data-widget_type=\"image.default\">\n\t\t\t\t<div class=\"elementor-widget-container\">\n\t\t\t\t\t\t\t\t\t\t\t\t\t\t\t\t<a href=\"https:\/\/retermia.fi\/wp-content\/uploads\/Perinteinen-ilmanvaihtokone-sovitus-scaled.jpg\" data-elementor-open-lightbox=\"yes\" data-e-action-hash=\"#elementor-action%3Aaction%3Dlightbox%26settings%3DeyJpZCI6MjgzOTUsInVybCI6Imh0dHBzOlwvXC9yZXRlcm1pYS5maVwvd3AtY29udGVudFwvdXBsb2Fkc1wvUGVyaW50ZWluZW4taWxtYW52YWlodG9rb25lLXNvdml0dXMtc2NhbGVkLmpwZyJ9\">\n\t\t\t\t\t\t\t<img decoding=\"async\" width=\"800\" height=\"323\" src=\"https:\/\/retermia.fi\/wp-content\/uploads\/Perinteinen-ilmanvaihtokone-sovitus-1200x485.jpg\" class=\"attachment-large size-large wp-image-28395\" alt=\"\" srcset=\"https:\/\/retermia.fi\/wp-content\/uploads\/Perinteinen-ilmanvaihtokone-sovitus-1200x485.jpg 1200w, https:\/\/retermia.fi\/wp-content\/uploads\/Perinteinen-ilmanvaihtokone-sovitus-600x242.jpg 600w, https:\/\/retermia.fi\/wp-content\/uploads\/Perinteinen-ilmanvaihtokone-sovitus-300x121.jpg 300w, https:\/\/retermia.fi\/wp-content\/uploads\/Perinteinen-ilmanvaihtokone-sovitus-768x310.jpg 768w, https:\/\/retermia.fi\/wp-content\/uploads\/Perinteinen-ilmanvaihtokone-sovitus-1536x620.jpg 1536w, https:\/\/retermia.fi\/wp-content\/uploads\/Perinteinen-ilmanvaihtokone-sovitus-2048x827.jpg 2048w, https:\/\/retermia.fi\/wp-content\/uploads\/Perinteinen-ilmanvaihtokone-sovitus-scaled.jpg 1920w\" sizes=\"(max-width: 800px) 100vw, 800px\" \/>\t\t\t\t\t\t\t\t<\/a>\n\t\t\t\t\t\t\t\t\t\t\t\t\t\t\t<\/div>\n\t\t\t\t<\/div>\n\t\t\t\t<div class=\"elementor-element elementor-element-e85a1c7 elementor-widget elementor-widget-text-editor\" data-id=\"e85a1c7\" data-element_type=\"widget\" data-e-type=\"widget\" data-widget_type=\"text-editor.default\">\n\t\t\t\t<div class=\"elementor-widget-container\">\n\t\t\t\t\t\t\t\t\t<p>I ett traditionellt ventilationssystem \u00e4r filtret placerat i tilluftsaggregatet framf\u00f6r v\u00e4rme\u00e5tervinningsbatteriet. Filtret kommer i kontakt med kall, fuktig utomhusluft och sn\u00f6. F\u00f6rutom hygienproblemet \u00e4r ett v\u00e5tt filter st\u00e4ndigt utsatt f\u00f6r frysning. Ett fruset eller sn\u00f6t\u00e4ckt filter hindrar luften fr\u00e5n att str\u00f6mma igenom.<\/p>\n\t\t\t\t\t\t\t\t<\/div>\n\t\t\t\t<\/div>\n\t\t\t\t<div class=\"elementor-element elementor-element-94e0a84 elementor-widget elementor-widget-heading\" data-id=\"94e0a84\" data-element_type=\"widget\" data-e-type=\"widget\" data-widget_type=\"heading.default\">\n\t\t\t\t<div class=\"elementor-widget-container\">\n\t\t\t\t\t<h2 class=\"elementor-heading-title elementor-size-default\">Ordning p\u00e5 komponenter i ett RETERMIA system, tilluftsaggregat<\/h2>\t\t\t\t<\/div>\n\t\t\t\t<\/div>\n\t\t\t\t<div class=\"elementor-element elementor-element-5bf605a elementor-widget elementor-widget-text-editor\" data-id=\"5bf605a\" data-element_type=\"widget\" data-e-type=\"widget\" data-widget_type=\"text-editor.default\">\n\t\t\t\t<div class=\"elementor-widget-container\">\n\t\t\t\t\t\t\t\t\t<p>Tack vare sin unika konstruktion kan Retermia n\u00e5lv\u00e4rmev\u00e4xlare installeras i ventilationssystemet f\u00f6re filter och spj\u00e4ll. Luften som kommer in i huvudfiltret f\u00f6rv\u00e4rms och f\u00f6rfiltreras, s\u00e5 att filtret inte blir fuktigt. \u00c4ven vid sn\u00f6 och minusgrader fungerar ventilationssystemet perfekt och filtren beh\u00f6ver inte bytas i f\u00f6rtid.<\/p>\n<p>Service av n\u00e5lv\u00e4rmev\u00e4xlaren i RETCARE Modular -aggregatet kan utf\u00f6ras genom en servicelucka som \u00f6ppnas uppifr\u00e5n, n\u00e4r mellandelens h\u00f6jd \u00e4r mindre \u00e4n 1300 mm och n\u00e4r det finns minst 1300 mm ledigt utrymme ovanp\u00e5 n\u00e5lv\u00e4rmev\u00e4xlaren f\u00f6r att utf\u00f6ra service. I detta fall kan inga r\u00f6r, elledningar eller n\u00e5got annat som skulle hindra serviceluckan fr\u00e5n att \u00f6ppnas ledas ovanp\u00e5 n\u00e5lv\u00e4rmev\u00e4xlaren.<\/p>\n\t\t\t\t\t\t\t\t<\/div>\n\t\t\t\t<\/div>\n\t\t\t\t<div class=\"elementor-element elementor-element-dbc204e elementor-widget elementor-widget-image\" data-id=\"dbc204e\" data-element_type=\"widget\" data-e-type=\"widget\" data-widget_type=\"image.default\">\n\t\t\t\t<div class=\"elementor-widget-container\">\n\t\t\t\t\t\t\t\t\t\t\t\t\t\t\t\t<a href=\"https:\/\/retermia.fi\/wp-content\/uploads\/Retermia-sovitus-ilmanvaihtokoneeseen_pieni-scaled.jpg\" data-elementor-open-lightbox=\"yes\" data-e-action-hash=\"#elementor-action%3Aaction%3Dlightbox%26settings%3DeyJpZCI6MjgzOTksInVybCI6Imh0dHBzOlwvXC9yZXRlcm1pYS5maVwvd3AtY29udGVudFwvdXBsb2Fkc1wvUmV0ZXJtaWEtc292aXR1cy1pbG1hbnZhaWh0b2tvbmVlc2Vlbl9waWVuaS1zY2FsZWQuanBnIn0%3D\">\n\t\t\t\t\t\t\t<img decoding=\"async\" width=\"768\" height=\"310\" src=\"https:\/\/retermia.fi\/wp-content\/uploads\/Retermia-sovitus-ilmanvaihtokoneeseen_pieni-768x310.jpg\" class=\"attachment-medium_large size-medium_large wp-image-28399\" alt=\"\" srcset=\"https:\/\/retermia.fi\/wp-content\/uploads\/Retermia-sovitus-ilmanvaihtokoneeseen_pieni-768x310.jpg 768w, https:\/\/retermia.fi\/wp-content\/uploads\/Retermia-sovitus-ilmanvaihtokoneeseen_pieni-600x242.jpg 600w, https:\/\/retermia.fi\/wp-content\/uploads\/Retermia-sovitus-ilmanvaihtokoneeseen_pieni-1200x485.jpg 1200w, https:\/\/retermia.fi\/wp-content\/uploads\/Retermia-sovitus-ilmanvaihtokoneeseen_pieni-300x121.jpg 300w, https:\/\/retermia.fi\/wp-content\/uploads\/Retermia-sovitus-ilmanvaihtokoneeseen_pieni-1536x620.jpg 1536w, https:\/\/retermia.fi\/wp-content\/uploads\/Retermia-sovitus-ilmanvaihtokoneeseen_pieni-2048x827.jpg 2048w, https:\/\/retermia.fi\/wp-content\/uploads\/Retermia-sovitus-ilmanvaihtokoneeseen_pieni-scaled.jpg 1920w\" sizes=\"(max-width: 768px) 100vw, 768px\" \/>\t\t\t\t\t\t\t\t<\/a>\n\t\t\t\t\t\t\t\t\t\t\t\t\t\t\t<\/div>\n\t\t\t\t<\/div>\n\t\t\t\t<div class=\"elementor-element elementor-element-1ebebb8 elementor-widget-divider--view-line elementor-widget elementor-widget-divider\" data-id=\"1ebebb8\" data-element_type=\"widget\" data-e-type=\"widget\" data-widget_type=\"divider.default\">\n\t\t\t\t<div class=\"elementor-widget-container\">\n\t\t\t\t\t\t\t<div class=\"elementor-divider\">\n\t\t\t<span class=\"elementor-divider-separator\">\n\t\t\t\t\t\t<\/span>\n\t\t<\/div>\n\t\t\t\t\t\t<\/div>\n\t\t\t\t<\/div>\n\t\t\t\t<div class=\"elementor-element elementor-element-a174103 elementor-widget elementor-widget-text-editor\" data-id=\"a174103\" data-element_type=\"widget\" data-e-type=\"widget\" data-widget_type=\"text-editor.default\">\n\t\t\t\t<div class=\"elementor-widget-container\">\n\t\t\t\t\t\t\t\t\t<p>Underh\u00e5ll av V\u00c5V genom en servicelucka som \u00f6ppnas uppifr\u00e5n (luftfl\u00f6de mindre \u00e4n 4000 l\/s).<\/p>\n\t\t\t\t\t\t\t\t<\/div>\n\t\t\t\t<\/div>\n\t\t\t\t<div class=\"elementor-element elementor-element-7461392 elementor-widget elementor-widget-heading\" data-id=\"7461392\" data-element_type=\"widget\" data-e-type=\"widget\" data-widget_type=\"heading.default\">\n\t\t\t\t<div class=\"elementor-widget-container\">\n\t\t\t\t\t<h2 class=\"elementor-heading-title elementor-size-default\">Ordning p\u00e5 komponenter i ett RETERMIA system, V\u00c5V med servicedelar<\/h2>\t\t\t\t<\/div>\n\t\t\t\t<\/div>\n\t\t\t\t<div class=\"elementor-element elementor-element-1cca4a2 elementor-widget elementor-widget-text-editor\" data-id=\"1cca4a2\" data-element_type=\"widget\" data-e-type=\"widget\" data-widget_type=\"text-editor.default\">\n\t\t\t\t<div class=\"elementor-widget-container\">\n\t\t\t\t\t\t\t\t\t<p>Underh\u00e5ll kan ocks\u00e5 utf\u00f6ras genom servicedelar som \u00e4r minst 900 mm djupa p\u00e5 b\u00e5da sidor om n\u00e5lv\u00e4rmev\u00e4xlaren. Servicedelarna har samma maskinstorlek som n\u00e5lv\u00e4rmev\u00e4xlardelen och \u00e4r utrustade med en serviced\u00f6rr i full storlek.<\/p>\n\t\t\t\t\t\t\t\t<\/div>\n\t\t\t\t<\/div>\n\t\t\t\t<div class=\"elementor-element elementor-element-99b938b elementor-widget elementor-widget-image\" data-id=\"99b938b\" data-element_type=\"widget\" data-e-type=\"widget\" data-widget_type=\"image.default\">\n\t\t\t\t<div class=\"elementor-widget-container\">\n\t\t\t\t\t\t\t\t\t\t\t\t\t\t\t\t<a href=\"https:\/\/retermia.fi\/wp-content\/uploads\/RECTARE-Modular-ilmamaara-yli-4000-ls_LTO-patterin-huolto-huolto-osien-kautta_pieni-scaled.jpg\" data-elementor-open-lightbox=\"yes\" data-e-action-hash=\"#elementor-action%3Aaction%3Dlightbox%26settings%3DeyJpZCI6Mjg0MDEsInVybCI6Imh0dHBzOlwvXC9yZXRlcm1pYS5maVwvd3AtY29udGVudFwvdXBsb2Fkc1wvUkVDVEFSRS1Nb2R1bGFyLWlsbWFtYWFyYS15bGktNDAwMC1sc19MVE8tcGF0dGVyaW4taHVvbHRvLWh1b2x0by1vc2llbi1rYXV0dGFfcGllbmktc2NhbGVkLmpwZyJ9\">\n\t\t\t\t\t\t\t<img loading=\"lazy\" decoding=\"async\" width=\"768\" height=\"310\" src=\"https:\/\/retermia.fi\/wp-content\/uploads\/RECTARE-Modular-ilmamaara-yli-4000-ls_LTO-patterin-huolto-huolto-osien-kautta_pieni-768x310.jpg\" class=\"attachment-medium_large size-medium_large wp-image-28401\" alt=\"\" srcset=\"https:\/\/retermia.fi\/wp-content\/uploads\/RECTARE-Modular-ilmamaara-yli-4000-ls_LTO-patterin-huolto-huolto-osien-kautta_pieni-768x310.jpg 768w, https:\/\/retermia.fi\/wp-content\/uploads\/RECTARE-Modular-ilmamaara-yli-4000-ls_LTO-patterin-huolto-huolto-osien-kautta_pieni-600x242.jpg 600w, https:\/\/retermia.fi\/wp-content\/uploads\/RECTARE-Modular-ilmamaara-yli-4000-ls_LTO-patterin-huolto-huolto-osien-kautta_pieni-1200x485.jpg 1200w, https:\/\/retermia.fi\/wp-content\/uploads\/RECTARE-Modular-ilmamaara-yli-4000-ls_LTO-patterin-huolto-huolto-osien-kautta_pieni-300x121.jpg 300w, https:\/\/retermia.fi\/wp-content\/uploads\/RECTARE-Modular-ilmamaara-yli-4000-ls_LTO-patterin-huolto-huolto-osien-kautta_pieni-1536x620.jpg 1536w, https:\/\/retermia.fi\/wp-content\/uploads\/RECTARE-Modular-ilmamaara-yli-4000-ls_LTO-patterin-huolto-huolto-osien-kautta_pieni-2048x827.jpg 2048w, https:\/\/retermia.fi\/wp-content\/uploads\/RECTARE-Modular-ilmamaara-yli-4000-ls_LTO-patterin-huolto-huolto-osien-kautta_pieni-scaled.jpg 1920w\" sizes=\"(max-width: 768px) 100vw, 768px\" \/>\t\t\t\t\t\t\t\t<\/a>\n\t\t\t\t\t\t\t\t\t\t\t\t\t\t\t<\/div>\n\t\t\t\t<\/div>\n\t\t\t\t\t<\/div>\n\t\t<\/div>\n\t\t\t\t\t<\/div>\n\t\t<\/section>\n\t\t\t\t<\/div>\n\t\t","protected":false},"excerpt":{"rendered":"<p>Retermias n\u00e5lv\u00e4rmev\u00e4xlare placeras som den f\u00f6rsta komponenten p\u00e5 luftintagssidan. En n\u00e5lv\u00e4rmev\u00e4xlare som f\u00f6rv\u00e4rmer och f\u00f6rfiltrerar tilluften h\u00e5ller huvudfiltret torrt och f\u00f6rhindrar funktionsst\u00f6rningar i ventilationssystemet.<\/p>\n","protected":false},"author":13,"featured_media":28581,"parent":0,"menu_order":0,"comment_status":"closed","ping_status":"closed","template":"elementor_header_footer","meta":{"inline_featured_image":false,"footnotes":""},"hakunakyvyys":[],"yhteinen-luokittelutieto":[],"sivujen-luokittelutieto":[],"class_list":["post-30678","page","type-page","status-publish","has-post-thumbnail","hentry"],"_links":{"self":[{"href":"https:\/\/retermia.fi\/sv\/wp-json\/wp\/v2\/pages\/30678","targetHints":{"allow":["GET"]}}],"collection":[{"href":"https:\/\/retermia.fi\/sv\/wp-json\/wp\/v2\/pages"}],"about":[{"href":"https:\/\/retermia.fi\/sv\/wp-json\/wp\/v2\/types\/page"}],"author":[{"embeddable":true,"href":"https:\/\/retermia.fi\/sv\/wp-json\/wp\/v2\/users\/13"}],"replies":[{"embeddable":true,"href":"https:\/\/retermia.fi\/sv\/wp-json\/wp\/v2\/comments?post=30678"}],"version-history":[{"count":10,"href":"https:\/\/retermia.fi\/sv\/wp-json\/wp\/v2\/pages\/30678\/revisions"}],"predecessor-version":[{"id":32892,"href":"https:\/\/retermia.fi\/sv\/wp-json\/wp\/v2\/pages\/30678\/revisions\/32892"}],"wp:featuredmedia":[{"embeddable":true,"href":"https:\/\/retermia.fi\/sv\/wp-json\/wp\/v2\/media\/28581"}],"wp:attachment":[{"href":"https:\/\/retermia.fi\/sv\/wp-json\/wp\/v2\/media?parent=30678"}],"wp:term":[{"taxonomy":"hakunakyvyys","embeddable":true,"href":"https:\/\/retermia.fi\/sv\/wp-json\/wp\/v2\/hakunakyvyys?post=30678"},{"taxonomy":"yhteinen-luokittelutieto","embeddable":true,"href":"https:\/\/retermia.fi\/sv\/wp-json\/wp\/v2\/yhteinen-luokittelutieto?post=30678"},{"taxonomy":"sivujen-luokittelutieto","embeddable":true,"href":"https:\/\/retermia.fi\/sv\/wp-json\/wp\/v2\/sivujen-luokittelutieto?post=30678"}],"curies":[{"name":"wp","href":"https:\/\/api.w.org\/{rel}","templated":true}]}}