{"id":30087,"date":"2023-05-17T15:36:06","date_gmt":"2023-05-17T12:36:06","guid":{"rendered":"https:\/\/retermia.fi\/?page_id=30087"},"modified":"2024-07-05T10:49:44","modified_gmt":"2024-07-05T07:49:44","slug":"installations-och-underhallsanvisningar","status":"publish","type":"page","link":"https:\/\/retermia.fi\/sv\/installations-och-underhallsanvisningar","title":{"rendered":"Installations- och underh\u00e5llsanvisningar"},"content":{"rendered":"\t\t<div data-elementor-type=\"wp-page\" data-elementor-id=\"30087\" class=\"elementor elementor-30087 elementor-12513\" data-elementor-post-type=\"page\">\n\t\t\t\t\t\t<section class=\"elementor-section elementor-top-section elementor-element elementor-element-3ce7367c elementor-section-height-min-height elementor-section-boxed elementor-section-height-default elementor-section-items-middle\" data-id=\"3ce7367c\" data-element_type=\"section\" data-e-type=\"section\" data-settings=\"{&quot;background_background&quot;:&quot;classic&quot;,&quot;background_motion_fx_motion_fx_scrolling&quot;:&quot;yes&quot;,&quot;background_motion_fx_scale_effect&quot;:&quot;yes&quot;,&quot;jet_parallax_layout_list&quot;:[],&quot;background_motion_fx_scale_direction&quot;:&quot;out-in&quot;,&quot;background_motion_fx_scale_speed&quot;:{&quot;unit&quot;:&quot;px&quot;,&quot;size&quot;:4,&quot;sizes&quot;:[]},&quot;background_motion_fx_scale_range&quot;:{&quot;unit&quot;:&quot;%&quot;,&quot;size&quot;:&quot;&quot;,&quot;sizes&quot;:{&quot;start&quot;:20,&quot;end&quot;:80}},&quot;background_motion_fx_devices&quot;:[&quot;desktop&quot;,&quot;tablet&quot;,&quot;mobile&quot;]}\">\n\t\t\t\t\t\t<div class=\"elementor-container elementor-column-gap-default\">\n\t\t\t\t\t<div class=\"elementor-column elementor-col-100 elementor-top-column elementor-element elementor-element-45481310\" data-id=\"45481310\" data-element_type=\"column\" data-e-type=\"column\">\n\t\t\t<div class=\"elementor-widget-wrap elementor-element-populated\">\n\t\t\t\t\t\t<div class=\"elementor-element elementor-element-18506ba4 elementor-widget elementor-widget-heading\" data-id=\"18506ba4\" data-element_type=\"widget\" data-e-type=\"widget\" data-widget_type=\"heading.default\">\n\t\t\t\t<div class=\"elementor-widget-container\">\n\t\t\t\t\t<h1 class=\"elementor-heading-title elementor-size-default\">Materialbank<\/h1>\t\t\t\t<\/div>\n\t\t\t\t<\/div>\n\t\t\t\t\t<\/div>\n\t\t<\/div>\n\t\t\t\t\t<\/div>\n\t\t<\/section>\n\t\t\t\t<section class=\"elementor-section elementor-top-section elementor-element elementor-element-21cb5fb elementor-section-full_width elementor-section-height-default elementor-section-height-default\" data-id=\"21cb5fb\" data-element_type=\"section\" data-e-type=\"section\" data-settings=\"{&quot;jet_parallax_layout_list&quot;:[]}\">\n\t\t\t\t\t\t<div class=\"elementor-container elementor-column-gap-default\">\n\t\t\t\t\t<div class=\"elementor-column elementor-col-50 elementor-top-column elementor-element elementor-element-605fa6b\" data-id=\"605fa6b\" data-element_type=\"column\" data-e-type=\"column\">\n\t\t\t<div class=\"elementor-widget-wrap elementor-element-populated\">\n\t\t\t\t\t\t<div class=\"elementor-element elementor-element-1cc9add elementor-widget elementor-widget-spacer\" data-id=\"1cc9add\" data-element_type=\"widget\" data-e-type=\"widget\" data-widget_type=\"spacer.default\">\n\t\t\t\t<div class=\"elementor-widget-container\">\n\t\t\t\t\t\t\t<div class=\"elementor-spacer\">\n\t\t\t<div class=\"elementor-spacer-inner\"><\/div>\n\t\t<\/div>\n\t\t\t\t\t\t<\/div>\n\t\t\t\t<\/div>\n\t\t\t\t<div class=\"elementor-element elementor-element-1e23e5f elementor-widget-tablet__width-initial elementor-widget-mobile__width-initial elementor-widget elementor-widget-global elementor-global-12721 elementor-widget-jet-custom-menu\" data-id=\"1e23e5f\" data-element_type=\"widget\" data-e-type=\"widget\" data-widget_type=\"jet-custom-menu.default\">\n\t\t\t\t<div class=\"elementor-widget-container\">\n\t\t\t\t\t<div class=\"menu-material-menu-sv-container\"><div class=\"jet-custom-nav jet-custom-nav--dropdown-right-side jet-custom-nav--animation-fade\" data-trigger=\"hover\"><div class=\"menu-item menu-item-type-post_type menu-item-object-page jet-custom-nav__item jet-custom-nav__item-30045\"><a href=\"https:\/\/retermia.fi\/sv\/materialbank\" class=\"jet-custom-nav__item-link\"><div class=\"jet-menu-icon\"><?xml version=\"1.0\" encoding=\"UTF-8\" standalone=\"no\"?>\n<svg xmlns:dc=\"http:\/\/purl.org\/dc\/elements\/1.1\/\" xmlns:cc=\"http:\/\/creativecommons.org\/ns#\" xmlns:rdf=\"http:\/\/www.w3.org\/1999\/02\/22-rdf-syntax-ns#\" xmlns:svg=\"http:\/\/www.w3.org\/2000\/svg\" xmlns=\"http:\/\/www.w3.org\/2000\/svg\" xmlns:sodipodi=\"http:\/\/sodipodi.sourceforge.net\/DTD\/sodipodi-0.dtd\" xmlns:inkscape=\"http:\/\/www.inkscape.org\/namespaces\/inkscape\" viewBox=\"0 -256 1792 1792\" id=\"svg3013\" version=\"1.1\" inkscape:version=\"0.48.3.1 r9886\" width=\"100%\" height=\"100%\" sodipodi:docname=\"plus_font_awesome.svg\">\n  <metadata id=\"metadata3023\"><\/metadata>\n  <defs id=\"defs3021\"><\/defs>\n  <g transform=\"matrix(1,0,0,-1,205.01695,1368.9492)\" id=\"g3015\">\n    <path d=\"M 1408,800 V 608 q 0,-40 -28,-68 -28,-28 -68,-28 H 896 V 96 Q 896,56 868,28 840,0 800,0 H 608 Q 568,0 540,28 512,56 512,96 V 512 H 96 Q 56,512 28,540 0,568 0,608 v 192 q 0,40 28,68 28,28 68,28 h 416 v 416 q 0,40 28,68 28,28 68,28 h 192 q 40,0 68,-28 28,-28 28,-68 V 896 h 416 q 40,0 68,-28 28,-28 28,-68 z\" id=\"path3017\" inkscape:connector-curvature=\"0\" style=\"fill:currentColor\"><\/path>\n  <\/g>\n<\/svg>\n<\/div><span class=\"jet-menu-link-text\"><span class=\"jet-custom-item-label top-level-label\">Video<\/span><\/span><\/a><\/div>\n<div class=\"menu-item menu-item-type-post_type menu-item-object-page jet-custom-nav__item jet-custom-nav__item-30048\"><a href=\"https:\/\/retermia.fi\/sv\/retermia-nyheter-pdf\" class=\"jet-custom-nav__item-link\"><div class=\"jet-menu-icon\"><?xml version=\"1.0\" encoding=\"UTF-8\" standalone=\"no\"?>\n<svg xmlns:dc=\"http:\/\/purl.org\/dc\/elements\/1.1\/\" xmlns:cc=\"http:\/\/creativecommons.org\/ns#\" xmlns:rdf=\"http:\/\/www.w3.org\/1999\/02\/22-rdf-syntax-ns#\" xmlns:svg=\"http:\/\/www.w3.org\/2000\/svg\" xmlns=\"http:\/\/www.w3.org\/2000\/svg\" xmlns:sodipodi=\"http:\/\/sodipodi.sourceforge.net\/DTD\/sodipodi-0.dtd\" xmlns:inkscape=\"http:\/\/www.inkscape.org\/namespaces\/inkscape\" viewBox=\"0 -256 1792 1792\" id=\"svg3013\" version=\"1.1\" inkscape:version=\"0.48.3.1 r9886\" width=\"100%\" height=\"100%\" sodipodi:docname=\"plus_font_awesome.svg\">\n  <metadata id=\"metadata3023\"><\/metadata>\n  <defs id=\"defs3021\"><\/defs>\n  <g transform=\"matrix(1,0,0,-1,205.01695,1368.9492)\" id=\"g3015\">\n    <path d=\"M 1408,800 V 608 q 0,-40 -28,-68 -28,-28 -68,-28 H 896 V 96 Q 896,56 868,28 840,0 800,0 H 608 Q 568,0 540,28 512,56 512,96 V 512 H 96 Q 56,512 28,540 0,568 0,608 v 192 q 0,40 28,68 28,28 68,28 h 416 v 416 q 0,40 28,68 28,28 68,28 h 192 q 40,0 68,-28 28,-28 28,-68 V 896 h 416 q 40,0 68,-28 28,-28 28,-68 z\" id=\"path3017\" inkscape:connector-curvature=\"0\" style=\"fill:currentColor\"><\/path>\n  <\/g>\n<\/svg>\n<\/div><span class=\"jet-menu-link-text\"><span class=\"jet-custom-item-label top-level-label\">Retermia News (PDF)<\/span><\/span><\/a><\/div>\n<div class=\"menu-item menu-item-type-post_type menu-item-object-page jet-custom-nav__item jet-custom-nav__item-30100\"><a href=\"https:\/\/retermia.fi\/sv\/dokument-for-konsulten\" class=\"jet-custom-nav__item-link\"><div class=\"jet-menu-icon\"><?xml version=\"1.0\" encoding=\"UTF-8\" standalone=\"no\"?>\n<svg xmlns:dc=\"http:\/\/purl.org\/dc\/elements\/1.1\/\" xmlns:cc=\"http:\/\/creativecommons.org\/ns#\" xmlns:rdf=\"http:\/\/www.w3.org\/1999\/02\/22-rdf-syntax-ns#\" xmlns:svg=\"http:\/\/www.w3.org\/2000\/svg\" xmlns=\"http:\/\/www.w3.org\/2000\/svg\" xmlns:sodipodi=\"http:\/\/sodipodi.sourceforge.net\/DTD\/sodipodi-0.dtd\" xmlns:inkscape=\"http:\/\/www.inkscape.org\/namespaces\/inkscape\" viewBox=\"0 -256 1792 1792\" id=\"svg3013\" version=\"1.1\" inkscape:version=\"0.48.3.1 r9886\" width=\"100%\" height=\"100%\" sodipodi:docname=\"plus_font_awesome.svg\">\n  <metadata id=\"metadata3023\"><\/metadata>\n  <defs id=\"defs3021\"><\/defs>\n  <g transform=\"matrix(1,0,0,-1,205.01695,1368.9492)\" id=\"g3015\">\n    <path d=\"M 1408,800 V 608 q 0,-40 -28,-68 -28,-28 -68,-28 H 896 V 96 Q 896,56 868,28 840,0 800,0 H 608 Q 568,0 540,28 512,56 512,96 V 512 H 96 Q 56,512 28,540 0,568 0,608 v 192 q 0,40 28,68 28,28 68,28 h 416 v 416 q 0,40 28,68 28,28 68,28 h 192 q 40,0 68,-28 28,-28 28,-68 V 896 h 416 q 40,0 68,-28 28,-28 28,-68 z\" id=\"path3017\" inkscape:connector-curvature=\"0\" style=\"fill:currentColor\"><\/path>\n  <\/g>\n<\/svg>\n<\/div><span class=\"jet-menu-link-text\"><span class=\"jet-custom-item-label top-level-label\">Dokumenter f\u00f6r konsulten<\/span><\/span><\/a><\/div>\n<div class=\"menu-item menu-item-type-post_type menu-item-object-page jet-custom-nav__item jet-custom-nav__item-30095\"><a href=\"https:\/\/retermia.fi\/sv\/installations-och-underhallsanvisningar\" class=\"jet-custom-nav__item-link\"><div class=\"jet-menu-icon\"><?xml version=\"1.0\" encoding=\"UTF-8\" standalone=\"no\"?>\n<svg xmlns:dc=\"http:\/\/purl.org\/dc\/elements\/1.1\/\" xmlns:cc=\"http:\/\/creativecommons.org\/ns#\" xmlns:rdf=\"http:\/\/www.w3.org\/1999\/02\/22-rdf-syntax-ns#\" xmlns:svg=\"http:\/\/www.w3.org\/2000\/svg\" xmlns=\"http:\/\/www.w3.org\/2000\/svg\" xmlns:sodipodi=\"http:\/\/sodipodi.sourceforge.net\/DTD\/sodipodi-0.dtd\" xmlns:inkscape=\"http:\/\/www.inkscape.org\/namespaces\/inkscape\" viewBox=\"0 -256 1792 1792\" id=\"svg3013\" version=\"1.1\" inkscape:version=\"0.48.3.1 r9886\" width=\"100%\" height=\"100%\" sodipodi:docname=\"plus_font_awesome.svg\">\n  <metadata id=\"metadata3023\"><\/metadata>\n  <defs id=\"defs3021\"><\/defs>\n  <g transform=\"matrix(1,0,0,-1,205.01695,1368.9492)\" id=\"g3015\">\n    <path d=\"M 1408,800 V 608 q 0,-40 -28,-68 -28,-28 -68,-28 H 896 V 96 Q 896,56 868,28 840,0 800,0 H 608 Q 568,0 540,28 512,56 512,96 V 512 H 96 Q 56,512 28,540 0,568 0,608 v 192 q 0,40 28,68 28,28 68,28 h 416 v 416 q 0,40 28,68 28,28 68,28 h 192 q 40,0 68,-28 28,-28 28,-68 V 896 h 416 q 40,0 68,-28 28,-28 28,-68 z\" id=\"path3017\" inkscape:connector-curvature=\"0\" style=\"fill:currentColor\"><\/path>\n  <\/g>\n<\/svg>\n<\/div><span class=\"jet-menu-link-text\"><span class=\"jet-custom-item-label top-level-label\">Installations- och underh\u00e5llsanvisningar<\/span><\/span><\/a><\/div>\n<\/div><\/div>\t\t\t\t<\/div>\n\t\t\t\t<\/div>\n\t\t\t\t\t<\/div>\n\t\t<\/div>\n\t\t\t\t<div class=\"elementor-column elementor-col-50 elementor-top-column elementor-element elementor-element-827eb97\" data-id=\"827eb97\" data-element_type=\"column\" data-e-type=\"column\">\n\t\t\t<div class=\"elementor-widget-wrap elementor-element-populated\">\n\t\t\t\t\t\t<div class=\"elementor-element elementor-element-347756e elementor-widget elementor-widget-spacer\" data-id=\"347756e\" data-element_type=\"widget\" data-e-type=\"widget\" data-widget_type=\"spacer.default\">\n\t\t\t\t<div class=\"elementor-widget-container\">\n\t\t\t\t\t\t\t<div class=\"elementor-spacer\">\n\t\t\t<div class=\"elementor-spacer-inner\"><\/div>\n\t\t<\/div>\n\t\t\t\t\t\t<\/div>\n\t\t\t\t<\/div>\n\t\t\t\t<section class=\"elementor-section elementor-inner-section elementor-element elementor-element-da2ed58 elementor-section-full_width elementor-section-height-default elementor-section-height-default\" data-id=\"da2ed58\" data-element_type=\"section\" data-e-type=\"section\" data-settings=\"{&quot;jet_parallax_layout_list&quot;:[]}\">\n\t\t\t\t\t\t<div class=\"elementor-container elementor-column-gap-default\">\n\t\t\t\t\t<div class=\"elementor-column elementor-col-50 elementor-inner-column elementor-element elementor-element-00f31a4\" data-id=\"00f31a4\" data-element_type=\"column\" data-e-type=\"column\">\n\t\t\t<div class=\"elementor-widget-wrap elementor-element-populated\">\n\t\t\t\t\t\t<div class=\"elementor-element elementor-element-73a58b9 elementor-widget elementor-widget-video\" data-id=\"73a58b9\" data-element_type=\"widget\" data-e-type=\"widget\" data-settings=\"{&quot;video_type&quot;:&quot;hosted&quot;,&quot;start&quot;:4,&quot;mute&quot;:&quot;yes&quot;,&quot;controls&quot;:&quot;yes&quot;}\" data-widget_type=\"video.default\">\n\t\t\t\t<div class=\"elementor-widget-container\">\n\t\t\t\t\t\t\t<div class=\"e-hosted-video elementor-wrapper elementor-open-inline\">\n\t\t\t\t\t<video class=\"elementor-video\" src=\"https:\/\/retermia-fi.b-cdn.net\/ruotsi\/01%20RETERMIA%20Tulopuolen%20neulal%C3%A4mm%C3%B6nsiirtimen%20huolto%2002_2024%20SWE%20v3.mp4#t=4\" controls=\"\" preload=\"metadata\" muted=\"muted\" controlsList=\"nodownload\"><\/video>\n\t\t\t\t<\/div>\n\t\t\t\t\t\t<\/div>\n\t\t\t\t<\/div>\n\t\t\t\t<div class=\"elementor-element elementor-element-a791fb4 elementor-widget elementor-widget-text-editor\" data-id=\"a791fb4\" data-element_type=\"widget\" data-e-type=\"widget\" data-widget_type=\"text-editor.default\">\n\t\t\t\t<div class=\"elementor-widget-container\">\n\t\t\t\t\t\t\t\t\t<p style=\"text-align: center;\"><strong>Underh\u00e5ll av Retermia Standard n\u00e5lv\u00e4rmev\u00e4xlare<\/strong><\/p>\t\t\t\t\t\t\t\t<\/div>\n\t\t\t\t<\/div>\n\t\t\t\t\t<\/div>\n\t\t<\/div>\n\t\t\t\t<div class=\"elementor-column elementor-col-50 elementor-inner-column elementor-element elementor-element-0657148\" data-id=\"0657148\" data-element_type=\"column\" data-e-type=\"column\">\n\t\t\t<div class=\"elementor-widget-wrap elementor-element-populated\">\n\t\t\t\t\t\t<div class=\"elementor-element elementor-element-5c4f5c1 elementor-widget elementor-widget-video\" data-id=\"5c4f5c1\" data-element_type=\"widget\" data-e-type=\"widget\" data-settings=\"{&quot;video_type&quot;:&quot;hosted&quot;,&quot;start&quot;:4,&quot;mute&quot;:&quot;yes&quot;,&quot;controls&quot;:&quot;yes&quot;}\" data-widget_type=\"video.default\">\n\t\t\t\t<div class=\"elementor-widget-container\">\n\t\t\t\t\t\t\t<div class=\"e-hosted-video elementor-wrapper elementor-open-inline\">\n\t\t\t\t\t<video class=\"elementor-video\" src=\"https:\/\/retermia-fi.b-cdn.net\/ruotsi\/02%20RETERMIA%20LTO%20huippuimurin%20huolto%2002_2024%20SWE%20v3.mp4#t=4\" controls=\"\" preload=\"metadata\" muted=\"muted\" controlsList=\"nodownload\"><\/video>\n\t\t\t\t<\/div>\n\t\t\t\t\t\t<\/div>\n\t\t\t\t<\/div>\n\t\t\t\t<div class=\"elementor-element elementor-element-93fa563 elementor-widget elementor-widget-text-editor\" data-id=\"93fa563\" data-element_type=\"widget\" data-e-type=\"widget\" data-widget_type=\"text-editor.default\">\n\t\t\t\t<div class=\"elementor-widget-container\">\n\t\t\t\t\t\t\t\t\t<p style=\"text-align: center;\"><strong>Underh\u00e5ll av V\u00c5V-fl\u00e4kt<\/strong><\/p>\t\t\t\t\t\t\t\t<\/div>\n\t\t\t\t<\/div>\n\t\t\t\t\t<\/div>\n\t\t<\/div>\n\t\t\t\t\t<\/div>\n\t\t<\/section>\n\t\t\t\t<div class=\"elementor-element elementor-element-9395f9e elementor-widget elementor-widget-global elementor-global-26384 elementor-widget-html\" data-id=\"9395f9e\" data-element_type=\"widget\" data-e-type=\"widget\" data-widget_type=\"html.default\">\n\t\t\t\t<div class=\"elementor-widget-container\">\n\t\t\t\t\t<script>\n    jQuery(function(){\n        DEARPDF.defaults.text.downloadPDFFile = \"Lataa PDF-tiedosto\";\n    });\n<\/script>\n<script>\n    jQuery(function(){\n        DEARPDF.defaults.text.gotoFirstPage = \"Siirry alkuun\";\n    });\n<\/script>\n<script>\n    jQuery(function(){\n        DEARPDF.defaults.text.gotoLastPage = \"Siirry loppuun\";\n    });\n<\/script>\n<script>\n    jQuery(function(){\n        DEARPDF.defaults.text.toggleSound = \"\u00c4\u00e4ni p\u00e4\u00e4lle\/pois\";\n    });\n<\/script>\n<script>\n    jQuery(function(){\n        DEARPDF.defaults.text.toggleOutline = \"Sis\u00e4llysluettelo p\u00e4\u00e4lle\/pois\";\n    });\n<\/script>\n<script>\n    jQuery(function(){\n        DEARPDF.defaults.text.toggleThumbnails = \"Pienoiskuvat p\u00e4\u00e4lle\/pois\";\n    });\n<\/script>\n<script>\n    jQuery(function(){\n        DEARPDF.defaults.text.zoomIn = \"L\u00e4henn\u00e4\";\n    });\n<\/script>\n<script>\n    jQuery(function(){\n        DEARPDF.defaults.text.zoomOut = \"Loitonna\";\n    });\n<\/script>\n<script>\n    jQuery(function(){\n        DEARPDF.defaults.text.toggleFullscreen = \"Avaa kokoikkunaan\";\n    });\n<\/script>\n<script>\n    jQuery(function(){\n        DEARPDF.defaults.text.share = \"Jakaminen\";\n    });\n<\/script>\t\t\t\t<\/div>\n\t\t\t\t<\/div>\n\t\t\t\t<section class=\"elementor-section elementor-inner-section elementor-element elementor-element-ff5154b elementor-section-full_width elementor-section-height-default elementor-section-height-default\" data-id=\"ff5154b\" data-element_type=\"section\" data-e-type=\"section\" data-settings=\"{&quot;jet_parallax_layout_list&quot;:[]}\">\n\t\t\t\t\t\t<div class=\"elementor-container elementor-column-gap-default\">\n\t\t\t\t\t<div class=\"elementor-column elementor-col-50 elementor-inner-column elementor-element elementor-element-16b7bcd\" data-id=\"16b7bcd\" data-element_type=\"column\" data-e-type=\"column\">\n\t\t\t<div class=\"elementor-widget-wrap elementor-element-populated\">\n\t\t\t\t\t\t<div class=\"elementor-element elementor-element-63d9853 elementor-widget elementor-widget-heading\" data-id=\"63d9853\" data-element_type=\"widget\" data-e-type=\"widget\" data-widget_type=\"heading.default\">\n\t\t\t\t<div class=\"elementor-widget-container\">\n\t\t\t\t\t<h2 class=\"elementor-heading-title elementor-size-default\">Installationshandbok<\/h2>\t\t\t\t<\/div>\n\t\t\t\t<\/div>\n\t\t\t\t<div class=\"elementor-element elementor-element-9472518 elementor-widget elementor-widget-shortcode\" data-id=\"9472518\" data-element_type=\"widget\" data-e-type=\"widget\" data-widget_type=\"shortcode.default\">\n\t\t\t\t<div class=\"elementor-widget-container\">\n\t\t\t\t\t\t\t<div class=\"elementor-shortcode\"><div class=\"df-element df-lite\"  data-slug=\"installationsinstruktion_07_2024-2\" data-_slug=\"installationsinstruktion_07_2024-2\" data-title=\"installationsinstruktion_07_2024\" id=\"df_33058\" data-option=\"df_option_33058\" ><\/div><script class=\"df-shortcode-script\" type=\"application\/javascript\">window.df_option_33058 = {\"source\":\"https:\\\/\\\/retermia.fi\\\/wp-content\\\/uploads\\\/Installationsinstruktion_07_24.pdf\",\"viewerType\":\"flipbook\",\"is3D\":true,\"height\":\"500\",\"enableSound\":false,\"slug\":\"installationsinstruktion_07_2024-2\",\"id\":33058}; if(window.DEARPDF && window.DEARPDF.parseElements){window.DEARPDF.parseElements();}<\/script><\/div>\n\t\t\t\t\t\t<\/div>\n\t\t\t\t<\/div>\n\t\t\t\t\t<\/div>\n\t\t<\/div>\n\t\t\t\t<div class=\"elementor-column elementor-col-50 elementor-inner-column elementor-element elementor-element-4cab8d7\" data-id=\"4cab8d7\" data-element_type=\"column\" data-e-type=\"column\">\n\t\t\t<div class=\"elementor-widget-wrap elementor-element-populated\">\n\t\t\t\t\t\t<div class=\"elementor-element elementor-element-83a600b elementor-widget elementor-widget-heading\" data-id=\"83a600b\" data-element_type=\"widget\" data-e-type=\"widget\" data-widget_type=\"heading.default\">\n\t\t\t\t<div class=\"elementor-widget-container\">\n\t\t\t\t\t<h2 class=\"elementor-heading-title elementor-size-default\">Servicehandbok<\/h2>\t\t\t\t<\/div>\n\t\t\t\t<\/div>\n\t\t\t\t<div class=\"elementor-element elementor-element-2e92e1c elementor-widget elementor-widget-shortcode\" data-id=\"2e92e1c\" data-element_type=\"widget\" data-e-type=\"widget\" data-widget_type=\"shortcode.default\">\n\t\t\t\t<div class=\"elementor-widget-container\">\n\t\t\t\t\t\t\t<div class=\"elementor-shortcode\"><div class=\"df-element df-lite\"  data-slug=\"serviceinstruktion_06_2024\" data-_slug=\"serviceinstruktion_06_2024\" data-title=\"serviceinstruktion_06_2024\" id=\"df_33022\" data-option=\"df_option_33022\" ><\/div><script class=\"df-shortcode-script\" type=\"application\/javascript\">window.df_option_33022 = {\"source\":\"https:\\\/\\\/retermia.fi\\\/wp-content\\\/uploads\\\/Serviceinstruktion_06_2024.pdf\",\"viewerType\":\"flipbook\",\"is3D\":true,\"height\":\"500\",\"enableSound\":false,\"slug\":\"serviceinstruktion_06_2024\",\"id\":33022}; if(window.DEARPDF && window.DEARPDF.parseElements){window.DEARPDF.parseElements();}<\/script><\/div>\n\t\t\t\t\t\t<\/div>\n\t\t\t\t<\/div>\n\t\t\t\t\t<\/div>\n\t\t<\/div>\n\t\t\t\t\t<\/div>\n\t\t<\/section>\n\t\t\t\t<section class=\"elementor-section elementor-inner-section elementor-element elementor-element-f6f55a2 elementor-section-full_width elementor-section-height-default elementor-section-height-default\" data-id=\"f6f55a2\" data-element_type=\"section\" data-e-type=\"section\" data-settings=\"{&quot;jet_parallax_layout_list&quot;:[]}\">\n\t\t\t\t\t\t<div class=\"elementor-container elementor-column-gap-default\">\n\t\t\t\t\t<div class=\"elementor-column elementor-col-50 elementor-inner-column elementor-element elementor-element-c84e456\" data-id=\"c84e456\" data-element_type=\"column\" data-e-type=\"column\">\n\t\t\t<div class=\"elementor-widget-wrap elementor-element-populated\">\n\t\t\t\t\t\t<div class=\"elementor-element elementor-element-ea5107a elementor-widget elementor-widget-heading\" data-id=\"ea5107a\" data-element_type=\"widget\" data-e-type=\"widget\" data-widget_type=\"heading.default\">\n\t\t\t\t<div class=\"elementor-widget-container\">\n\t\t\t\t\t<h2 class=\"elementor-heading-title elementor-size-default\">Retermia<br>servicestege<\/h2>\t\t\t\t<\/div>\n\t\t\t\t<\/div>\n\t\t\t\t<div class=\"elementor-element elementor-element-862e0d4 elementor-widget elementor-widget-shortcode\" data-id=\"862e0d4\" data-element_type=\"widget\" data-e-type=\"widget\" data-widget_type=\"shortcode.default\">\n\t\t\t\t<div class=\"elementor-widget-container\">\n\t\t\t\t\t\t\t<div class=\"elementor-shortcode\"><div class=\"df-element df-lite\"  data-slug=\"servicestege_2024\" data-_slug=\"servicestege_2024\" data-title=\"servicestege_2024\" id=\"df_31399\" data-option=\"df_option_31399\" ><\/div><script class=\"df-shortcode-script\" type=\"application\/javascript\">window.df_option_31399 = {\"source\":\"https:\\\/\\\/retermia.fi\\\/wp-content\\\/uploads\\\/Servicestege_2024.pdf\",\"viewerType\":\"flipbook\",\"is3D\":true,\"height\":\"500\",\"enableSound\":false,\"slug\":\"servicestege_2024\",\"id\":31399}; if(window.DEARPDF && window.DEARPDF.parseElements){window.DEARPDF.parseElements();}<\/script><\/div>\n\t\t\t\t\t\t<\/div>\n\t\t\t\t<\/div>\n\t\t\t\t<div class=\"elementor-element elementor-element-7b23e59 elementor-widget elementor-widget-text-editor\" data-id=\"7b23e59\" data-element_type=\"widget\" data-e-type=\"widget\" data-widget_type=\"text-editor.default\">\n\t\t\t\t<div class=\"elementor-widget-container\">\n\t\t\t\t\t\t\t\t\t<p><strong>Ing\u00e5r i leveranser av utrustning d\u00e4r servicestege \u00e4r n\u00f6dv\u00e4ndig.<\/strong><\/p>\t\t\t\t\t\t\t\t<\/div>\n\t\t\t\t<\/div>\n\t\t\t\t\t<\/div>\n\t\t<\/div>\n\t\t\t\t<div class=\"elementor-column elementor-col-50 elementor-inner-column elementor-element elementor-element-add61b8\" data-id=\"add61b8\" data-element_type=\"column\" data-e-type=\"column\">\n\t\t\t<div class=\"elementor-widget-wrap elementor-element-populated\">\n\t\t\t\t\t\t<div class=\"elementor-element elementor-element-72e47eb elementor-widget elementor-widget-heading\" data-id=\"72e47eb\" data-element_type=\"widget\" data-e-type=\"widget\" data-widget_type=\"heading.default\">\n\t\t\t\t<div class=\"elementor-widget-container\">\n\t\t\t\t\t<h2 class=\"elementor-heading-title elementor-size-default\">Serviceplattform<br>monteringsanvisningar<\/h2>\t\t\t\t<\/div>\n\t\t\t\t<\/div>\n\t\t\t\t<div class=\"elementor-element elementor-element-9de2728 elementor-widget elementor-widget-shortcode\" data-id=\"9de2728\" data-element_type=\"widget\" data-e-type=\"widget\" data-widget_type=\"shortcode.default\">\n\t\t\t\t<div class=\"elementor-widget-container\">\n\t\t\t\t\t\t\t<div class=\"elementor-shortcode\"><div class=\"df-element df-lite\"  data-slug=\"kommer-snart\" data-_slug=\"kommer-snart\" data-title=\"kommer-snart\" id=\"df_32763\" data-option=\"df_option_32763\" ><\/div><script class=\"df-shortcode-script\" type=\"application\/javascript\">window.df_option_32763 = {\"source\":\"https:\\\/\\\/retermia.fi\\\/wp-content\\\/uploads\\\/KOMMER-SNART.pdf\",\"viewerType\":\"flipbook\",\"is3D\":true,\"height\":\"500\",\"enableSound\":false,\"slug\":\"kommer-snart\",\"id\":32763}; if(window.DEARPDF && window.DEARPDF.parseElements){window.DEARPDF.parseElements();}<\/script><\/div>\n\t\t\t\t\t\t<\/div>\n\t\t\t\t<\/div>\n\t\t\t\t<div class=\"elementor-element elementor-element-745a54e elementor-widget elementor-widget-text-editor\" data-id=\"745a54e\" data-element_type=\"widget\" data-e-type=\"widget\" data-widget_type=\"text-editor.default\">\n\t\t\t\t<div class=\"elementor-widget-container\">\n\t\t\t\t\t\t\t\t\t<p><strong>Ing\u00e5r inte i standardleveransen utan m\u00e5ste best\u00e4llas separat.<\/strong><\/p>\t\t\t\t\t\t\t\t<\/div>\n\t\t\t\t<\/div>\n\t\t\t\t\t<\/div>\n\t\t<\/div>\n\t\t\t\t\t<\/div>\n\t\t<\/section>\n\t\t\t\t\t<\/div>\n\t\t<\/div>\n\t\t\t\t\t<\/div>\n\t\t<\/section>\n\t\t\t\t<\/div>\n\t\t","protected":false},"excerpt":{"rendered":"<p>I Retermia materialbank hittar du Retermia-videor, konstruktionsdokument, Retermia News 2014-2020 och andra publikationer ut\u00f6ver installations- och underh\u00e5llshandboken.<\/p>\n","protected":false},"author":13,"featured_media":27849,"parent":0,"menu_order":0,"comment_status":"closed","ping_status":"closed","template":"","meta":{"inline_featured_image":false,"footnotes":""},"hakunakyvyys":[],"yhteinen-luokittelutieto":[],"sivujen-luokittelutieto":[],"class_list":["post-30087","page","type-page","status-publish","has-post-thumbnail","hentry"],"_links":{"self":[{"href":"https:\/\/retermia.fi\/sv\/wp-json\/wp\/v2\/pages\/30087","targetHints":{"allow":["GET"]}}],"collection":[{"href":"https:\/\/retermia.fi\/sv\/wp-json\/wp\/v2\/pages"}],"about":[{"href":"https:\/\/retermia.fi\/sv\/wp-json\/wp\/v2\/types\/page"}],"author":[{"embeddable":true,"href":"https:\/\/retermia.fi\/sv\/wp-json\/wp\/v2\/users\/13"}],"replies":[{"embeddable":true,"href":"https:\/\/retermia.fi\/sv\/wp-json\/wp\/v2\/comments?post=30087"}],"version-history":[{"count":10,"href":"https:\/\/retermia.fi\/sv\/wp-json\/wp\/v2\/pages\/30087\/revisions"}],"predecessor-version":[{"id":33061,"href":"https:\/\/retermia.fi\/sv\/wp-json\/wp\/v2\/pages\/30087\/revisions\/33061"}],"wp:featuredmedia":[{"embeddable":true,"href":"https:\/\/retermia.fi\/sv\/wp-json\/wp\/v2\/media\/27849"}],"wp:attachment":[{"href":"https:\/\/retermia.fi\/sv\/wp-json\/wp\/v2\/media?parent=30087"}],"wp:term":[{"taxonomy":"hakunakyvyys","embeddable":true,"href":"https:\/\/retermia.fi\/sv\/wp-json\/wp\/v2\/hakunakyvyys?post=30087"},{"taxonomy":"yhteinen-luokittelutieto","embeddable":true,"href":"https:\/\/retermia.fi\/sv\/wp-json\/wp\/v2\/yhteinen-luokittelutieto?post=30087"},{"taxonomy":"sivujen-luokittelutieto","embeddable":true,"href":"https:\/\/retermia.fi\/sv\/wp-json\/wp\/v2\/sivujen-luokittelutieto?post=30087"}],"curies":[{"name":"wp","href":"https:\/\/api.w.org\/{rel}","templated":true}]}}