{"id":30037,"date":"2023-05-16T08:36:42","date_gmt":"2023-05-16T05:36:42","guid":{"rendered":"https:\/\/retermia.fi\/?page_id=30037"},"modified":"2024-04-26T11:04:15","modified_gmt":"2024-04-26T08:04:15","slug":"materialbank","status":"publish","type":"page","link":"https:\/\/retermia.fi\/sv\/materialbank","title":{"rendered":"Materialbank"},"content":{"rendered":"\t\t<div data-elementor-type=\"wp-page\" data-elementor-id=\"30037\" class=\"elementor elementor-30037 elementor-12393\" data-elementor-post-type=\"page\">\n\t\t\t\t\t\t<section class=\"elementor-section elementor-top-section elementor-element elementor-element-3ce7367c elementor-section-height-min-height elementor-section-boxed elementor-section-height-default elementor-section-items-middle\" data-id=\"3ce7367c\" data-element_type=\"section\" data-e-type=\"section\" data-settings=\"{&quot;background_background&quot;:&quot;classic&quot;,&quot;background_motion_fx_motion_fx_scrolling&quot;:&quot;yes&quot;,&quot;background_motion_fx_scale_effect&quot;:&quot;yes&quot;,&quot;jet_parallax_layout_list&quot;:[],&quot;background_motion_fx_scale_direction&quot;:&quot;out-in&quot;,&quot;background_motion_fx_scale_speed&quot;:{&quot;unit&quot;:&quot;px&quot;,&quot;size&quot;:4,&quot;sizes&quot;:[]},&quot;background_motion_fx_scale_range&quot;:{&quot;unit&quot;:&quot;%&quot;,&quot;size&quot;:&quot;&quot;,&quot;sizes&quot;:{&quot;start&quot;:20,&quot;end&quot;:80}},&quot;background_motion_fx_devices&quot;:[&quot;desktop&quot;,&quot;tablet&quot;,&quot;mobile&quot;]}\">\n\t\t\t\t\t\t<div class=\"elementor-container elementor-column-gap-default\">\n\t\t\t\t\t<div class=\"elementor-column elementor-col-100 elementor-top-column elementor-element elementor-element-45481310\" data-id=\"45481310\" data-element_type=\"column\" data-e-type=\"column\">\n\t\t\t<div class=\"elementor-widget-wrap elementor-element-populated\">\n\t\t\t\t\t\t<div class=\"elementor-element elementor-element-18506ba4 elementor-widget elementor-widget-heading\" data-id=\"18506ba4\" data-element_type=\"widget\" data-e-type=\"widget\" data-widget_type=\"heading.default\">\n\t\t\t\t<div class=\"elementor-widget-container\">\n\t\t\t\t\t<h1 class=\"elementor-heading-title elementor-size-default\">Materialbank<\/h1>\t\t\t\t<\/div>\n\t\t\t\t<\/div>\n\t\t\t\t\t<\/div>\n\t\t<\/div>\n\t\t\t\t\t<\/div>\n\t\t<\/section>\n\t\t\t\t<section class=\"elementor-section elementor-top-section elementor-element elementor-element-21cb5fb elementor-section-full_width elementor-section-height-default elementor-section-height-default\" data-id=\"21cb5fb\" data-element_type=\"section\" data-e-type=\"section\" data-settings=\"{&quot;jet_parallax_layout_list&quot;:[]}\">\n\t\t\t\t\t\t<div class=\"elementor-container elementor-column-gap-default\">\n\t\t\t\t\t<div class=\"elementor-column elementor-col-50 elementor-top-column elementor-element elementor-element-605fa6b\" data-id=\"605fa6b\" data-element_type=\"column\" data-e-type=\"column\">\n\t\t\t<div class=\"elementor-widget-wrap elementor-element-populated\">\n\t\t\t\t\t\t<div class=\"elementor-element elementor-element-1cc9add elementor-widget elementor-widget-spacer\" data-id=\"1cc9add\" data-element_type=\"widget\" data-e-type=\"widget\" data-widget_type=\"spacer.default\">\n\t\t\t\t<div class=\"elementor-widget-container\">\n\t\t\t\t\t\t\t<div class=\"elementor-spacer\">\n\t\t\t<div class=\"elementor-spacer-inner\"><\/div>\n\t\t<\/div>\n\t\t\t\t\t\t<\/div>\n\t\t\t\t<\/div>\n\t\t\t\t<div class=\"elementor-element elementor-element-633cf5e elementor-widget-tablet__width-initial elementor-widget-mobile__width-initial elementor-widget elementor-widget-jet-custom-menu\" data-id=\"633cf5e\" data-element_type=\"widget\" data-e-type=\"widget\" data-widget_type=\"jet-custom-menu.default\">\n\t\t\t\t<div class=\"elementor-widget-container\">\n\t\t\t\t\t<div class=\"menu-material-menu-sv-container\"><div class=\"jet-custom-nav jet-custom-nav--dropdown-right-side jet-custom-nav--animation-fade\" data-trigger=\"hover\"><div class=\"menu-item menu-item-type-post_type menu-item-object-page jet-custom-nav__item jet-custom-nav__item-30045\"><a href=\"https:\/\/retermia.fi\/sv\/materialbank\" class=\"jet-custom-nav__item-link\"><div class=\"jet-menu-icon\"><?xml version=\"1.0\" encoding=\"UTF-8\" standalone=\"no\"?>\n<svg xmlns:dc=\"http:\/\/purl.org\/dc\/elements\/1.1\/\" xmlns:cc=\"http:\/\/creativecommons.org\/ns#\" xmlns:rdf=\"http:\/\/www.w3.org\/1999\/02\/22-rdf-syntax-ns#\" xmlns:svg=\"http:\/\/www.w3.org\/2000\/svg\" xmlns=\"http:\/\/www.w3.org\/2000\/svg\" xmlns:sodipodi=\"http:\/\/sodipodi.sourceforge.net\/DTD\/sodipodi-0.dtd\" xmlns:inkscape=\"http:\/\/www.inkscape.org\/namespaces\/inkscape\" viewBox=\"0 -256 1792 1792\" id=\"svg3013\" version=\"1.1\" inkscape:version=\"0.48.3.1 r9886\" width=\"100%\" height=\"100%\" sodipodi:docname=\"plus_font_awesome.svg\">\n  <metadata id=\"metadata3023\"><\/metadata>\n  <defs id=\"defs3021\"><\/defs>\n  <g transform=\"matrix(1,0,0,-1,205.01695,1368.9492)\" id=\"g3015\">\n    <path d=\"M 1408,800 V 608 q 0,-40 -28,-68 -28,-28 -68,-28 H 896 V 96 Q 896,56 868,28 840,0 800,0 H 608 Q 568,0 540,28 512,56 512,96 V 512 H 96 Q 56,512 28,540 0,568 0,608 v 192 q 0,40 28,68 28,28 68,28 h 416 v 416 q 0,40 28,68 28,28 68,28 h 192 q 40,0 68,-28 28,-28 28,-68 V 896 h 416 q 40,0 68,-28 28,-28 28,-68 z\" id=\"path3017\" inkscape:connector-curvature=\"0\" style=\"fill:currentColor\"><\/path>\n  <\/g>\n<\/svg>\n<\/div><span class=\"jet-menu-link-text\"><span class=\"jet-custom-item-label top-level-label\">Video<\/span><\/span><\/a><\/div>\n<div class=\"menu-item menu-item-type-post_type menu-item-object-page jet-custom-nav__item jet-custom-nav__item-30048\"><a href=\"https:\/\/retermia.fi\/sv\/retermia-nyheter-pdf\" class=\"jet-custom-nav__item-link\"><div class=\"jet-menu-icon\"><?xml version=\"1.0\" encoding=\"UTF-8\" standalone=\"no\"?>\n<svg xmlns:dc=\"http:\/\/purl.org\/dc\/elements\/1.1\/\" xmlns:cc=\"http:\/\/creativecommons.org\/ns#\" xmlns:rdf=\"http:\/\/www.w3.org\/1999\/02\/22-rdf-syntax-ns#\" xmlns:svg=\"http:\/\/www.w3.org\/2000\/svg\" xmlns=\"http:\/\/www.w3.org\/2000\/svg\" xmlns:sodipodi=\"http:\/\/sodipodi.sourceforge.net\/DTD\/sodipodi-0.dtd\" xmlns:inkscape=\"http:\/\/www.inkscape.org\/namespaces\/inkscape\" viewBox=\"0 -256 1792 1792\" id=\"svg3013\" version=\"1.1\" inkscape:version=\"0.48.3.1 r9886\" width=\"100%\" height=\"100%\" sodipodi:docname=\"plus_font_awesome.svg\">\n  <metadata id=\"metadata3023\"><\/metadata>\n  <defs id=\"defs3021\"><\/defs>\n  <g transform=\"matrix(1,0,0,-1,205.01695,1368.9492)\" id=\"g3015\">\n    <path d=\"M 1408,800 V 608 q 0,-40 -28,-68 -28,-28 -68,-28 H 896 V 96 Q 896,56 868,28 840,0 800,0 H 608 Q 568,0 540,28 512,56 512,96 V 512 H 96 Q 56,512 28,540 0,568 0,608 v 192 q 0,40 28,68 28,28 68,28 h 416 v 416 q 0,40 28,68 28,28 68,28 h 192 q 40,0 68,-28 28,-28 28,-68 V 896 h 416 q 40,0 68,-28 28,-28 28,-68 z\" id=\"path3017\" inkscape:connector-curvature=\"0\" style=\"fill:currentColor\"><\/path>\n  <\/g>\n<\/svg>\n<\/div><span class=\"jet-menu-link-text\"><span class=\"jet-custom-item-label top-level-label\">Retermia News (PDF)<\/span><\/span><\/a><\/div>\n<div class=\"menu-item menu-item-type-post_type menu-item-object-page jet-custom-nav__item jet-custom-nav__item-30100\"><a href=\"https:\/\/retermia.fi\/sv\/dokument-for-konsulten\" class=\"jet-custom-nav__item-link\"><div class=\"jet-menu-icon\"><?xml version=\"1.0\" encoding=\"UTF-8\" standalone=\"no\"?>\n<svg xmlns:dc=\"http:\/\/purl.org\/dc\/elements\/1.1\/\" xmlns:cc=\"http:\/\/creativecommons.org\/ns#\" xmlns:rdf=\"http:\/\/www.w3.org\/1999\/02\/22-rdf-syntax-ns#\" xmlns:svg=\"http:\/\/www.w3.org\/2000\/svg\" xmlns=\"http:\/\/www.w3.org\/2000\/svg\" xmlns:sodipodi=\"http:\/\/sodipodi.sourceforge.net\/DTD\/sodipodi-0.dtd\" xmlns:inkscape=\"http:\/\/www.inkscape.org\/namespaces\/inkscape\" viewBox=\"0 -256 1792 1792\" id=\"svg3013\" version=\"1.1\" inkscape:version=\"0.48.3.1 r9886\" width=\"100%\" height=\"100%\" sodipodi:docname=\"plus_font_awesome.svg\">\n  <metadata id=\"metadata3023\"><\/metadata>\n  <defs id=\"defs3021\"><\/defs>\n  <g transform=\"matrix(1,0,0,-1,205.01695,1368.9492)\" id=\"g3015\">\n    <path d=\"M 1408,800 V 608 q 0,-40 -28,-68 -28,-28 -68,-28 H 896 V 96 Q 896,56 868,28 840,0 800,0 H 608 Q 568,0 540,28 512,56 512,96 V 512 H 96 Q 56,512 28,540 0,568 0,608 v 192 q 0,40 28,68 28,28 68,28 h 416 v 416 q 0,40 28,68 28,28 68,28 h 192 q 40,0 68,-28 28,-28 28,-68 V 896 h 416 q 40,0 68,-28 28,-28 28,-68 z\" id=\"path3017\" inkscape:connector-curvature=\"0\" style=\"fill:currentColor\"><\/path>\n  <\/g>\n<\/svg>\n<\/div><span class=\"jet-menu-link-text\"><span class=\"jet-custom-item-label top-level-label\">Dokumenter f\u00f6r konsulten<\/span><\/span><\/a><\/div>\n<div class=\"menu-item menu-item-type-post_type menu-item-object-page jet-custom-nav__item jet-custom-nav__item-30095\"><a href=\"https:\/\/retermia.fi\/sv\/installations-och-underhallsanvisningar\" class=\"jet-custom-nav__item-link\"><div class=\"jet-menu-icon\"><?xml version=\"1.0\" encoding=\"UTF-8\" standalone=\"no\"?>\n<svg xmlns:dc=\"http:\/\/purl.org\/dc\/elements\/1.1\/\" xmlns:cc=\"http:\/\/creativecommons.org\/ns#\" xmlns:rdf=\"http:\/\/www.w3.org\/1999\/02\/22-rdf-syntax-ns#\" xmlns:svg=\"http:\/\/www.w3.org\/2000\/svg\" xmlns=\"http:\/\/www.w3.org\/2000\/svg\" xmlns:sodipodi=\"http:\/\/sodipodi.sourceforge.net\/DTD\/sodipodi-0.dtd\" xmlns:inkscape=\"http:\/\/www.inkscape.org\/namespaces\/inkscape\" viewBox=\"0 -256 1792 1792\" id=\"svg3013\" version=\"1.1\" inkscape:version=\"0.48.3.1 r9886\" width=\"100%\" height=\"100%\" sodipodi:docname=\"plus_font_awesome.svg\">\n  <metadata id=\"metadata3023\"><\/metadata>\n  <defs id=\"defs3021\"><\/defs>\n  <g transform=\"matrix(1,0,0,-1,205.01695,1368.9492)\" id=\"g3015\">\n    <path d=\"M 1408,800 V 608 q 0,-40 -28,-68 -28,-28 -68,-28 H 896 V 96 Q 896,56 868,28 840,0 800,0 H 608 Q 568,0 540,28 512,56 512,96 V 512 H 96 Q 56,512 28,540 0,568 0,608 v 192 q 0,40 28,68 28,28 68,28 h 416 v 416 q 0,40 28,68 28,28 68,28 h 192 q 40,0 68,-28 28,-28 28,-68 V 896 h 416 q 40,0 68,-28 28,-28 28,-68 z\" id=\"path3017\" inkscape:connector-curvature=\"0\" style=\"fill:currentColor\"><\/path>\n  <\/g>\n<\/svg>\n<\/div><span class=\"jet-menu-link-text\"><span class=\"jet-custom-item-label top-level-label\">Installations- och underh\u00e5llsanvisningar<\/span><\/span><\/a><\/div>\n<\/div><\/div>\t\t\t\t<\/div>\n\t\t\t\t<\/div>\n\t\t\t\t\t<\/div>\n\t\t<\/div>\n\t\t\t\t<div class=\"elementor-column elementor-col-50 elementor-top-column elementor-element elementor-element-827eb97\" data-id=\"827eb97\" data-element_type=\"column\" data-e-type=\"column\">\n\t\t\t<div class=\"elementor-widget-wrap elementor-element-populated\">\n\t\t\t\t\t\t<section class=\"elementor-section elementor-inner-section elementor-element elementor-element-da2ed58 elementor-section-full_width elementor-section-height-default elementor-section-height-default\" data-id=\"da2ed58\" data-element_type=\"section\" data-e-type=\"section\" data-settings=\"{&quot;jet_parallax_layout_list&quot;:[]}\">\n\t\t\t\t\t\t<div class=\"elementor-container elementor-column-gap-default\">\n\t\t\t\t\t<div class=\"elementor-column elementor-col-33 elementor-inner-column elementor-element elementor-element-00f31a4\" data-id=\"00f31a4\" data-element_type=\"column\" data-e-type=\"column\">\n\t\t\t<div class=\"elementor-widget-wrap elementor-element-populated\">\n\t\t\t\t\t\t<div class=\"elementor-element elementor-element-664830e elementor-widget elementor-widget-video\" data-id=\"664830e\" data-element_type=\"widget\" data-e-type=\"widget\" data-settings=\"{&quot;start&quot;:5,&quot;video_type&quot;:&quot;hosted&quot;,&quot;mute&quot;:&quot;yes&quot;,&quot;controls&quot;:&quot;yes&quot;}\" data-widget_type=\"video.default\">\n\t\t\t\t<div class=\"elementor-widget-container\">\n\t\t\t\t\t\t\t<div class=\"e-hosted-video elementor-wrapper elementor-open-inline\">\n\t\t\t\t\t<video class=\"elementor-video\" src=\"https:\/\/retermia-fi.b-cdn.net\/ruotsi\/Retermia%20Neulaputkiteknologiavideo%2003_2024%20SWE%20sub%20preview.mp4#t=5\" controls=\"\" preload=\"metadata\" muted=\"muted\" controlsList=\"nodownload\"><\/video>\n\t\t\t\t<\/div>\n\t\t\t\t\t\t<\/div>\n\t\t\t\t<\/div>\n\t\t\t\t<div class=\"elementor-element elementor-element-b1abdb0 elementor-widget elementor-widget-text-editor\" data-id=\"b1abdb0\" data-element_type=\"widget\" data-e-type=\"widget\" data-widget_type=\"text-editor.default\">\n\t\t\t\t<div class=\"elementor-widget-container\">\n\t\t\t\t\t\t\t\t\t<p style=\"text-align: center;\"><strong>N\u00e5lv\u00e4rmev\u00e4xlarnas egenskaper, deras fysikaliska grund och f\u00f6rdelarna med n\u00e5lv\u00e4rmev\u00e4xlare f\u00f6r v\u00e4rme\u00f6verf\u00f6ring och v\u00e4rme\u00e5tervinning.<\/strong><\/p>\n\t\t\t\t\t\t\t\t<\/div>\n\t\t\t\t<\/div>\n\t\t\t\t\t<\/div>\n\t\t<\/div>\n\t\t\t\t<div class=\"elementor-column elementor-col-33 elementor-inner-column elementor-element elementor-element-0657148\" data-id=\"0657148\" data-element_type=\"column\" data-e-type=\"column\">\n\t\t\t<div class=\"elementor-widget-wrap elementor-element-populated\">\n\t\t\t\t\t\t<div class=\"elementor-element elementor-element-0def59f elementor-widget elementor-widget-video\" data-id=\"0def59f\" data-element_type=\"widget\" data-e-type=\"widget\" data-settings=\"{&quot;start&quot;:5,&quot;video_type&quot;:&quot;hosted&quot;,&quot;mute&quot;:&quot;yes&quot;,&quot;controls&quot;:&quot;yes&quot;}\" data-widget_type=\"video.default\">\n\t\t\t\t<div class=\"elementor-widget-container\">\n\t\t\t\t\t\t\t<div class=\"e-hosted-video elementor-wrapper elementor-open-inline\">\n\t\t\t\t\t<video class=\"elementor-video\" src=\"https:\/\/retermia-fi.b-cdn.net\/ruotsi\/Retermia%20Meid%C3%A4n%20tarinamme%2003_2024%20SWE%20sub.mp4#t=5\" controls=\"\" preload=\"metadata\" muted=\"muted\" controlsList=\"nodownload\"><\/video>\n\t\t\t\t<\/div>\n\t\t\t\t\t\t<\/div>\n\t\t\t\t<\/div>\n\t\t\t\t<div class=\"elementor-element elementor-element-410e4b5 elementor-widget elementor-widget-text-editor\" data-id=\"410e4b5\" data-element_type=\"widget\" data-e-type=\"widget\" data-widget_type=\"text-editor.default\">\n\t\t\t\t<div class=\"elementor-widget-container\">\n\t\t\t\t\t\t\t\t\t<p style=\"text-align: center;\"><strong>Retermia Oy:s historia, v\u00e4rderingar, vision och uppdrag.<\/strong><\/p>\n\t\t\t\t\t\t\t\t<\/div>\n\t\t\t\t<\/div>\n\t\t\t\t\t<\/div>\n\t\t<\/div>\n\t\t\t\t<div class=\"elementor-column elementor-col-33 elementor-inner-column elementor-element elementor-element-5a68953\" data-id=\"5a68953\" data-element_type=\"column\" data-e-type=\"column\">\n\t\t\t<div class=\"elementor-widget-wrap elementor-element-populated\">\n\t\t\t\t\t\t<div class=\"elementor-element elementor-element-d3f3df6 elementor-widget elementor-widget-video\" data-id=\"d3f3df6\" data-element_type=\"widget\" data-e-type=\"widget\" data-settings=\"{&quot;start&quot;:5,&quot;video_type&quot;:&quot;hosted&quot;,&quot;mute&quot;:&quot;yes&quot;,&quot;controls&quot;:&quot;yes&quot;}\" data-widget_type=\"video.default\">\n\t\t\t\t<div class=\"elementor-widget-container\">\n\t\t\t\t\t\t\t<div class=\"e-hosted-video elementor-wrapper elementor-open-inline\">\n\t\t\t\t\t<video class=\"elementor-video\" src=\"https:\/\/retermia-fi.b-cdn.net\/englanti\/03%20Retermia%20Case%20KYS%20Esimerkkitapaus%20ENG%201409_2021%20MASTER.mp4#t=5\" controls=\"\" preload=\"metadata\" muted=\"muted\" controlsList=\"nodownload\"><\/video>\n\t\t\t\t<\/div>\n\t\t\t\t\t\t<\/div>\n\t\t\t\t<\/div>\n\t\t\t\t<div class=\"elementor-element elementor-element-d6c147a elementor-widget elementor-widget-text-editor\" data-id=\"d6c147a\" data-element_type=\"widget\" data-e-type=\"widget\" data-widget_type=\"text-editor.default\">\n\t\t\t\t<div class=\"elementor-widget-container\">\n\t\t\t\t\t\t\t\t\t<p style=\"text-align: center;\"><strong>Retermias teknik ger en v\u00e4rme\u00e5tervinnings- och kyll\u00f6sning f\u00f6r ventilation som betj\u00e4nar flera ventilationsaggregat.<\/strong><\/p>\t\t\t\t\t\t\t\t<\/div>\n\t\t\t\t<\/div>\n\t\t\t\t\t<\/div>\n\t\t<\/div>\n\t\t\t\t\t<\/div>\n\t\t<\/section>\n\t\t\t\t<section class=\"elementor-section elementor-inner-section elementor-element elementor-element-a80b032 elementor-section-full_width elementor-section-height-default elementor-section-height-default\" data-id=\"a80b032\" data-element_type=\"section\" data-e-type=\"section\" data-settings=\"{&quot;jet_parallax_layout_list&quot;:[]}\">\n\t\t\t\t\t\t<div class=\"elementor-container elementor-column-gap-default\">\n\t\t\t\t\t<div class=\"elementor-column elementor-col-33 elementor-inner-column elementor-element elementor-element-a81b677\" data-id=\"a81b677\" data-element_type=\"column\" data-e-type=\"column\">\n\t\t\t<div class=\"elementor-widget-wrap elementor-element-populated\">\n\t\t\t\t\t\t<div class=\"elementor-element elementor-element-e5a7a6e elementor-widget elementor-widget-video\" data-id=\"e5a7a6e\" data-element_type=\"widget\" data-e-type=\"widget\" data-settings=\"{&quot;start&quot;:4,&quot;video_type&quot;:&quot;hosted&quot;,&quot;mute&quot;:&quot;yes&quot;,&quot;controls&quot;:&quot;yes&quot;}\" data-widget_type=\"video.default\">\n\t\t\t\t<div class=\"elementor-widget-container\">\n\t\t\t\t\t\t\t<div class=\"e-hosted-video elementor-wrapper elementor-open-inline\">\n\t\t\t\t\t<video class=\"elementor-video\" src=\"https:\/\/retermia-fi.b-cdn.net\/englanti\/01%20Retermia%20KYS-video%20ENG%20with%20subtitles%2009_2021%20MASTER.mp4#t=4\" controls=\"\" preload=\"metadata\" muted=\"muted\" controlsList=\"nodownload\"><\/video>\n\t\t\t\t<\/div>\n\t\t\t\t\t\t<\/div>\n\t\t\t\t<\/div>\n\t\t\t\t<div class=\"elementor-element elementor-element-7aea361 elementor-widget elementor-widget-text-editor\" data-id=\"7aea361\" data-element_type=\"widget\" data-e-type=\"widget\" data-widget_type=\"text-editor.default\">\n\t\t\t\t<div class=\"elementor-widget-container\">\n\t\t\t\t\t\t\t\t\t<p style=\"text-align: center;\"><strong>L\u00e5ngsiktigt samarbete mellan KUH och Retermia Oy<\/strong><\/p>\t\t\t\t\t\t\t\t<\/div>\n\t\t\t\t<\/div>\n\t\t\t\t\t<\/div>\n\t\t<\/div>\n\t\t\t\t<div class=\"elementor-column elementor-col-33 elementor-inner-column elementor-element elementor-element-03a600d\" data-id=\"03a600d\" data-element_type=\"column\" data-e-type=\"column\">\n\t\t\t<div class=\"elementor-widget-wrap elementor-element-populated\">\n\t\t\t\t\t\t<div class=\"elementor-element elementor-element-81597b3 elementor-widget elementor-widget-video\" data-id=\"81597b3\" data-element_type=\"widget\" data-e-type=\"widget\" data-settings=\"{&quot;start&quot;:3,&quot;video_type&quot;:&quot;hosted&quot;,&quot;mute&quot;:&quot;yes&quot;,&quot;controls&quot;:&quot;yes&quot;}\" data-widget_type=\"video.default\">\n\t\t\t\t<div class=\"elementor-widget-container\">\n\t\t\t\t\t\t\t<div class=\"e-hosted-video elementor-wrapper elementor-open-inline\">\n\t\t\t\t\t<video class=\"elementor-video\" src=\"https:\/\/retermia-fi.b-cdn.net\/ruotsi\/01%20RETERMIA%20Tulopuolen%20neulal%C3%A4mm%C3%B6nsiirtimen%20huolto%2002_2024%20SWE%20v3.mp4#t=3\" controls=\"\" preload=\"metadata\" muted=\"muted\" controlsList=\"nodownload\"><\/video>\n\t\t\t\t<\/div>\n\t\t\t\t\t\t<\/div>\n\t\t\t\t<\/div>\n\t\t\t\t<div class=\"elementor-element elementor-element-e9bdbc2 elementor-widget elementor-widget-text-editor\" data-id=\"e9bdbc2\" data-element_type=\"widget\" data-e-type=\"widget\" data-widget_type=\"text-editor.default\">\n\t\t\t\t<div class=\"elementor-widget-container\">\n\t\t\t\t\t\t\t\t\t<p style=\"text-align: center;\"><strong>Underh\u00e5ll av Retermia Standard n\u00e5lv\u00e4rmev\u00e4xlare<\/strong><\/p>\t\t\t\t\t\t\t\t<\/div>\n\t\t\t\t<\/div>\n\t\t\t\t\t<\/div>\n\t\t<\/div>\n\t\t\t\t<div class=\"elementor-column elementor-col-33 elementor-inner-column elementor-element elementor-element-eec062b\" data-id=\"eec062b\" data-element_type=\"column\" data-e-type=\"column\">\n\t\t\t<div class=\"elementor-widget-wrap elementor-element-populated\">\n\t\t\t\t\t\t<div class=\"elementor-element elementor-element-fb6b526 elementor-widget elementor-widget-video\" data-id=\"fb6b526\" data-element_type=\"widget\" data-e-type=\"widget\" data-settings=\"{&quot;start&quot;:3,&quot;video_type&quot;:&quot;hosted&quot;,&quot;mute&quot;:&quot;yes&quot;,&quot;controls&quot;:&quot;yes&quot;}\" data-widget_type=\"video.default\">\n\t\t\t\t<div class=\"elementor-widget-container\">\n\t\t\t\t\t\t\t<div class=\"e-hosted-video elementor-wrapper elementor-open-inline\">\n\t\t\t\t\t<video class=\"elementor-video\" src=\"https:\/\/retermia-fi.b-cdn.net\/ruotsi\/02%20RETERMIA%20LTO%20huippuimurin%20huolto%2002_2024%20SWE%20v3.mp4#t=3\" controls=\"\" preload=\"metadata\" muted=\"muted\" controlsList=\"nodownload\"><\/video>\n\t\t\t\t<\/div>\n\t\t\t\t\t\t<\/div>\n\t\t\t\t<\/div>\n\t\t\t\t<div class=\"elementor-element elementor-element-d93a5fa elementor-widget elementor-widget-text-editor\" data-id=\"d93a5fa\" data-element_type=\"widget\" data-e-type=\"widget\" data-widget_type=\"text-editor.default\">\n\t\t\t\t<div class=\"elementor-widget-container\">\n\t\t\t\t\t\t\t\t\t<p style=\"text-align: center;\"><strong>Underh\u00e5ll av V\u00c5V-fl\u00e4kt<\/strong><\/p>\t\t\t\t\t\t\t\t<\/div>\n\t\t\t\t<\/div>\n\t\t\t\t\t<\/div>\n\t\t<\/div>\n\t\t\t\t\t<\/div>\n\t\t<\/section>\n\t\t\t\t\t<\/div>\n\t\t<\/div>\n\t\t\t\t\t<\/div>\n\t\t<\/section>\n\t\t\t\t<\/div>\n\t\t","protected":false},"excerpt":{"rendered":"<p>I Retermias materialbank finns f\u00f6rutom Retermia-videor \u00e4ven konstruktionsdokument, Retermia News 2014-2020, installations- och underh\u00e5llsanvisningar samt andra publikationer.<\/p>\n","protected":false},"author":14,"featured_media":27849,"parent":0,"menu_order":0,"comment_status":"closed","ping_status":"closed","template":"","meta":{"inline_featured_image":false,"footnotes":""},"hakunakyvyys":[],"yhteinen-luokittelutieto":[],"sivujen-luokittelutieto":[],"class_list":["post-30037","page","type-page","status-publish","has-post-thumbnail","hentry"],"_links":{"self":[{"href":"https:\/\/retermia.fi\/sv\/wp-json\/wp\/v2\/pages\/30037","targetHints":{"allow":["GET"]}}],"collection":[{"href":"https:\/\/retermia.fi\/sv\/wp-json\/wp\/v2\/pages"}],"about":[{"href":"https:\/\/retermia.fi\/sv\/wp-json\/wp\/v2\/types\/page"}],"author":[{"embeddable":true,"href":"https:\/\/retermia.fi\/sv\/wp-json\/wp\/v2\/users\/14"}],"replies":[{"embeddable":true,"href":"https:\/\/retermia.fi\/sv\/wp-json\/wp\/v2\/comments?post=30037"}],"version-history":[{"count":3,"href":"https:\/\/retermia.fi\/sv\/wp-json\/wp\/v2\/pages\/30037\/revisions"}],"predecessor-version":[{"id":32392,"href":"https:\/\/retermia.fi\/sv\/wp-json\/wp\/v2\/pages\/30037\/revisions\/32392"}],"wp:featuredmedia":[{"embeddable":true,"href":"https:\/\/retermia.fi\/sv\/wp-json\/wp\/v2\/media\/27849"}],"wp:attachment":[{"href":"https:\/\/retermia.fi\/sv\/wp-json\/wp\/v2\/media?parent=30037"}],"wp:term":[{"taxonomy":"hakunakyvyys","embeddable":true,"href":"https:\/\/retermia.fi\/sv\/wp-json\/wp\/v2\/hakunakyvyys?post=30037"},{"taxonomy":"yhteinen-luokittelutieto","embeddable":true,"href":"https:\/\/retermia.fi\/sv\/wp-json\/wp\/v2\/yhteinen-luokittelutieto?post=30037"},{"taxonomy":"sivujen-luokittelutieto","embeddable":true,"href":"https:\/\/retermia.fi\/sv\/wp-json\/wp\/v2\/sivujen-luokittelutieto?post=30037"}],"curies":[{"name":"wp","href":"https:\/\/api.w.org\/{rel}","templated":true}]}}