{"id":29703,"date":"2023-01-05T15:23:52","date_gmt":"2023-01-05T13:23:52","guid":{"rendered":"https:\/\/retermia.fi\/?page_id=29703"},"modified":"2024-04-24T19:09:43","modified_gmt":"2024-04-24T16:09:43","slug":"integritetspolicy","status":"publish","type":"page","link":"https:\/\/retermia.fi\/sv\/integritetspolicy","title":{"rendered":"Integritetspolicy"},"content":{"rendered":"\t\t<div data-elementor-type=\"wp-page\" data-elementor-id=\"29703\" class=\"elementor elementor-29703 elementor-3412\" data-elementor-post-type=\"page\">\n\t\t\t\t\t\t<section class=\"elementor-section elementor-top-section elementor-element elementor-element-3b1c670b elementor-section-height-min-height elementor-section-full_width elementor-section-height-default elementor-section-items-middle\" data-id=\"3b1c670b\" data-element_type=\"section\" data-e-type=\"section\" data-settings=\"{&quot;background_background&quot;:&quot;classic&quot;,&quot;jet_parallax_layout_list&quot;:[]}\">\n\t\t\t\t\t\t<div class=\"elementor-container elementor-column-gap-default\">\n\t\t\t\t\t<div class=\"elementor-column elementor-col-100 elementor-top-column elementor-element elementor-element-44856ea0\" data-id=\"44856ea0\" data-element_type=\"column\" data-e-type=\"column\">\n\t\t\t<div class=\"elementor-widget-wrap elementor-element-populated\">\n\t\t\t\t\t\t<div class=\"elementor-element elementor-element-e8be7c1 elementor-widget elementor-widget-heading\" data-id=\"e8be7c1\" data-element_type=\"widget\" data-e-type=\"widget\" data-widget_type=\"heading.default\">\n\t\t\t\t<div class=\"elementor-widget-container\">\n\t\t\t\t\t<h1 class=\"elementor-heading-title elementor-size-default\">Integritetspolicy<\/h1>\t\t\t\t<\/div>\n\t\t\t\t<\/div>\n\t\t\t\t\t<\/div>\n\t\t<\/div>\n\t\t\t\t\t<\/div>\n\t\t<\/section>\n\t\t\t\t<section class=\"elementor-section elementor-top-section elementor-element elementor-element-59cb6fdd elementor-section-boxed elementor-section-height-default elementor-section-height-default\" data-id=\"59cb6fdd\" data-element_type=\"section\" data-e-type=\"section\" data-settings=\"{&quot;jet_parallax_layout_list&quot;:[]}\">\n\t\t\t\t\t\t<div class=\"elementor-container elementor-column-gap-no\">\n\t\t\t\t\t<div class=\"elementor-column elementor-col-100 elementor-top-column elementor-element elementor-element-716e5119\" data-id=\"716e5119\" data-element_type=\"column\" data-e-type=\"column\">\n\t\t\t<div class=\"elementor-widget-wrap elementor-element-populated\">\n\t\t\t\t\t\t<div class=\"elementor-element elementor-element-3a32f64e elementor-widget elementor-widget-heading\" data-id=\"3a32f64e\" data-element_type=\"widget\" data-e-type=\"widget\" data-widget_type=\"heading.default\">\n\t\t\t\t<div class=\"elementor-widget-container\">\n\t\t\t\t\t<h6 class=\"elementor-heading-title elementor-size-default\">Personuppgiftsansvarige<\/h6>\t\t\t\t<\/div>\n\t\t\t\t<\/div>\n\t\t\t\t<div class=\"elementor-element elementor-element-64fd46c8 elementor-widget-divider--view-line elementor-widget elementor-widget-divider\" data-id=\"64fd46c8\" data-element_type=\"widget\" data-e-type=\"widget\" data-widget_type=\"divider.default\">\n\t\t\t\t<div class=\"elementor-widget-container\">\n\t\t\t\t\t\t\t<div class=\"elementor-divider\">\n\t\t\t<span class=\"elementor-divider-separator\">\n\t\t\t\t\t\t<\/span>\n\t\t<\/div>\n\t\t\t\t\t\t<\/div>\n\t\t\t\t<\/div>\n\t\t\t\t<div class=\"elementor-element elementor-element-19542b3e elementor-widget elementor-widget-text-editor\" data-id=\"19542b3e\" data-element_type=\"widget\" data-e-type=\"widget\" data-widget_type=\"text-editor.default\">\n\t\t\t\t<div class=\"elementor-widget-container\">\n\t\t\t\t\t\t\t\t\t<p>Namn: Retermia Oy (nedan kallat &#8221;f\u00f6retaget&#8221; i detta dokument)<\/p>\n<p>Adress: Paininpuuntie 17, 18100 HEINOLA<\/p>\n<p>E-postadress: retermia@retermia.fi<\/p>\n<\/p>\n<p><strong>Kontaktperson f\u00f6r fr\u00e5gor som r\u00f6r registret:<\/strong><\/p>\n<p>Namn: Markus Castr\u00e9n<\/p>\n<p>E-postadress: markus.castren@retermia.fi<\/p>\n\t\t\t\t\t\t\t\t<\/div>\n\t\t\t\t<\/div>\n\t\t\t\t<div class=\"elementor-element elementor-element-445fc2ab elementor-widget elementor-widget-heading\" data-id=\"445fc2ab\" data-element_type=\"widget\" data-e-type=\"widget\" data-widget_type=\"heading.default\">\n\t\t\t\t<div class=\"elementor-widget-container\">\n\t\t\t\t\t<h4 class=\"elementor-heading-title elementor-size-default\">Namn p\u00e5 registret<\/h4>\t\t\t\t<\/div>\n\t\t\t\t<\/div>\n\t\t\t\t<div class=\"elementor-element elementor-element-4c44b08f e-transform elementor-widget elementor-widget-text-editor\" data-id=\"4c44b08f\" data-element_type=\"widget\" data-e-type=\"widget\" data-settings=\"{&quot;_transform_translateX_effect&quot;:{&quot;unit&quot;:&quot;px&quot;,&quot;size&quot;:&quot;&quot;,&quot;sizes&quot;:[]},&quot;_transform_translateX_effect_tablet&quot;:{&quot;unit&quot;:&quot;px&quot;,&quot;size&quot;:&quot;&quot;,&quot;sizes&quot;:[]},&quot;_transform_translateX_effect_mobile&quot;:{&quot;unit&quot;:&quot;px&quot;,&quot;size&quot;:&quot;&quot;,&quot;sizes&quot;:[]},&quot;_transform_translateY_effect&quot;:{&quot;unit&quot;:&quot;px&quot;,&quot;size&quot;:&quot;&quot;,&quot;sizes&quot;:[]},&quot;_transform_translateY_effect_tablet&quot;:{&quot;unit&quot;:&quot;px&quot;,&quot;size&quot;:&quot;&quot;,&quot;sizes&quot;:[]},&quot;_transform_translateY_effect_mobile&quot;:{&quot;unit&quot;:&quot;px&quot;,&quot;size&quot;:&quot;&quot;,&quot;sizes&quot;:[]}}\" data-widget_type=\"text-editor.default\">\n\t\t\t\t<div class=\"elementor-widget-container\">\n\t\t\t\t\t\t\t\t\t<p class=\"MsoNormal\">F\u00f6retagets kundregister<\/p>\n\t\t\t\t\t\t\t\t<\/div>\n\t\t\t\t<\/div>\n\t\t\t\t<div class=\"elementor-element elementor-element-42b0f94e elementor-widget elementor-widget-heading\" data-id=\"42b0f94e\" data-element_type=\"widget\" data-e-type=\"widget\" data-widget_type=\"heading.default\">\n\t\t\t\t<div class=\"elementor-widget-container\">\n\t\t\t\t\t<h4 class=\"elementor-heading-title elementor-size-default\">Registrets syfte<\/h4>\t\t\t\t<\/div>\n\t\t\t\t<\/div>\n\t\t\t\t<div class=\"elementor-element elementor-element-2ccb5436 elementor-widget elementor-widget-text-editor\" data-id=\"2ccb5436\" data-element_type=\"widget\" data-e-type=\"widget\" data-widget_type=\"text-editor.default\">\n\t\t\t\t<div class=\"elementor-widget-container\">\n\t\t\t\t\t\t\t\t\t<p>En person som bes\u00f6ker webbplatsen kan, efter eget gottfinnande och med sitt samtycke, skicka en kontaktf\u00f6rfr\u00e5gan till e-postlistan p\u00e5 webbplatsen med hj\u00e4lp av prenumerationsformul\u00e4ret, kontaktformul\u00e4ret eller, till exempel, en chattj\u00e4nst. Syftet kan omfatta, men \u00e4r inte begr\u00e4nsat till, en kontaktf\u00f6rfr\u00e5gan, en beg\u00e4ran om offert, en beg\u00e4ran om support fr\u00e5n kundtj\u00e4nst eller annan f\u00f6retagsrelaterad kontakt. <span style=\"color: var( --e-global-color-text ); font-family: var( --e-global-typography-text-font-family ), Sans-serif; font-size: var( --e-global-typography-text-font-size ); font-style: var( --e-global-typography-text-font-style ); font-weight: var( --e-global-typography-text-font-weight ); letter-spacing: var( --e-global-typography-text-letter-spacing ); text-transform: var( --e-global-typography-text-text-transform ); word-spacing: var( --e-global-typography-text-word-spacing ); background-color: var( --e-global-color-100d932f );\">Den information som anv\u00e4ndaren anger kommer ocks\u00e5 att lagras f\u00f6r f\u00f6retagets f\u00f6rs\u00e4ljnings- och marknadsf\u00f6rings\u00e4ndam\u00e5l med anv\u00e4ndarens samtycke.<\/span><\/p>\n\t\t\t\t\t\t\t\t<\/div>\n\t\t\t\t<\/div>\n\t\t\t\t<div class=\"elementor-element elementor-element-1ee72c7a elementor-widget elementor-widget-heading\" data-id=\"1ee72c7a\" data-element_type=\"widget\" data-e-type=\"widget\" data-widget_type=\"heading.default\">\n\t\t\t\t<div class=\"elementor-widget-container\">\n\t\t\t\t\t<h4 class=\"elementor-heading-title elementor-size-default\">Sk\u00e4l f\u00f6r insamling och behandling av uppgifter<\/h4>\t\t\t\t<\/div>\n\t\t\t\t<\/div>\n\t\t\t\t<div class=\"elementor-element elementor-element-12e2164c elementor-widget elementor-widget-text-editor\" data-id=\"12e2164c\" data-element_type=\"widget\" data-e-type=\"widget\" data-widget_type=\"text-editor.default\">\n\t\t\t\t<div class=\"elementor-widget-container\">\n\t\t\t\t\t\t\t\t\t<p>Anv\u00e4ndaruppgifter samlas in och behandlas med kundens samtycke eller f\u00f6r att genomf\u00f6ra ett avtal med kunden.<\/p>\n\t\t\t\t\t\t\t\t<\/div>\n\t\t\t\t<\/div>\n\t\t\t\t<div class=\"elementor-element elementor-element-2aee79f0 elementor-widget elementor-widget-heading\" data-id=\"2aee79f0\" data-element_type=\"widget\" data-e-type=\"widget\" data-widget_type=\"heading.default\">\n\t\t\t\t<div class=\"elementor-widget-container\">\n\t\t\t\t\t<h4 class=\"elementor-heading-title elementor-size-default\">Datainneh\u00e5ll i registret<\/h4>\t\t\t\t<\/div>\n\t\t\t\t<\/div>\n\t\t\t\t<div class=\"elementor-element elementor-element-68116299 elementor-widget elementor-widget-text-editor\" data-id=\"68116299\" data-element_type=\"widget\" data-e-type=\"widget\" data-widget_type=\"text-editor.default\">\n\t\t\t\t<div class=\"elementor-widget-container\">\n\t\t\t\t\t\t\t\t\t<p>Den information som anv\u00e4ndaren beg\u00e4r vid varje given tidpunkt och som anv\u00e4ndaren anger lagras, men minst <br \/>&#8211; e-postadress<\/p>\n\t\t\t\t\t\t\t\t<\/div>\n\t\t\t\t<\/div>\n\t\t\t\t<div class=\"elementor-element elementor-element-e6d5540 elementor-widget elementor-widget-heading\" data-id=\"e6d5540\" data-element_type=\"widget\" data-e-type=\"widget\" data-widget_type=\"heading.default\">\n\t\t\t\t<div class=\"elementor-widget-container\">\n\t\t\t\t\t<h4 class=\"elementor-heading-title elementor-size-default\">Lagringstid f\u00f6r uppgifter<\/h4>\t\t\t\t<\/div>\n\t\t\t\t<\/div>\n\t\t\t\t<div class=\"elementor-element elementor-element-8440877 elementor-widget elementor-widget-text-editor\" data-id=\"8440877\" data-element_type=\"widget\" data-e-type=\"widget\" data-widget_type=\"text-editor.default\">\n\t\t\t\t<div class=\"elementor-widget-container\">\n\t\t\t\t\t\t\t\t\t<p>Personuppgifterna kommer att sparas tills vidare.<\/p>\n\t\t\t\t\t\t\t\t<\/div>\n\t\t\t\t<\/div>\n\t\t\t\t<div class=\"elementor-element elementor-element-064f33d elementor-widget elementor-widget-heading\" data-id=\"064f33d\" data-element_type=\"widget\" data-e-type=\"widget\" data-widget_type=\"heading.default\">\n\t\t\t\t<div class=\"elementor-widget-container\">\n\t\t\t\t\t<h4 class=\"elementor-heading-title elementor-size-default\">Vad \u00e4r v\u00e5r cookiepolicy?<\/h4>\t\t\t\t<\/div>\n\t\t\t\t<\/div>\n\t\t\t\t<div class=\"elementor-element elementor-element-e78cbb9 elementor-widget elementor-widget-text-editor\" data-id=\"e78cbb9\" data-element_type=\"widget\" data-e-type=\"widget\" data-widget_type=\"text-editor.default\">\n\t\t\t\t<div class=\"elementor-widget-container\">\n\t\t\t\t\t\t\t\t\t<p>I denna cookiepolicy beskrivs hur vi anv\u00e4nder cookies och andra liknande sp\u00e5rnings- och inriktningstekniker (gemensamt kallade &#8221;cookies&#8221;) p\u00e5 webbplatserna. Cookies anv\u00e4nds f\u00f6r att samla in information om hur och n\u00e4r webbplatsen anv\u00e4nds. Denna information kan anv\u00e4ndas f\u00f6r att f\u00f6rb\u00e4ttra webbplatsens anv\u00e4ndbarhet och f\u00f6r att rikta marknadsf\u00f6ringsmeddelanden till bes\u00f6kare. <span style=\"color: var( --e-global-color-text ); font-family: var( --e-global-typography-text-font-family ), Sans-serif; font-size: var( --e-global-typography-text-font-size ); font-style: var( --e-global-typography-text-font-style ); font-weight: var( --e-global-typography-text-font-weight ); letter-spacing: var( --e-global-typography-text-letter-spacing ); text-transform: var( --e-global-typography-text-text-transform ); word-spacing: var( --e-global-typography-text-word-spacing ); background-color: var( --e-global-color-100d932f );\">Anv\u00e4ndningen av cookies baseras p\u00e5 anv\u00e4ndarens samtycke. Om du inte avaktiverar cookies har du accepterat deras anv\u00e4ndning. <\/span><span style=\"color: var( --e-global-color-text ); font-family: var( --e-global-typography-text-font-family ), Sans-serif; font-size: var( --e-global-typography-text-font-size ); font-style: var( --e-global-typography-text-font-style ); font-weight: var( --e-global-typography-text-font-weight ); letter-spacing: var( --e-global-typography-text-letter-spacing ); text-transform: var( --e-global-typography-text-text-transform ); word-spacing: var( --e-global-typography-text-word-spacing ); background-color: var( --e-global-color-100d932f );\">Den personuppgiftsansvarige kommer att f\u00f6lja de r\u00e5dande riktlinjerna f\u00f6r att beg\u00e4ra samtycke. <\/span><span style=\"color: var( --e-global-color-text ); font-family: var( --e-global-typography-text-font-family ), Sans-serif; font-size: var( --e-global-typography-text-font-size ); font-style: var( --e-global-typography-text-font-style ); font-weight: var( --e-global-typography-text-font-weight ); letter-spacing: var( --e-global-typography-text-letter-spacing ); text-transform: var( --e-global-typography-text-text-transform ); word-spacing: var( --e-global-typography-text-word-spacing ); background-color: var( --e-global-color-100d932f );\">Anv\u00e4ndningen av cookie-data kan omfattas av ny lagstiftning eller riktlinjer fr\u00e5n myndigheter. Vi kommer att \u00e4ndra v\u00e5ra rutiner n\u00e4r det \u00e4r n\u00f6dv\u00e4ndigt f\u00f6r att f\u00f6lja nya lagar och riktlinjer.<\/span><\/p>\n\t\t\t\t\t\t\t\t<\/div>\n\t\t\t\t<\/div>\n\t\t\t\t<div class=\"elementor-element elementor-element-4f68b6c elementor-widget elementor-widget-heading\" data-id=\"4f68b6c\" data-element_type=\"widget\" data-e-type=\"widget\" data-widget_type=\"heading.default\">\n\t\t\t\t<div class=\"elementor-widget-container\">\n\t\t\t\t\t<h4 class=\"elementor-heading-title elementor-size-default\">Vad \u00e4r cookies och vilken information samlas in?<\/h4>\t\t\t\t<\/div>\n\t\t\t\t<\/div>\n\t\t\t\t<div class=\"elementor-element elementor-element-9d65188 elementor-widget elementor-widget-text-editor\" data-id=\"9d65188\" data-element_type=\"widget\" data-e-type=\"widget\" data-widget_type=\"text-editor.default\">\n\t\t\t\t<div class=\"elementor-widget-container\">\n\t\t\t\t\t\t\t\t\t<p>Vi anv\u00e4nder cookies p\u00e5 v\u00e5r webbplats. En cookie \u00e4r en liten textfil som skickas till och lagras p\u00e5 en anv\u00e4ndares dator.<\/p>\n<p>Webbplatsen anv\u00e4nder f\u00f6rstaparts- och tredjepartscookies. Sk. f\u00f6rstapartscookies st\u00e4lls in av den webbplats som visas i adressf\u00e4ltet. Dessutom anv\u00e4nds cookies fr\u00e5n s\u00e5 kallade tredje parter, s\u00e5som leverant\u00f6rer av reklamteknik och sociala medietj\u00e4nster, p\u00e5 webbplatserna. Endast den server som placerade cookien kan senare l\u00e4sa cookien och k\u00e4nna igen webbl\u00e4saren, t.ex. n\u00e4r en anv\u00e4ndare \u00e5terv\u00e4nder till en webbplats som han eller hon tidigare har bes\u00f6kt.<\/p>\n<p>P\u00e5 webbplatser anv\u00e4nds cookies f\u00f6r att samla in information som t.ex,<br \/>&#8211; hur m\u00e5nga anv\u00e4ndare det finns p\u00e5 webbplatsen<br \/>&#8211; p\u00e5 vilka terminaler webbplatsen har \u00f6ppnats<br \/>&#8211; fr\u00e5n vilken webbadress webbplatsens anv\u00e4ndare har kommit till webbplatsen<br \/>&#8211; vilka enskilda sidor anv\u00e4ndarna har bes\u00f6kt<\/p>\n<p>Cookies och webbplatsservrar registrerar automatiskt de sidf\u00f6rfr\u00e5gningar som g\u00f6rs av anv\u00e4ndare som bes\u00f6ker webbplatsen. Denna information omfattar vanligtvis den webbf\u00f6rfr\u00e5gan som anv\u00e4ndaren g\u00f6r, datum och tid f\u00f6r f\u00f6rfr\u00e5gan, IP-adressen f\u00f6r anv\u00e4ndarens terminal samt webbl\u00e4sarens typ och spr\u00e5k.<\/p>\n<p>Uppgifterna \u00e4r i ett format som inte kan kopplas till en enskild anv\u00e4ndare utan ytterligare information. Cookies lagrar t.ex. inte en anv\u00e4ndares namn, e-postadress, telefonnummer eller hemadress.<\/p>\n\t\t\t\t\t\t\t\t<\/div>\n\t\t\t\t<\/div>\n\t\t\t\t<div class=\"elementor-element elementor-element-bb4a5c7 elementor-widget elementor-widget-heading\" data-id=\"bb4a5c7\" data-element_type=\"widget\" data-e-type=\"widget\" data-widget_type=\"heading.default\">\n\t\t\t\t<div class=\"elementor-widget-container\">\n\t\t\t\t\t<h4 class=\"elementor-heading-title elementor-size-default\">Cookies som anv\u00e4nds<\/h4>\t\t\t\t<\/div>\n\t\t\t\t<\/div>\n\t\t\t\t<div class=\"elementor-element elementor-element-647063a elementor-widget elementor-widget-html\" data-id=\"647063a\" data-element_type=\"widget\" data-e-type=\"widget\" data-widget_type=\"html.default\">\n\t\t\t\t<div class=\"elementor-widget-container\">\n\t\t\t\t\t<div class=\"cky-audit-table-element\"><\/div>\t\t\t\t<\/div>\n\t\t\t\t<\/div>\n\t\t\t\t<div class=\"elementor-element elementor-element-ac731d7 elementor-widget elementor-widget-heading\" data-id=\"ac731d7\" data-element_type=\"widget\" data-e-type=\"widget\" data-widget_type=\"heading.default\">\n\t\t\t\t<div class=\"elementor-widget-container\">\n\t\t\t\t\t<h4 class=\"elementor-heading-title elementor-size-default\">Hur kan du p\u00e5verka cookies?<\/h4>\t\t\t\t<\/div>\n\t\t\t\t<\/div>\n\t\t\t\t<div class=\"elementor-element elementor-element-d75df90 elementor-widget elementor-widget-text-editor\" data-id=\"d75df90\" data-element_type=\"widget\" data-e-type=\"widget\" data-widget_type=\"text-editor.default\">\n\t\t\t\t<div class=\"elementor-widget-container\">\n\t\t\t\t\t\t\t\t\t<p>Anv\u00e4ndaren kan blockera anv\u00e4ndningen av cookies genom att anv\u00e4nda webbplatsens verktyg f\u00f6r hantering av cookies, som syns l\u00e4ngst ner p\u00e5 webbplatsen, eller genom att inaktivera cookies i webbl\u00e4sarens inst\u00e4llningar. Blockering av cookies kan p\u00e5verka tj\u00e4nsternas funktionalitet. Om du v\u00e4ljer att blockera cookies kan det h\u00e4nda att du inte kan utnyttja webbplatsen fullt ut.<\/p>\n<p>Blockering eller borttagning av cookies kan p\u00e5verka val som du tidigare har gjort p\u00e5 webbplatserna, till exempel genom att inaktivera opt-out-cookien f\u00f6r riktad marknadsf\u00f6ringskommunikation p\u00e5 en partners webbplats. Valm\u00f6jligheterna \u00e4r webbl\u00e4sarspecifika, vilket inneb\u00e4r att anv\u00e4ndaren m\u00e5ste g\u00f6ra de \u00f6nskade valen f\u00f6r varje webbl\u00e4sare separat.<\/p>\n<p>Ett exempel p\u00e5 hur du blockerar cookies i din webbl\u00e4sare. F\u00f6r andra webbl\u00e4sare, se instruktionerna f\u00f6r webbl\u00e4saren:<\/p>\n<p><strong>Google Chrome<\/strong><br \/>&#8211; \u00d6ppna Google Chrome.<br \/>&#8211; Klicka p\u00e5 menyikonen i det \u00f6vre h\u00f6gra h\u00f6rnet och v\u00e4lj Inst\u00e4llningar.<br \/>&#8211; Klicka p\u00e5 Visa avancerade inst\u00e4llningar.<br \/>&#8211; Klicka p\u00e5 knappen Inneh\u00e5llsinst\u00e4llningar under rubriken Sekretess.<br \/>&#8211; Under Cookies st\u00e4nger du av inst\u00e4llningen &#8221;Till\u00e5t webbplatser att lagra och l\u00e4sa cookieinformation (rekommenderas)&#8221;.<\/p>\n\t\t\t\t\t\t\t\t<\/div>\n\t\t\t\t<\/div>\n\t\t\t\t<div class=\"elementor-element elementor-element-8fb6666 elementor-widget elementor-widget-heading\" data-id=\"8fb6666\" data-element_type=\"widget\" data-e-type=\"widget\" data-widget_type=\"heading.default\">\n\t\t\t\t<div class=\"elementor-widget-container\">\n\t\t\t\t\t<h4 class=\"elementor-heading-title elementor-size-default\">Vilket annat inflytande har anv\u00e4ndaren?<\/h4>\t\t\t\t<\/div>\n\t\t\t\t<\/div>\n\t\t\t\t<div class=\"elementor-element elementor-element-d41af60 elementor-widget elementor-widget-text-editor\" data-id=\"d41af60\" data-element_type=\"widget\" data-e-type=\"widget\" data-widget_type=\"text-editor.default\">\n\t\t\t\t<div class=\"elementor-widget-container\">\n\t\t\t\t\t\t\t\t\t<p>Ut\u00f6ver r\u00e4tten att bli informerad om behandlingen av personuppgifter har anv\u00e4ndaren enligt dataskyddslagstiftningen r\u00e4tt till<br \/>&#8211; kontrollera de personuppgifter som lagrats om honom eller henne<br \/>&#8211; R\u00e4tta data<br \/>&#8211; radera data och bli bortgl\u00f6md<br \/>&#8211; \u00e5terkalla sitt samtycke<br \/>&#8211; begr\u00e4nsa behandlingen av uppgifter<br \/>&#8211; beg\u00e4ra \u00f6verf\u00f6ring av uppgifter som du har tillhandah\u00e5llit och som behandlas automatiskt p\u00e5 grundval av samtycke eller ett avtal.<\/p>\n<p>I f\u00f6rsta hand kan anv\u00e4ndaren p\u00e5verka behandlingen p\u00e5 de s\u00e4tt som beskrivs ovan genom att \u00e4ndra sina cookie-inst\u00e4llningar. Om du vill kan du kontakta den personuppgiftsansvarige via e-post eller telefon. Kontaktuppgifter finns i b\u00f6rjan av detta dokument. Du kan ocks\u00e5 l\u00e4mna in ett klagom\u00e5l <a href=\"https:\/\/tietosuoja.fi\/etusivu\">till ombudsmannen f\u00f6r dataskydd<\/a>.<\/p>\n\t\t\t\t\t\t\t\t<\/div>\n\t\t\t\t<\/div>\n\t\t\t\t<div class=\"elementor-element elementor-element-7829349 elementor-widget elementor-widget-heading\" data-id=\"7829349\" data-element_type=\"widget\" data-e-type=\"widget\" data-widget_type=\"heading.default\">\n\t\t\t\t<div class=\"elementor-widget-container\">\n\t\t\t\t\t<h4 class=\"elementor-heading-title elementor-size-default\">Vilken information l\u00e4mnas ut eller \u00f6verf\u00f6rs?<\/h4>\t\t\t\t<\/div>\n\t\t\t\t<\/div>\n\t\t\t\t<div class=\"elementor-element elementor-element-e635512 elementor-widget elementor-widget-text-editor\" data-id=\"e635512\" data-element_type=\"widget\" data-e-type=\"widget\" data-widget_type=\"text-editor.default\">\n\t\t\t\t<div class=\"elementor-widget-container\">\n\t\t\t\t\t\t\t\t\t<p>F\u00f6retaget anv\u00e4nder betrodda partners f\u00f6r att rikta marknadsf\u00f6ringskommunikation och g\u00f6r det m\u00f6jligt f\u00f6r dessa partners att samla in information fr\u00e5n webbplatser med hj\u00e4lp av cookies och annan liknande teknik f\u00f6r att rikta marknadsf\u00f6ringskommunikation.&nbsp;<span style=\"color: var( --e-global-color-text ); font-family: var( --e-global-typography-text-font-family ), Sans-serif; font-size: var( --e-global-typography-text-font-size ); font-style: var( --e-global-typography-text-font-style ); font-weight: var( --e-global-typography-text-font-weight ); letter-spacing: var( --e-global-typography-text-letter-spacing ); text-transform: var( --e-global-typography-text-text-transform ); word-spacing: var( --e-global-typography-text-word-spacing ); background-color: var( --e-global-color-100d932f );\">De tj\u00e4nsteleverant\u00f6rer som f\u00f6retaget anv\u00e4nder kan ha tillg\u00e5ng till de uppgifter som samlas in i samband med anv\u00e4ndningen av webbplatserna. Tj\u00e4nsteleverant\u00f6rer f\u00e5r endast anv\u00e4nda denna information f\u00f6r f\u00f6retagets behov. I detta sammanhang kan f\u00f6retaget \u00f6verf\u00f6ra de personuppgifter som det behandlar utanf\u00f6r EU eller EES i enlighet med till\u00e4mplig lag.&nbsp;<\/span><span style=\"color: var( --e-global-color-text ); font-family: var( --e-global-typography-text-font-family ), Sans-serif; font-size: var( --e-global-typography-text-font-size ); font-style: var( --e-global-typography-text-font-style ); font-weight: var( --e-global-typography-text-font-weight ); letter-spacing: var( --e-global-typography-text-letter-spacing ); text-transform: var( --e-global-typography-text-text-transform ); word-spacing: var( --e-global-typography-text-word-spacing ); background-color: var( --e-global-color-100d932f );\">F\u00f6retaget kommer genom avtal att s\u00e4kerst\u00e4lla att partners och tj\u00e4nsteleverant\u00f6rer behandlar uppgifterna i enlighet med den lagstiftning som g\u00e4ller vid den aktuella tidpunkten.<\/span><\/p>\n\t\t\t\t\t\t\t\t<\/div>\n\t\t\t\t<\/div>\n\t\t\t\t\t<\/div>\n\t\t<\/div>\n\t\t\t\t\t<\/div>\n\t\t<\/section>\n\t\t\t\t<section class=\"elementor-section elementor-top-section elementor-element elementor-element-2ef2326 elementor-section-height-min-height elementor-section-boxed elementor-section-height-default elementor-section-items-middle\" data-id=\"2ef2326\" data-element_type=\"section\" data-e-type=\"section\" data-settings=\"{&quot;jet_parallax_layout_list&quot;:[]}\">\n\t\t\t\t\t\t<div class=\"elementor-container elementor-column-gap-default\">\n\t\t\t\t\t<div class=\"elementor-column elementor-col-100 elementor-top-column elementor-element elementor-element-6496ada\" data-id=\"6496ada\" data-element_type=\"column\" data-e-type=\"column\">\n\t\t\t<div class=\"elementor-widget-wrap\">\n\t\t\t\t\t\t\t<\/div>\n\t\t<\/div>\n\t\t\t\t\t<\/div>\n\t\t<\/section>\n\t\t\t\t<\/div>\n\t\t","protected":false},"excerpt":{"rendered":"<p>Detta \u00e4r Retermia Oy:s integritetspolicy, som ger mer information till registrerade om deras r\u00e4ttigheter i samband med behandling av personuppgifter.<\/p>\n","protected":false},"author":13,"featured_media":28019,"parent":0,"menu_order":0,"comment_status":"closed","ping_status":"closed","template":"elementor_header_footer","meta":{"inline_featured_image":false,"footnotes":""},"hakunakyvyys":[],"yhteinen-luokittelutieto":[],"sivujen-luokittelutieto":[],"class_list":["post-29703","page","type-page","status-publish","has-post-thumbnail","hentry"],"_links":{"self":[{"href":"https:\/\/retermia.fi\/sv\/wp-json\/wp\/v2\/pages\/29703","targetHints":{"allow":["GET"]}}],"collection":[{"href":"https:\/\/retermia.fi\/sv\/wp-json\/wp\/v2\/pages"}],"about":[{"href":"https:\/\/retermia.fi\/sv\/wp-json\/wp\/v2\/types\/page"}],"author":[{"embeddable":true,"href":"https:\/\/retermia.fi\/sv\/wp-json\/wp\/v2\/users\/13"}],"replies":[{"embeddable":true,"href":"https:\/\/retermia.fi\/sv\/wp-json\/wp\/v2\/comments?post=29703"}],"version-history":[{"count":0,"href":"https:\/\/retermia.fi\/sv\/wp-json\/wp\/v2\/pages\/29703\/revisions"}],"wp:featuredmedia":[{"embeddable":true,"href":"https:\/\/retermia.fi\/sv\/wp-json\/wp\/v2\/media\/28019"}],"wp:attachment":[{"href":"https:\/\/retermia.fi\/sv\/wp-json\/wp\/v2\/media?parent=29703"}],"wp:term":[{"taxonomy":"hakunakyvyys","embeddable":true,"href":"https:\/\/retermia.fi\/sv\/wp-json\/wp\/v2\/hakunakyvyys?post=29703"},{"taxonomy":"yhteinen-luokittelutieto","embeddable":true,"href":"https:\/\/retermia.fi\/sv\/wp-json\/wp\/v2\/yhteinen-luokittelutieto?post=29703"},{"taxonomy":"sivujen-luokittelutieto","embeddable":true,"href":"https:\/\/retermia.fi\/sv\/wp-json\/wp\/v2\/sivujen-luokittelutieto?post=29703"}],"curies":[{"name":"wp","href":"https:\/\/api.w.org\/{rel}","templated":true}]}}