{"id":29634,"date":"2023-09-19T15:22:53","date_gmt":"2023-09-19T12:22:53","guid":{"rendered":"https:\/\/retermia.fi\/?page_id=29634"},"modified":"2025-10-17T15:19:26","modified_gmt":"2025-10-17T12:19:26","slug":"for-automations-och-elingenjor","status":"publish","type":"page","link":"https:\/\/retermia.fi\/sv\/for-automations-och-elingenjor","title":{"rendered":"F\u00f6r automations- och styrkonsulten"},"content":{"rendered":"\t\t<div data-elementor-type=\"wp-page\" data-elementor-id=\"29634\" class=\"elementor elementor-29634 elementor-19688\" data-elementor-post-type=\"page\">\n\t\t\t\t\t\t<section class=\"elementor-section elementor-top-section elementor-element elementor-element-7db9733 elementor-section-height-min-height elementor-section-boxed elementor-section-height-default elementor-section-items-middle\" data-id=\"7db9733\" data-element_type=\"section\" data-e-type=\"section\" data-settings=\"{&quot;background_background&quot;:&quot;classic&quot;,&quot;jet_parallax_layout_list&quot;:[]}\">\n\t\t\t\t\t\t<div class=\"elementor-container elementor-column-gap-default\">\n\t\t\t\t\t<div class=\"elementor-column elementor-col-100 elementor-top-column elementor-element elementor-element-0f82738\" data-id=\"0f82738\" data-element_type=\"column\" data-e-type=\"column\">\n\t\t\t<div class=\"elementor-widget-wrap elementor-element-populated\">\n\t\t\t\t\t\t<div class=\"elementor-element elementor-element-662a470 elementor-widget elementor-widget-heading\" data-id=\"662a470\" data-element_type=\"widget\" data-e-type=\"widget\" data-widget_type=\"heading.default\">\n\t\t\t\t<div class=\"elementor-widget-container\">\n\t\t\t\t\t<h1 class=\"elementor-heading-title elementor-size-default\">F\u00f6r automations- och styrkonsulten<\/h1>\t\t\t\t<\/div>\n\t\t\t\t<\/div>\n\t\t\t\t\t<\/div>\n\t\t<\/div>\n\t\t\t\t\t<\/div>\n\t\t<\/section>\n\t\t\t\t<section class=\"elementor-section elementor-top-section elementor-element elementor-element-2e07b06 elementor-section-boxed elementor-section-height-default elementor-section-height-default\" data-id=\"2e07b06\" data-element_type=\"section\" data-e-type=\"section\" data-settings=\"{&quot;jet_parallax_layout_list&quot;:[]}\">\n\t\t\t\t\t\t<div class=\"elementor-container elementor-column-gap-default\">\n\t\t\t\t\t<div class=\"elementor-column elementor-col-100 elementor-top-column elementor-element elementor-element-c28532c\" data-id=\"c28532c\" data-element_type=\"column\" data-e-type=\"column\">\n\t\t\t<div class=\"elementor-widget-wrap elementor-element-populated\">\n\t\t\t\t\t\t<div class=\"elementor-element elementor-element-17a192e elementor-widget elementor-widget-spacer\" data-id=\"17a192e\" data-element_type=\"widget\" data-e-type=\"widget\" data-widget_type=\"spacer.default\">\n\t\t\t\t<div class=\"elementor-widget-container\">\n\t\t\t\t\t\t\t<div class=\"elementor-spacer\">\n\t\t\t<div class=\"elementor-spacer-inner\"><\/div>\n\t\t<\/div>\n\t\t\t\t\t\t<\/div>\n\t\t\t\t<\/div>\n\t\t\t\t<div class=\"elementor-element elementor-element-c81c1a0 elementor-widget elementor-widget-spacer\" data-id=\"c81c1a0\" data-element_type=\"widget\" data-e-type=\"widget\" data-widget_type=\"spacer.default\">\n\t\t\t\t<div class=\"elementor-widget-container\">\n\t\t\t\t\t\t\t<div class=\"elementor-spacer\">\n\t\t\t<div class=\"elementor-spacer-inner\"><\/div>\n\t\t<\/div>\n\t\t\t\t\t\t<\/div>\n\t\t\t\t<\/div>\n\t\t\t\t<div class=\"elementor-element elementor-element-98cdf9f elementor-widget elementor-widget-heading\" data-id=\"98cdf9f\" data-element_type=\"widget\" data-e-type=\"widget\" data-widget_type=\"heading.default\">\n\t\t\t\t<div class=\"elementor-widget-container\">\n\t\t\t\t\t<h2 class=\"elementor-heading-title elementor-size-default\">Retermia styrdiagram<\/h2>\t\t\t\t<\/div>\n\t\t\t\t<\/div>\n\t\t\t\t<div class=\"elementor-element elementor-element-f42c485 elementor-widget elementor-widget-text-editor\" data-id=\"f42c485\" data-element_type=\"widget\" data-e-type=\"widget\" data-widget_type=\"text-editor.default\">\n\t\t\t\t<div class=\"elementor-widget-container\">\n\t\t\t\t\t\t\t\t\t<p>Automations- och styrkonsulten kommer att f\u00e5 funktionsbeskrivningar av Retermias utrustning samt dimensioneringsdata, som inkluderar information om de str\u00f6mf\u00f6rs\u00f6rjningar som kr\u00e4vs f\u00f6r utrustningen. Det finns separata instruktioner f\u00f6r de elektriska anslutningarna av fl\u00e4ktarna.<\/p>\n<p>Vi f\u00f6rser automations- och elingenj\u00f6r \u00e4ven med styrscheman f\u00f6r v\u00e4rme\u00e5tervinningssystem, RETCARE aggregat och Retermia shuntgrupper. De visar den utrustning, de sensorer, st\u00e4lldon och kablar som ing\u00e5r i leveransen. Utrustning och kablage som inte ing\u00e5r i Retermia leveransen, men som \u00e4r n\u00f6dv\u00e4ndiga eller anv\u00e4ndbara f\u00f6r projektet, har ocks\u00e5 lagts till i diagrammen. Exempel p\u00e5 detta \u00e4r en undercentral med I\/O-punkter och rumstemperatursensorer i det omr\u00e5de som p\u00e5verkas av luftbehandlingsaggregatet.<\/p>\n<p>Styrdiagrammen visar t.ex:<\/p>\n\t\t\t\t\t\t\t\t<\/div>\n\t\t\t\t<\/div>\n\t\t\t\t<div class=\"elementor-element elementor-element-42ec391 elementor-widget elementor-widget-text-editor\" data-id=\"42ec391\" data-element_type=\"widget\" data-e-type=\"widget\" data-widget_type=\"text-editor.default\">\n\t\t\t\t<div class=\"elementor-widget-container\">\n\t\t\t\t\t\t\t\t\t<ul>\n<li>Utrustning (pumpar, fl\u00e4ktar, ventiler, st\u00e4lldon, givare, kablage, s\u00e4kerhetsbrytare etc.) som ing\u00e5r i Retermia leverans.<\/li>\n<li>Utrustning som icke ing\u00e5r i Retermia leveransen (pumpar, fl\u00e4ktar, st\u00e4lldon, sensorer, kablage, gruppcentraler, undercentraler o.s.v.)<\/li>\n<li>M\u00e4tomr\u00e5de, str\u00f6mf\u00f6rs\u00f6rjning och sp\u00e4nnings- eller str\u00f6mutg\u00e5ng f\u00f6r sensorer som levereras av Retermia<\/li>\n<li>Matningssp\u00e4nning\/styrsp\u00e4nning, styrsignal och f\u00e4rdriktning f\u00f6r st\u00e4lldon levererade av Retermia<\/li>\n<li>Analog I\/O-punkter och I\/O ing\u00e5ng f\u00f6r Modbus fr\u00e5n enheter som ska kopplas till undercentralen<\/li>\n<li>Kablage fr\u00e5n gruppcentralen som kr\u00e4vs f\u00f6r den utrustning som Retermia levererar.<\/li>\n<li>Anv\u00e4ndnings\u00e4ndam\u00e5l av ventiler levererade av Retermia<\/li>\n<li>Anskaffningsgr\u00e4nser f\u00f6r all utrustning i styrdiagrammet.<\/li>\n<\/ul>\n\t\t\t\t\t\t\t\t<\/div>\n\t\t\t\t<\/div>\n\t\t\t\t<div class=\"elementor-element elementor-element-f8135a1 elementor-widget elementor-widget-image\" data-id=\"f8135a1\" data-element_type=\"widget\" data-e-type=\"widget\" data-widget_type=\"image.default\">\n\t\t\t\t<div class=\"elementor-widget-container\">\n\t\t\t\t\t\t\t\t\t\t\t\t\t\t\t<img fetchpriority=\"high\" decoding=\"async\" width=\"800\" height=\"600\" src=\"https:\/\/retermia.fi\/wp-content\/uploads\/yksityiskohta-LTO-huippuimurin-sisalta.jpg\" class=\"attachment-large size-large wp-image-28645\" alt=\"\" srcset=\"https:\/\/retermia.fi\/wp-content\/uploads\/yksityiskohta-LTO-huippuimurin-sisalta.jpg 800w, https:\/\/retermia.fi\/wp-content\/uploads\/yksityiskohta-LTO-huippuimurin-sisalta-600x450.jpg 600w, https:\/\/retermia.fi\/wp-content\/uploads\/yksityiskohta-LTO-huippuimurin-sisalta-300x225.jpg 300w, https:\/\/retermia.fi\/wp-content\/uploads\/yksityiskohta-LTO-huippuimurin-sisalta-768x576.jpg 768w\" sizes=\"(max-width: 800px) 100vw, 800px\" \/>\t\t\t\t\t\t\t\t\t\t\t\t\t\t\t<\/div>\n\t\t\t\t<\/div>\n\t\t\t\t<div class=\"elementor-element elementor-element-f08e7b5 elementor-widget elementor-widget-text-editor\" data-id=\"f08e7b5\" data-element_type=\"widget\" data-e-type=\"widget\" data-widget_type=\"text-editor.default\">\n\t\t\t\t<div class=\"elementor-widget-container\">\n\t\t\t\t\t\t\t\t\t<p>M\u00e4tomr\u00e5dena f\u00f6r v\u00e4tske- och luftfl\u00f6desm\u00e4tare, samt matningssp\u00e4nningarna f\u00f6r pumpar och fl\u00e4ktar, anges i de dimensioneringsdata som tillhandah\u00e5lls av Retermia.<\/p>\n\t\t\t\t\t\t\t\t<\/div>\n\t\t\t\t<\/div>\n\t\t\t\t<div class=\"elementor-element elementor-element-7e469cb elementor-widget elementor-widget-heading\" data-id=\"7e469cb\" data-element_type=\"widget\" data-e-type=\"widget\" data-widget_type=\"heading.default\">\n\t\t\t\t<div class=\"elementor-widget-container\">\n\t\t\t\t\t<h2 class=\"elementor-heading-title elementor-size-default\">Saker att t\u00e4nka p\u00e5 vid planering<\/h2>\t\t\t\t<\/div>\n\t\t\t\t<\/div>\n\t\t\t\t<div class=\"elementor-element elementor-element-d1ae818 elementor-widget elementor-widget-text-editor\" data-id=\"d1ae818\" data-element_type=\"widget\" data-e-type=\"widget\" data-widget_type=\"text-editor.default\">\n\t\t\t\t<div class=\"elementor-widget-container\">\n\t\t\t\t\t\t\t\t\t<p>Vid planering av Retermia-system m\u00e5ste f\u00f6ljande fr\u00e5gor beaktas:<\/p>\n\t\t\t\t\t\t\t\t<\/div>\n\t\t\t\t<\/div>\n\t\t\t\t<div class=\"elementor-element elementor-element-43754cf elementor-widget elementor-widget-text-editor\" data-id=\"43754cf\" data-element_type=\"widget\" data-e-type=\"widget\" data-widget_type=\"text-editor.default\">\n\t\t\t\t<div class=\"elementor-widget-container\">\n\t\t\t\t\t\t\t\t\t<ul><li>L\u00e5sning av ventilationsaggregatets v\u00e4rmebatteriets pump, l\u00e5sning av frostskyddstermostaten och n\u00f6davst\u00e4ngning av ventilationen visas endast exemplariskt i Retermias styrdiagram. Den slutliga implementeringen \u00e4r upp till automations- och styrkonsulten.<\/li><li>Kontrolldiagrammen visar exempel p\u00e5 utrustning som inte levereras av Retermia. Den slutliga implementeringsmetoden \u00e4r upp till automations- och styrkonsulten.<\/li><li>Matningssp\u00e4nningar, styrsignaler, kontrollsignaler och m\u00e4tmeddelanden f\u00f6r enheter som levereras av Retermia. Till exempel: Vissa sensorer fungerar med 24 VDC elf\u00f6rs\u00f6rjning och 4\u201320 mA meddelande.<\/li><li>EC-fl\u00e4ktar har ocks\u00e5 ing\u00e5ng f\u00f6r Modbus.<\/li><li>EC-fl\u00e4ktens rel\u00e4 programmeras p\u00e5 fabriken som ett driftl\u00e4ge (indikation). Detta rel\u00e4 kan programmeras av automationsentrepren\u00f6ren p\u00e5 plats som ett larm.<\/li><li>AC-fl\u00e4ktar och pumpar: kontrollera om frekvensomformare ing\u00e5r i Retermia leverans.<\/li><\/ul>\t\t\t\t\t\t\t\t<\/div>\n\t\t\t\t<\/div>\n\t\t\t\t<div class=\"elementor-element elementor-element-8798c7a elementor-widget elementor-widget-spacer\" data-id=\"8798c7a\" data-element_type=\"widget\" data-e-type=\"widget\" data-widget_type=\"spacer.default\">\n\t\t\t\t<div class=\"elementor-widget-container\">\n\t\t\t\t\t\t\t<div class=\"elementor-spacer\">\n\t\t\t<div class=\"elementor-spacer-inner\"><\/div>\n\t\t<\/div>\n\t\t\t\t\t\t<\/div>\n\t\t\t\t<\/div>\n\t\t\t\t\t<\/div>\n\t\t<\/div>\n\t\t\t\t\t<\/div>\n\t\t<\/section>\n\t\t\t\t<\/div>\n\t\t","protected":false},"excerpt":{"rendered":"<p>Automations- och styrkonsulten kommer att f\u00e5 funktionsbeskrivningar av Retermias utrustning samt dimensioneringsdata, som inkluderar information om de str\u00f6mf\u00f6rs\u00f6rjningar som kr\u00e4vs f\u00f6r utrustningen. Det finns separata instruktioner f\u00f6r de elektriska anslutningarna av fl\u00e4ktarna.<\/p>\n","protected":false},"author":13,"featured_media":28341,"parent":0,"menu_order":0,"comment_status":"closed","ping_status":"closed","template":"elementor_header_footer","meta":{"inline_featured_image":false,"footnotes":""},"hakunakyvyys":[],"yhteinen-luokittelutieto":[],"sivujen-luokittelutieto":[],"class_list":["post-29634","page","type-page","status-publish","has-post-thumbnail","hentry"],"_links":{"self":[{"href":"https:\/\/retermia.fi\/sv\/wp-json\/wp\/v2\/pages\/29634","targetHints":{"allow":["GET"]}}],"collection":[{"href":"https:\/\/retermia.fi\/sv\/wp-json\/wp\/v2\/pages"}],"about":[{"href":"https:\/\/retermia.fi\/sv\/wp-json\/wp\/v2\/types\/page"}],"author":[{"embeddable":true,"href":"https:\/\/retermia.fi\/sv\/wp-json\/wp\/v2\/users\/13"}],"replies":[{"embeddable":true,"href":"https:\/\/retermia.fi\/sv\/wp-json\/wp\/v2\/comments?post=29634"}],"version-history":[{"count":3,"href":"https:\/\/retermia.fi\/sv\/wp-json\/wp\/v2\/pages\/29634\/revisions"}],"predecessor-version":[{"id":34623,"href":"https:\/\/retermia.fi\/sv\/wp-json\/wp\/v2\/pages\/29634\/revisions\/34623"}],"wp:featuredmedia":[{"embeddable":true,"href":"https:\/\/retermia.fi\/sv\/wp-json\/wp\/v2\/media\/28341"}],"wp:attachment":[{"href":"https:\/\/retermia.fi\/sv\/wp-json\/wp\/v2\/media?parent=29634"}],"wp:term":[{"taxonomy":"hakunakyvyys","embeddable":true,"href":"https:\/\/retermia.fi\/sv\/wp-json\/wp\/v2\/hakunakyvyys?post=29634"},{"taxonomy":"yhteinen-luokittelutieto","embeddable":true,"href":"https:\/\/retermia.fi\/sv\/wp-json\/wp\/v2\/yhteinen-luokittelutieto?post=29634"},{"taxonomy":"sivujen-luokittelutieto","embeddable":true,"href":"https:\/\/retermia.fi\/sv\/wp-json\/wp\/v2\/sivujen-luokittelutieto?post=29634"}],"curies":[{"name":"wp","href":"https:\/\/api.w.org\/{rel}","templated":true}]}}