{"id":29586,"date":"2023-03-29T13:44:13","date_gmt":"2023-03-29T10:44:13","guid":{"rendered":"https:\/\/retermia.fi\/?page_id=29586"},"modified":"2024-04-26T11:40:57","modified_gmt":"2024-04-26T08:40:57","slug":"for-overvakaren","status":"publish","type":"page","link":"https:\/\/retermia.fi\/sv\/for-overvakaren","title":{"rendered":"F\u00f6r \u00f6vervakaren"},"content":{"rendered":"\t\t<div data-elementor-type=\"wp-page\" data-elementor-id=\"29586\" class=\"elementor elementor-29586 elementor-8372\" data-elementor-post-type=\"page\">\n\t\t\t\t\t\t<section class=\"elementor-section elementor-top-section elementor-element elementor-element-7db9733 elementor-section-height-min-height elementor-section-boxed elementor-section-height-default elementor-section-items-middle\" data-id=\"7db9733\" data-element_type=\"section\" data-e-type=\"section\" data-settings=\"{&quot;background_background&quot;:&quot;classic&quot;,&quot;jet_parallax_layout_list&quot;:[]}\">\n\t\t\t\t\t\t<div class=\"elementor-container elementor-column-gap-default\">\n\t\t\t\t\t<div class=\"elementor-column elementor-col-100 elementor-top-column elementor-element elementor-element-0f82738\" data-id=\"0f82738\" data-element_type=\"column\" data-e-type=\"column\">\n\t\t\t<div class=\"elementor-widget-wrap elementor-element-populated\">\n\t\t\t\t\t\t<div class=\"elementor-element elementor-element-662a470 elementor-widget elementor-widget-heading\" data-id=\"662a470\" data-element_type=\"widget\" data-e-type=\"widget\" data-widget_type=\"heading.default\">\n\t\t\t\t<div class=\"elementor-widget-container\">\n\t\t\t\t\t<h1 class=\"elementor-heading-title elementor-size-default\">F\u00f6r \u00f6vervakaren<\/h1>\t\t\t\t<\/div>\n\t\t\t\t<\/div>\n\t\t\t\t\t<\/div>\n\t\t<\/div>\n\t\t\t\t\t<\/div>\n\t\t<\/section>\n\t\t\t\t<section class=\"elementor-section elementor-top-section elementor-element elementor-element-6e25462 elementor-section-boxed elementor-section-height-default elementor-section-height-default\" data-id=\"6e25462\" data-element_type=\"section\" data-e-type=\"section\" data-settings=\"{&quot;jet_parallax_layout_list&quot;:[]}\">\n\t\t\t\t\t\t<div class=\"elementor-container elementor-column-gap-default\">\n\t\t\t\t\t<div class=\"elementor-column elementor-col-100 elementor-top-column elementor-element elementor-element-15059b0\" data-id=\"15059b0\" data-element_type=\"column\" data-e-type=\"column\">\n\t\t\t<div class=\"elementor-widget-wrap elementor-element-populated\">\n\t\t\t\t\t\t<section class=\"elementor-section elementor-inner-section elementor-element elementor-element-39890ba elementor-section-boxed elementor-section-height-default elementor-section-height-default\" data-id=\"39890ba\" data-element_type=\"section\" data-e-type=\"section\" data-settings=\"{&quot;jet_parallax_layout_list&quot;:[]}\">\n\t\t\t\t\t\t<div class=\"elementor-container elementor-column-gap-default\">\n\t\t\t\t\t<div class=\"elementor-column elementor-col-100 elementor-inner-column elementor-element elementor-element-327bac6\" data-id=\"327bac6\" data-element_type=\"column\" data-e-type=\"column\">\n\t\t\t<div class=\"elementor-widget-wrap elementor-element-populated\">\n\t\t\t\t\t\t<div class=\"elementor-element elementor-element-3731ae8 elementor-widget elementor-widget-heading\" data-id=\"3731ae8\" data-element_type=\"widget\" data-e-type=\"widget\" data-widget_type=\"heading.default\">\n\t\t\t\t<div class=\"elementor-widget-container\">\n\t\t\t\t\t<h2 class=\"elementor-heading-title elementor-size-default\">Kontroll av installation<\/h2>\t\t\t\t<\/div>\n\t\t\t\t<\/div>\n\t\t\t\t\t<\/div>\n\t\t<\/div>\n\t\t\t\t\t<\/div>\n\t\t<\/section>\n\t\t\t\t<section class=\"elementor-section elementor-inner-section elementor-element elementor-element-7f3fc1f elementor-section-boxed elementor-section-height-default elementor-section-height-default\" data-id=\"7f3fc1f\" data-element_type=\"section\" data-e-type=\"section\" data-settings=\"{&quot;jet_parallax_layout_list&quot;:[]}\">\n\t\t\t\t\t\t<div class=\"elementor-container elementor-column-gap-default\">\n\t\t\t\t\t<div class=\"elementor-column elementor-col-100 elementor-inner-column elementor-element elementor-element-3150ea5\" data-id=\"3150ea5\" data-element_type=\"column\" data-e-type=\"column\">\n\t\t\t<div class=\"elementor-widget-wrap elementor-element-populated\">\n\t\t\t\t\t\t<div class=\"elementor-element elementor-element-ff0720c elementor-widget elementor-widget-text-editor\" data-id=\"ff0720c\" data-element_type=\"widget\" data-e-type=\"widget\" data-widget_type=\"text-editor.default\">\n\t\t\t\t<div class=\"elementor-widget-container\">\n\t\t\t\t\t\t\t\t\t<p>Punkter att vara uppm\u00e4rksam p\u00e5 inkluderar:<\/p>\n<ul>\n<li>Den v\u00e4rme\u00f6verf\u00f6ringsv\u00e4tska som anv\u00e4nds i v\u00e4tsken\u00e4tet \u00e4r \u00f6verensst\u00e4mmande med Retermias garantivillkor.<\/li>\n<li>R\u00f6rsystemet har noggrant rengjorts fr\u00e5n svetsslagg, sk\u00e4rsp\u00e5n, rost och andra f\u00f6roreningar under installationen.<\/li>\n<li>Spolningen av r\u00f6rsystemet har utf\u00f6rts p\u00e5 ett s\u00e5dant s\u00e4tt att Retermias n\u00e5lv\u00e4rmev\u00e4xlare har f\u00f6rbikopplats fr\u00e5n resten av systemet, dvs. spolvattnet har inte letts genom n\u00e5lv\u00e4rmev\u00e4xlarna.<\/li>\n<li>R\u00f6rsystemet har noggrant t\u00f6mts p\u00e5 spolvatten innan n\u00e4tverket fylls med v\u00e4rme\u00f6verf\u00f6ringsv\u00e4tska.<\/li>\n<li>V\u00e4rmev\u00e4xlarna \u00e4r anslutna till r\u00f6rsystemet enligt motstr\u00f6msprincipen.<\/li>\n<li>V\u00e4tsken\u00e4tverket \u00e4r luftat och det finns ett tillr\u00e4ckligt \u00f6vertryck i n\u00e4tverket.<\/li>\n<li>Expansionsgruppen \u00e4r placerad p\u00e5 pumpens sugsida.<\/li>\n<li>Expansionsk\u00e4rlets volym och f\u00f6rtryck \u00e4r korrekt valda.<\/li>\n<\/ul>\t\t\t\t\t\t\t\t<\/div>\n\t\t\t\t<\/div>\n\t\t\t\t\t<\/div>\n\t\t<\/div>\n\t\t\t\t\t<\/div>\n\t\t<\/section>\n\t\t\t\t<div class=\"elementor-element elementor-element-f56042f elementor-widget elementor-widget-global elementor-global-26384 elementor-widget-html\" data-id=\"f56042f\" data-element_type=\"widget\" data-e-type=\"widget\" data-widget_type=\"html.default\">\n\t\t\t\t<div class=\"elementor-widget-container\">\n\t\t\t\t\t<script>\n    jQuery(function(){\n        DEARPDF.defaults.text.downloadPDFFile = \"Lataa PDF-tiedosto\";\n    });\n<\/script>\n<script>\n    jQuery(function(){\n        DEARPDF.defaults.text.gotoFirstPage = \"Siirry alkuun\";\n    });\n<\/script>\n<script>\n    jQuery(function(){\n        DEARPDF.defaults.text.gotoLastPage = \"Siirry loppuun\";\n    });\n<\/script>\n<script>\n    jQuery(function(){\n        DEARPDF.defaults.text.toggleSound = \"\u00c4\u00e4ni p\u00e4\u00e4lle\/pois\";\n    });\n<\/script>\n<script>\n    jQuery(function(){\n        DEARPDF.defaults.text.toggleOutline = \"Sis\u00e4llysluettelo p\u00e4\u00e4lle\/pois\";\n    });\n<\/script>\n<script>\n    jQuery(function(){\n        DEARPDF.defaults.text.toggleThumbnails = \"Pienoiskuvat p\u00e4\u00e4lle\/pois\";\n    });\n<\/script>\n<script>\n    jQuery(function(){\n        DEARPDF.defaults.text.zoomIn = \"L\u00e4henn\u00e4\";\n    });\n<\/script>\n<script>\n    jQuery(function(){\n        DEARPDF.defaults.text.zoomOut = \"Loitonna\";\n    });\n<\/script>\n<script>\n    jQuery(function(){\n        DEARPDF.defaults.text.toggleFullscreen = \"Avaa kokoikkunaan\";\n    });\n<\/script>\n<script>\n    jQuery(function(){\n        DEARPDF.defaults.text.share = \"Jakaminen\";\n    });\n<\/script>\t\t\t\t<\/div>\n\t\t\t\t<\/div>\n\t\t\t\t\t<\/div>\n\t\t<\/div>\n\t\t\t\t\t<\/div>\n\t\t<\/section>\n\t\t\t\t<section class=\"elementor-section elementor-top-section elementor-element elementor-element-969a596 elementor-section-boxed elementor-section-height-default elementor-section-height-default\" data-id=\"969a596\" data-element_type=\"section\" data-e-type=\"section\" data-settings=\"{&quot;jet_parallax_layout_list&quot;:[]}\">\n\t\t\t\t\t\t<div class=\"elementor-container elementor-column-gap-default\">\n\t\t\t\t\t<div class=\"elementor-column elementor-col-50 elementor-top-column elementor-element elementor-element-1a454d5\" data-id=\"1a454d5\" data-element_type=\"column\" data-e-type=\"column\">\n\t\t\t<div class=\"elementor-widget-wrap elementor-element-populated\">\n\t\t\t\t\t\t<div class=\"elementor-element elementor-element-f12f1b3 elementor-widget elementor-widget-heading\" data-id=\"f12f1b3\" data-element_type=\"widget\" data-e-type=\"widget\" data-widget_type=\"heading.default\">\n\t\t\t\t<div class=\"elementor-widget-container\">\n\t\t\t\t\t<h2 class=\"elementor-heading-title elementor-size-default\">Garantiprotokoll<\/h2>\t\t\t\t<\/div>\n\t\t\t\t<\/div>\n\t\t\t\t<div class=\"elementor-element elementor-element-63df858 elementor-widget elementor-widget-shortcode\" data-id=\"63df858\" data-element_type=\"widget\" data-e-type=\"widget\" data-widget_type=\"shortcode.default\">\n\t\t\t\t<div class=\"elementor-widget-container\">\n\t\t\t\t\t\t\t<div class=\"elementor-shortcode\"><div class=\"df-element df-lite\"  data-slug=\"garantiprotokoll_2024\" data-_slug=\"garantiprotokoll_2024\" data-title=\"garantiprotokoll_2024\" id=\"df_32418\" data-option=\"df_option_32418\" ><\/div><script class=\"df-shortcode-script\" type=\"application\/javascript\">window.df_option_32418 = {\"source\":\"https:\\\/\\\/retermia.fi\\\/wp-content\\\/uploads\\\/Garantiprotokoll_03_2024.pdf\",\"viewerType\":\"flipbook\",\"is3D\":true,\"height\":\"500\",\"enableSound\":false,\"slug\":\"garantiprotokoll_2024\",\"id\":32418}; if(window.DEARPDF && window.DEARPDF.parseElements){window.DEARPDF.parseElements();}<\/script><\/div>\n\t\t\t\t\t\t<\/div>\n\t\t\t\t<\/div>\n\t\t\t\t<div class=\"elementor-element elementor-element-6bb596fb elementor-align-center elementor-widget elementor-widget-button\" data-id=\"6bb596fb\" data-element_type=\"widget\" data-e-type=\"widget\" data-widget_type=\"button.default\">\n\t\t\t\t<div class=\"elementor-widget-container\">\n\t\t\t\t\t\t\t\t\t<div class=\"elementor-button-wrapper\">\n\t\t\t\t\t<a class=\"elementor-button elementor-button-link elementor-size-sm\" href=\"https:\/\/retermia.fi\/wp-content\/uploads\/Garantiprotokoll_03_2024.docx\" target=\"_blank\">\n\t\t\t\t\t\t<span class=\"elementor-button-content-wrapper\">\n\t\t\t\t\t\t<span class=\"elementor-button-icon\">\n\t\t\t\t<i aria-hidden=\"true\" class=\"far fa-file-word\"><\/i>\t\t\t<\/span>\n\t\t\t\t\t\t\t\t\t<span class=\"elementor-button-text\">Ladda ner<\/span>\n\t\t\t\t\t<\/span>\n\t\t\t\t\t<\/a>\n\t\t\t\t<\/div>\n\t\t\t\t\t\t\t\t<\/div>\n\t\t\t\t<\/div>\n\t\t\t\t\t<\/div>\n\t\t<\/div>\n\t\t\t\t<div class=\"elementor-column elementor-col-50 elementor-top-column elementor-element elementor-element-8b3c3dc\" data-id=\"8b3c3dc\" data-element_type=\"column\" data-e-type=\"column\">\n\t\t\t<div class=\"elementor-widget-wrap elementor-element-populated\">\n\t\t\t\t\t\t<div class=\"elementor-element elementor-element-e6feb75 elementor-widget elementor-widget-heading\" data-id=\"e6feb75\" data-element_type=\"widget\" data-e-type=\"widget\" data-widget_type=\"heading.default\">\n\t\t\t\t<div class=\"elementor-widget-container\">\n\t\t\t\t\t<h2 class=\"elementor-heading-title elementor-size-default\">Kvalitetsprotokoll<\/h2>\t\t\t\t<\/div>\n\t\t\t\t<\/div>\n\t\t\t\t<div class=\"elementor-element elementor-element-79b3bff elementor-widget elementor-widget-shortcode\" data-id=\"79b3bff\" data-element_type=\"widget\" data-e-type=\"widget\" data-widget_type=\"shortcode.default\">\n\t\t\t\t<div class=\"elementor-widget-container\">\n\t\t\t\t\t\t\t<div class=\"elementor-shortcode\"><div class=\"df-element df-lite\"  data-slug=\"kvalitetsprotokoll_2024\" data-_slug=\"kvalitetsprotokoll_2024\" data-title=\"kvalitetsprotokoll_2024\" id=\"df_32419\" data-option=\"df_option_32419\" ><\/div><script class=\"df-shortcode-script\" type=\"application\/javascript\">window.df_option_32419 = {\"source\":\"https:\\\/\\\/retermia.fi\\\/wp-content\\\/uploads\\\/Kvalitetsprotokoll_03_2024.pdf\",\"viewerType\":\"flipbook\",\"is3D\":true,\"height\":\"500\",\"enableSound\":false,\"slug\":\"kvalitetsprotokoll_2024\",\"id\":32419}; if(window.DEARPDF && window.DEARPDF.parseElements){window.DEARPDF.parseElements();}<\/script><\/div>\n\t\t\t\t\t\t<\/div>\n\t\t\t\t<\/div>\n\t\t\t\t<div class=\"elementor-element elementor-element-0ed571b elementor-align-center elementor-widget elementor-widget-button\" data-id=\"0ed571b\" data-element_type=\"widget\" data-e-type=\"widget\" data-widget_type=\"button.default\">\n\t\t\t\t<div class=\"elementor-widget-container\">\n\t\t\t\t\t\t\t\t\t<div class=\"elementor-button-wrapper\">\n\t\t\t\t\t<a class=\"elementor-button elementor-button-link elementor-size-sm\" href=\"https:\/\/retermia.fi\/wp-content\/uploads\/Kvalitetsprotokoll_03_2024.docx\" target=\"_blank\">\n\t\t\t\t\t\t<span class=\"elementor-button-content-wrapper\">\n\t\t\t\t\t\t<span class=\"elementor-button-icon\">\n\t\t\t\t<i aria-hidden=\"true\" class=\"far fa-file-word\"><\/i>\t\t\t<\/span>\n\t\t\t\t\t\t\t\t\t<span class=\"elementor-button-text\">Ladda ner<\/span>\n\t\t\t\t\t<\/span>\n\t\t\t\t\t<\/a>\n\t\t\t\t<\/div>\n\t\t\t\t\t\t\t\t<\/div>\n\t\t\t\t<\/div>\n\t\t\t\t\t<\/div>\n\t\t<\/div>\n\t\t\t\t\t<\/div>\n\t\t<\/section>\n\t\t\t\t<section class=\"elementor-section elementor-top-section elementor-element elementor-element-e410b8f elementor-section-boxed elementor-section-height-default elementor-section-height-default\" data-id=\"e410b8f\" data-element_type=\"section\" data-e-type=\"section\" data-settings=\"{&quot;jet_parallax_layout_list&quot;:[],&quot;background_background&quot;:&quot;classic&quot;}\">\n\t\t\t\t\t\t<div class=\"elementor-container elementor-column-gap-default\">\n\t\t\t\t\t<div class=\"elementor-column elementor-col-100 elementor-top-column elementor-element elementor-element-3f4e91fa\" data-id=\"3f4e91fa\" data-element_type=\"column\" data-e-type=\"column\">\n\t\t\t<div class=\"elementor-widget-wrap elementor-element-populated\">\n\t\t\t\t\t\t<div class=\"elementor-element elementor-element-8664c70 elementor-widget elementor-widget-jet-table\" data-id=\"8664c70\" data-element_type=\"widget\" data-e-type=\"widget\" data-widget_type=\"jet-table.default\">\n\t\t\t\t<div class=\"elementor-widget-container\">\n\t\t\t\t\t<div class=\"elementor-jet-table jet-elements\">\n\t\t<div class=\"jet-table-wrapper\">\n\t\t\t<table class=\"jet-table jet-table--fa5-compat\">\n\t\t\t\t<thead class=\"jet-table__head\"><tr class=\"jet-table__head-row\"><th class=\"jet-table__cell elementor-repeater-item-623f9f4 jet-table__head-cell\" colspan=\"2\" scope=\"col\"><div class=\"jet-table__cell-inner\"><div class=\"jet-table__cell-content\"><div class=\"jet-table__cell-text\">Det finns en skylt vid expansionsgruppen med informationen nedan:<\/div><\/div><\/div><\/th><\/tr><\/thead>\n\t\t\t\t\t\t\t\t<tbody class=\"jet-table__body\"><tr class=\"jet-table__body-row elementor-repeater-item-3a7dd3a\"><td class=\"jet-table__cell elementor-repeater-item-3a13fec jet-table__body-cell\"><div class=\"jet-table__cell-inner\"><div class=\"jet-table__cell-content\"><div class=\"jet-table__cell-text\">V\u00e4rme\u00f6verf\u00f6ringsv\u00e4tska<\/div><\/div><\/div><\/td><td class=\"jet-table__cell elementor-repeater-item-876b617 jet-table__body-cell\"><div class=\"jet-table__cell-inner\"><div class=\"jet-table__cell-content\"><div class=\"jet-table__cell-text\">t.ex. etylenglykol<\/div><\/div><\/div><\/td><\/tr><tr class=\"jet-table__body-row elementor-repeater-item-0b451a2\"><td class=\"jet-table__cell elementor-repeater-item-3a867fe jet-table__body-cell\"><div class=\"jet-table__cell-inner\"><div class=\"jet-table__cell-content\"><div class=\"jet-table__cell-text\">Inneh\u00e5ll av glykol<\/div><\/div><\/div><\/td><td class=\"jet-table__cell elementor-repeater-item-bb68b2a jet-table__body-cell\"><div class=\"jet-table__cell-inner\"><div class=\"jet-table__cell-content\"><div class=\"jet-table__cell-text\">t.ex. Dowcal 100<\/div><\/div><\/div><\/td><\/tr><tr class=\"jet-table__body-row elementor-repeater-item-42c6af8\"><td class=\"jet-table__cell elementor-repeater-item-b29ddde jet-table__body-cell\"><div class=\"jet-table__cell-inner\"><div class=\"jet-table__cell-content\"><div class=\"jet-table__cell-text\">Varum\u00e4rkesnamn<\/div><\/div><\/div><\/td><td class=\"jet-table__cell elementor-repeater-item-84303fd jet-table__body-cell\"><div class=\"jet-table__cell-inner\"><div class=\"jet-table__cell-content\"><div class=\"jet-table__cell-text\">t.ex. Dowcal 100<\/div><\/div><\/div><\/td><\/tr><tr class=\"jet-table__body-row elementor-repeater-item-1ef1976\"><td class=\"jet-table__cell elementor-repeater-item-0e273c3 jet-table__body-cell\"><div class=\"jet-table__cell-inner\"><div class=\"jet-table__cell-content\"><div class=\"jet-table__cell-text\">N\u00e4tverkets volym<\/div><\/div><\/div><\/td><td class=\"jet-table__cell elementor-repeater-item-6180b57 jet-table__body-cell\"><div class=\"jet-table__cell-inner\"><div class=\"jet-table__cell-content\"><div class=\"jet-table__cell-text\">xx l<\/div><\/div><\/div><\/td><\/tr><tr class=\"jet-table__body-row elementor-repeater-item-a1d4357\"><td class=\"jet-table__cell elementor-repeater-item-7aac781 jet-table__body-cell\"><div class=\"jet-table__cell-inner\"><div class=\"jet-table__cell-content\"><div class=\"jet-table__cell-text\">Expansionsk\u00e4rlets volym<\/div><\/div><\/div><\/td><td class=\"jet-table__cell elementor-repeater-item-1c81a01 jet-table__body-cell\"><div class=\"jet-table__cell-inner\"><div class=\"jet-table__cell-content\"><div class=\"jet-table__cell-text\">xx l<\/div><\/div><\/div><\/td><\/tr><tr class=\"jet-table__body-row elementor-repeater-item-c3e0965\"><td class=\"jet-table__cell elementor-repeater-item-c1d0b16 jet-table__body-cell\"><div class=\"jet-table__cell-inner\"><div class=\"jet-table__cell-content\"><div class=\"jet-table__cell-text\">F\u00f6rtryck i expansionsk\u00e4rl<\/div><\/div><\/div><\/td><td class=\"jet-table__cell elementor-repeater-item-21380c4 jet-table__body-cell\"><div class=\"jet-table__cell-inner\"><div class=\"jet-table__cell-content\"><div class=\"jet-table__cell-text\">xx kPa<\/div><\/div><\/div><\/td><\/tr><tr class=\"jet-table__body-row elementor-repeater-item-b5fffca\"><td class=\"jet-table__cell elementor-repeater-item-8fb0b63 jet-table__body-cell\"><div class=\"jet-table__cell-inner\"><div class=\"jet-table__cell-content\"><div class=\"jet-table__cell-text\">\u00d6ppningstryck f\u00f6r s\u00e4kerhetsventil<\/div><\/div><\/div><\/td><td class=\"jet-table__cell elementor-repeater-item-37e05a1 jet-table__body-cell\"><div class=\"jet-table__cell-inner\"><div class=\"jet-table__cell-content\"><div class=\"jet-table__cell-text\">xx kPa<\/div><\/div><\/div><\/td><\/tr><\/tbody>\n\t\t\t<\/table>\n\t\t<\/div>\n\n\t\t<\/div>\t\t\t\t<\/div>\n\t\t\t\t<\/div>\n\t\t\t\t\t<\/div>\n\t\t<\/div>\n\t\t\t\t\t<\/div>\n\t\t<\/section>\n\t\t\t\t<section class=\"elementor-section elementor-top-section elementor-element elementor-element-f041993 elementor-section-boxed elementor-section-height-default elementor-section-height-default\" data-id=\"f041993\" data-element_type=\"section\" data-e-type=\"section\" data-settings=\"{&quot;jet_parallax_layout_list&quot;:[]}\">\n\t\t\t\t\t\t<div class=\"elementor-container elementor-column-gap-default\">\n\t\t\t\t\t<div class=\"elementor-column elementor-col-100 elementor-top-column elementor-element elementor-element-d3a4115\" data-id=\"d3a4115\" data-element_type=\"column\" data-e-type=\"column\">\n\t\t\t<div class=\"elementor-widget-wrap elementor-element-populated\">\n\t\t\t\t\t\t<div class=\"elementor-element elementor-element-b9b5513 elementor-widget elementor-widget-text-editor\" data-id=\"b9b5513\" data-element_type=\"widget\" data-e-type=\"widget\" data-widget_type=\"text-editor.default\">\n\t\t\t\t<div class=\"elementor-widget-container\">\n\t\t\t\t\t\t\t\t\t<ul>\n<li>Vindskyddskivor har installerats mellan V\u00c5V-huvar\/ V\u00c5V-fl\u00e4ktar och vattentaket.<\/li>\n<li>Runt V\u00c5V-enheter och ventilationsaggregat finns de n\u00f6dv\u00e4ndiga serviceplattformerna.<\/li>\n<li>Det \u00e4r l\u00e4tt och s\u00e4kert att komma \u00e5t utrustningen.<\/li>\n<li>Det finns en vatten- och elanslutning n\u00e4ra V\u00c5V-enheterna.<\/li>\n<li>Du kan hitta Retermia-<strong><a href=\"https:\/\/retermia.fi\/sv?p=29196\" target=\"_blank\" rel=\"noopener\">servicepaket.<\/a><\/strong><\/li>\n<li>Retermia-enheternas dr\u00e4neringsanslutningar leds via ett vattenl\u00e5s till en golvbrunn eller en fettavskiljningsbrunn.<\/li>\n<li>Det finns inga luftl\u00e4ckage i anslutningen mellan Retermia Standard n\u00e5lv\u00e4rmev\u00e4xlare och ytterv\u00e4gg\/ventilationskammare.<\/li>\n<li>Om produkten \u00e4r utrustad med en servicelucka som \u00f6ppnas uppifr\u00e5n m\u00e5ste serviceluckan kunna \u00f6ppnas och det m\u00e5ste finnas minst 1300 mm fritt utrymme ovanf\u00f6r V\u00c5V-enheten f\u00f6r service.<\/li>\n<\/ul>\n\t\t\t\t\t\t\t\t<\/div>\n\t\t\t\t<\/div>\n\t\t\t\t<div class=\"elementor-element elementor-element-c3000b4 elementor-widget elementor-widget-text-editor\" data-id=\"c3000b4\" data-element_type=\"widget\" data-e-type=\"widget\" data-widget_type=\"text-editor.default\">\n\t\t\t\t<div class=\"elementor-widget-container\">\n\t\t\t\t\t\t\t\t\t<p><a href=\"https:\/\/retermia.fi\/sv?page_id=29582\" target=\"_blank\" rel=\"noopener\"><strong>I Materialbanken<\/strong><\/a> hittar du bland annat entreprenadsgr\u00e4nser, mallar f\u00f6r arbetsbeskrivningar etc.<\/p>\n\t\t\t\t\t\t\t\t<\/div>\n\t\t\t\t<\/div>\n\t\t\t\t\t<\/div>\n\t\t<\/div>\n\t\t\t\t\t<\/div>\n\t\t<\/section>\n\t\t\t\t<\/div>\n\t\t","protected":false},"excerpt":{"rendered":"<p>Vid \u00f6vervakning av installationen b\u00f6r man bland annat vara uppm\u00e4rksam p\u00e5 f\u00f6ljande punkter&#8230;<\/p>\n","protected":false},"author":13,"featured_media":28243,"parent":0,"menu_order":0,"comment_status":"closed","ping_status":"closed","template":"elementor_header_footer","meta":{"inline_featured_image":false,"footnotes":""},"hakunakyvyys":[],"yhteinen-luokittelutieto":[],"sivujen-luokittelutieto":[],"class_list":["post-29586","page","type-page","status-publish","has-post-thumbnail","hentry"],"_links":{"self":[{"href":"https:\/\/retermia.fi\/sv\/wp-json\/wp\/v2\/pages\/29586","targetHints":{"allow":["GET"]}}],"collection":[{"href":"https:\/\/retermia.fi\/sv\/wp-json\/wp\/v2\/pages"}],"about":[{"href":"https:\/\/retermia.fi\/sv\/wp-json\/wp\/v2\/types\/page"}],"author":[{"embeddable":true,"href":"https:\/\/retermia.fi\/sv\/wp-json\/wp\/v2\/users\/13"}],"replies":[{"embeddable":true,"href":"https:\/\/retermia.fi\/sv\/wp-json\/wp\/v2\/comments?post=29586"}],"version-history":[{"count":5,"href":"https:\/\/retermia.fi\/sv\/wp-json\/wp\/v2\/pages\/29586\/revisions"}],"predecessor-version":[{"id":32432,"href":"https:\/\/retermia.fi\/sv\/wp-json\/wp\/v2\/pages\/29586\/revisions\/32432"}],"wp:featuredmedia":[{"embeddable":true,"href":"https:\/\/retermia.fi\/sv\/wp-json\/wp\/v2\/media\/28243"}],"wp:attachment":[{"href":"https:\/\/retermia.fi\/sv\/wp-json\/wp\/v2\/media?parent=29586"}],"wp:term":[{"taxonomy":"hakunakyvyys","embeddable":true,"href":"https:\/\/retermia.fi\/sv\/wp-json\/wp\/v2\/hakunakyvyys?post=29586"},{"taxonomy":"yhteinen-luokittelutieto","embeddable":true,"href":"https:\/\/retermia.fi\/sv\/wp-json\/wp\/v2\/yhteinen-luokittelutieto?post=29586"},{"taxonomy":"sivujen-luokittelutieto","embeddable":true,"href":"https:\/\/retermia.fi\/sv\/wp-json\/wp\/v2\/sivujen-luokittelutieto?post=29586"}],"curies":[{"name":"wp","href":"https:\/\/api.w.org\/{rel}","templated":true}]}}