{"id":29578,"date":"2023-03-28T13:02:28","date_gmt":"2023-03-28T10:02:28","guid":{"rendered":"https:\/\/retermia.fi\/?page_id=29578"},"modified":"2024-03-06T15:45:10","modified_gmt":"2024-03-06T13:45:10","slug":"for-arkitekter","status":"publish","type":"page","link":"https:\/\/retermia.fi\/sv\/for-arkitekter","title":{"rendered":"F\u00f6r arkitekter"},"content":{"rendered":"\t\t<div data-elementor-type=\"wp-page\" data-elementor-id=\"29578\" class=\"elementor elementor-29578 elementor-8000\" data-elementor-post-type=\"page\">\n\t\t\t\t\t\t<section class=\"elementor-section elementor-top-section elementor-element elementor-element-7db9733 elementor-section-height-min-height elementor-section-boxed elementor-section-height-default elementor-section-items-middle\" data-id=\"7db9733\" data-element_type=\"section\" data-e-type=\"section\" data-settings=\"{&quot;background_background&quot;:&quot;classic&quot;,&quot;jet_parallax_layout_list&quot;:[]}\">\n\t\t\t\t\t\t<div class=\"elementor-container elementor-column-gap-default\">\n\t\t\t\t\t<div class=\"elementor-column elementor-col-100 elementor-top-column elementor-element elementor-element-0f82738\" data-id=\"0f82738\" data-element_type=\"column\" data-e-type=\"column\">\n\t\t\t<div class=\"elementor-widget-wrap elementor-element-populated\">\n\t\t\t\t\t\t<div class=\"elementor-element elementor-element-662a470 elementor-widget elementor-widget-heading\" data-id=\"662a470\" data-element_type=\"widget\" data-e-type=\"widget\" data-widget_type=\"heading.default\">\n\t\t\t\t<div class=\"elementor-widget-container\">\n\t\t\t\t\t<h1 class=\"elementor-heading-title elementor-size-default\">F\u00f6r arkitekten<\/h1>\t\t\t\t<\/div>\n\t\t\t\t<\/div>\n\t\t\t\t\t<\/div>\n\t\t<\/div>\n\t\t\t\t\t<\/div>\n\t\t<\/section>\n\t\t\t\t<section class=\"elementor-section elementor-top-section elementor-element elementor-element-2e07b06 elementor-section-boxed elementor-section-height-default elementor-section-height-default\" data-id=\"2e07b06\" data-element_type=\"section\" data-e-type=\"section\" data-settings=\"{&quot;jet_parallax_layout_list&quot;:[]}\">\n\t\t\t\t\t\t<div class=\"elementor-container elementor-column-gap-default\">\n\t\t\t\t\t<div class=\"elementor-column elementor-col-100 elementor-top-column elementor-element elementor-element-c28532c\" data-id=\"c28532c\" data-element_type=\"column\" data-e-type=\"column\">\n\t\t\t<div class=\"elementor-widget-wrap elementor-element-populated\">\n\t\t\t\t\t\t<div class=\"elementor-element elementor-element-17a192e elementor-widget elementor-widget-spacer\" data-id=\"17a192e\" data-element_type=\"widget\" data-e-type=\"widget\" data-widget_type=\"spacer.default\">\n\t\t\t\t<div class=\"elementor-widget-container\">\n\t\t\t\t\t\t\t<div class=\"elementor-spacer\">\n\t\t\t<div class=\"elementor-spacer-inner\"><\/div>\n\t\t<\/div>\n\t\t\t\t\t\t<\/div>\n\t\t\t\t<\/div>\n\t\t\t\t<div class=\"elementor-element elementor-element-c81c1a0 elementor-widget elementor-widget-spacer\" data-id=\"c81c1a0\" data-element_type=\"widget\" data-e-type=\"widget\" data-widget_type=\"spacer.default\">\n\t\t\t\t<div class=\"elementor-widget-container\">\n\t\t\t\t\t\t\t<div class=\"elementor-spacer\">\n\t\t\t<div class=\"elementor-spacer-inner\"><\/div>\n\t\t<\/div>\n\t\t\t\t\t\t<\/div>\n\t\t\t\t<\/div>\n\t\t\t\t<div class=\"elementor-element elementor-element-f42c485 elementor-widget elementor-widget-text-editor\" data-id=\"f42c485\" data-element_type=\"widget\" data-e-type=\"widget\" data-widget_type=\"text-editor.default\">\n\t\t\t\t<div class=\"elementor-widget-container\">\n\t\t\t\t\t\t\t\t\t<p>Retermias energibesparande l\u00f6sning \u00e4r l\u00e4mplig f\u00f6r b\u00e5de centraliserade och decentraliserade ventilationssystem i olika typer av byggnader. Tack vare sin l\u00e5ga profil och l\u00e5ga ljudniv\u00e5 \u00e4r Retermia V\u00c5V-system l\u00e4mpligt som v\u00e4rme\u00e5tervinningssystem f\u00f6r byggnader med h\u00f6gt v\u00e4rde. Retermia-konceptet f\u00f6rb\u00e4ttrar inomhusluftens kvalitet och energieffektiviteten i en gammal byggnad utan att f\u00f6r\u00e4ndra dess arkitektoniska utseende.&nbsp;<span style=\"color: var( --e-global-color-text ); font-family: var( --e-global-typography-text-font-family ), Sans-serif; font-size: var( --e-global-typography-text-font-size ); font-style: var( --e-global-typography-text-font-style ); font-weight: var( --e-global-typography-text-font-weight ); letter-spacing: var( --e-global-typography-text-letter-spacing ); text-transform: var( --e-global-typography-text-text-transform ); word-spacing: var( --e-global-typography-text-word-spacing ); background-color: var( --e-global-color-100d932f );\">V\u00e4rmev\u00e4xlare installeras antingen inuti eller utanf\u00f6r byggnaden beroende p\u00e5 behov. Vid installation utomhus minimeras behovet av utrymme i maskinrummet.&nbsp;<\/span><\/p>\n\t\t\t\t\t\t\t\t<\/div>\n\t\t\t\t<\/div>\n\t\t\t\t<div class=\"elementor-element elementor-element-d45dbd0 elementor-widget elementor-widget-image\" data-id=\"d45dbd0\" data-element_type=\"widget\" data-e-type=\"widget\" data-widget_type=\"image.default\">\n\t\t\t\t<div class=\"elementor-widget-container\">\n\t\t\t\t\t\t\t\t\t\t\t\t\t\t\t<img fetchpriority=\"high\" decoding=\"async\" width=\"800\" height=\"600\" src=\"https:\/\/retermia.fi\/wp-content\/uploads\/vartiokylan-koulu.jpg\" class=\"attachment-large size-large wp-image-27903\" alt=\"\" srcset=\"https:\/\/retermia.fi\/wp-content\/uploads\/vartiokylan-koulu.jpg 800w, https:\/\/retermia.fi\/wp-content\/uploads\/vartiokylan-koulu-600x450.jpg 600w, https:\/\/retermia.fi\/wp-content\/uploads\/vartiokylan-koulu-300x225.jpg 300w, https:\/\/retermia.fi\/wp-content\/uploads\/vartiokylan-koulu-768x576.jpg 768w\" sizes=\"(max-width: 800px) 100vw, 800px\" \/>\t\t\t\t\t\t\t\t\t\t\t\t\t\t\t<\/div>\n\t\t\t\t<\/div>\n\t\t\t\t<div class=\"elementor-element elementor-element-d4c72dc elementor-widget elementor-widget-image\" data-id=\"d4c72dc\" data-element_type=\"widget\" data-e-type=\"widget\" data-widget_type=\"image.default\">\n\t\t\t\t<div class=\"elementor-widget-container\">\n\t\t\t\t\t\t\t\t\t\t\t\t\t\t\t<img decoding=\"async\" width=\"800\" height=\"600\" src=\"https:\/\/retermia.fi\/wp-content\/uploads\/vartiokylan-koulu2.jpg\" class=\"attachment-large size-large wp-image-27901\" alt=\"\" srcset=\"https:\/\/retermia.fi\/wp-content\/uploads\/vartiokylan-koulu2.jpg 800w, https:\/\/retermia.fi\/wp-content\/uploads\/vartiokylan-koulu2-600x450.jpg 600w, https:\/\/retermia.fi\/wp-content\/uploads\/vartiokylan-koulu2-300x225.jpg 300w, https:\/\/retermia.fi\/wp-content\/uploads\/vartiokylan-koulu2-768x576.jpg 768w\" sizes=\"(max-width: 800px) 100vw, 800px\" \/>\t\t\t\t\t\t\t\t\t\t\t\t\t\t\t<\/div>\n\t\t\t\t<\/div>\n\t\t\t\t<div class=\"elementor-element elementor-element-c2f1c92 elementor-widget-divider--view-line elementor-widget elementor-widget-divider\" data-id=\"c2f1c92\" data-element_type=\"widget\" data-e-type=\"widget\" data-widget_type=\"divider.default\">\n\t\t\t\t<div class=\"elementor-widget-container\">\n\t\t\t\t\t\t\t<div class=\"elementor-divider\">\n\t\t\t<span class=\"elementor-divider-separator\">\n\t\t\t\t\t\t<\/span>\n\t\t<\/div>\n\t\t\t\t\t\t<\/div>\n\t\t\t\t<\/div>\n\t\t\t\t<div class=\"elementor-element elementor-element-65e82ad elementor-widget elementor-widget-text-editor\" data-id=\"65e82ad\" data-element_type=\"widget\" data-e-type=\"widget\" data-widget_type=\"text-editor.default\">\n\t\t\t\t<div class=\"elementor-widget-container\">\n\t\t\t\t\t\t\t\t\t<p><em><strong>Vartiokyl\u00e4skolan i Helsingfors. V\u00c5V-fl\u00e4ktar, som lackerats i samma f\u00e4rg som taket, sm\u00e4lter v\u00e4l in i landskapet tack vare sin l\u00e5ga struktur.<br \/><\/strong><\/em><\/p>\n\t\t\t\t\t\t\t\t<\/div>\n\t\t\t\t<\/div>\n\t\t\t\t<section class=\"elementor-section elementor-inner-section elementor-element elementor-element-20fbddb elementor-section-boxed elementor-section-height-default elementor-section-height-default\" data-id=\"20fbddb\" data-element_type=\"section\" data-e-type=\"section\" data-settings=\"{&quot;jet_parallax_layout_list&quot;:[]}\">\n\t\t\t\t\t\t<div class=\"elementor-container elementor-column-gap-default\">\n\t\t\t\t\t<div class=\"elementor-column elementor-col-100 elementor-inner-column elementor-element elementor-element-4e45a8a\" data-id=\"4e45a8a\" data-element_type=\"column\" data-e-type=\"column\">\n\t\t\t<div class=\"elementor-widget-wrap elementor-element-populated\">\n\t\t\t\t\t\t<div class=\"elementor-element elementor-element-329b6c1 elementor-widget elementor-widget-image\" data-id=\"329b6c1\" data-element_type=\"widget\" data-e-type=\"widget\" data-widget_type=\"image.default\">\n\t\t\t\t<div class=\"elementor-widget-container\">\n\t\t\t\t\t\t\t\t\t\t\t\t\t\t\t<img decoding=\"async\" width=\"768\" height=\"384\" src=\"https:\/\/retermia.fi\/wp-content\/uploads\/punaiseen-peltiin-768x384.jpg\" class=\"attachment-medium_large size-medium_large wp-image-28607\" alt=\"\" srcset=\"https:\/\/retermia.fi\/wp-content\/uploads\/punaiseen-peltiin-768x384.jpg 768w, https:\/\/retermia.fi\/wp-content\/uploads\/punaiseen-peltiin-600x300.jpg 600w, https:\/\/retermia.fi\/wp-content\/uploads\/punaiseen-peltiin-300x150.jpg 300w, https:\/\/retermia.fi\/wp-content\/uploads\/punaiseen-peltiin.jpg 800w\" sizes=\"(max-width: 768px) 100vw, 768px\" \/>\t\t\t\t\t\t\t\t\t\t\t\t\t\t\t<\/div>\n\t\t\t\t<\/div>\n\t\t\t\t\t<\/div>\n\t\t<\/div>\n\t\t\t\t\t<\/div>\n\t\t<\/section>\n\t\t\t\t<div class=\"elementor-element elementor-element-d541677 elementor-widget elementor-widget-image\" data-id=\"d541677\" data-element_type=\"widget\" data-e-type=\"widget\" data-widget_type=\"image.default\">\n\t\t\t\t<div class=\"elementor-widget-container\">\n\t\t\t\t\t\t\t\t\t\t\t\t\t\t\t<img loading=\"lazy\" decoding=\"async\" width=\"768\" height=\"384\" src=\"https:\/\/retermia.fi\/wp-content\/uploads\/harmaa_kansi-kiinni-768x384.jpg\" class=\"attachment-medium_large size-medium_large wp-image-28603\" alt=\"\" srcset=\"https:\/\/retermia.fi\/wp-content\/uploads\/harmaa_kansi-kiinni-768x384.jpg 768w, https:\/\/retermia.fi\/wp-content\/uploads\/harmaa_kansi-kiinni-600x300.jpg 600w, https:\/\/retermia.fi\/wp-content\/uploads\/harmaa_kansi-kiinni-300x150.jpg 300w, https:\/\/retermia.fi\/wp-content\/uploads\/harmaa_kansi-kiinni.jpg 800w\" sizes=\"(max-width: 768px) 100vw, 768px\" \/>\t\t\t\t\t\t\t\t\t\t\t\t\t\t\t<\/div>\n\t\t\t\t<\/div>\n\t\t\t\t<div class=\"elementor-element elementor-element-926ad25 elementor-widget-divider--view-line elementor-widget elementor-widget-divider\" data-id=\"926ad25\" data-element_type=\"widget\" data-e-type=\"widget\" data-widget_type=\"divider.default\">\n\t\t\t\t<div class=\"elementor-widget-container\">\n\t\t\t\t\t\t\t<div class=\"elementor-divider\">\n\t\t\t<span class=\"elementor-divider-separator\">\n\t\t\t\t\t\t<\/span>\n\t\t<\/div>\n\t\t\t\t\t\t<\/div>\n\t\t\t\t<\/div>\n\t\t\t\t<div class=\"elementor-element elementor-element-28d24ff elementor-widget elementor-widget-text-editor\" data-id=\"28d24ff\" data-element_type=\"widget\" data-e-type=\"widget\" data-widget_type=\"text-editor.default\">\n\t\t\t\t<div class=\"elementor-widget-container\">\n\t\t\t\t\t\t\t\t\t<p><em><strong>N\u00e5lv\u00e4rmev\u00e4xlaren kan tillverkas i den f\u00e4rg som kunden v\u00e4ljer.<\/strong><\/em><\/p>\n\t\t\t\t\t\t\t\t<\/div>\n\t\t\t\t<\/div>\n\t\t\t\t<div class=\"elementor-element elementor-element-7d49527 elementor-widget elementor-widget-image\" data-id=\"7d49527\" data-element_type=\"widget\" data-e-type=\"widget\" data-widget_type=\"image.default\">\n\t\t\t\t<div class=\"elementor-widget-container\">\n\t\t\t\t\t\t\t\t\t\t\t\t\t\t\t<img loading=\"lazy\" decoding=\"async\" width=\"800\" height=\"600\" src=\"https:\/\/retermia.fi\/wp-content\/uploads\/3-D-mallennus.jpg\" class=\"attachment-large size-large wp-image-27905\" alt=\"\" srcset=\"https:\/\/retermia.fi\/wp-content\/uploads\/3-D-mallennus.jpg 800w, https:\/\/retermia.fi\/wp-content\/uploads\/3-D-mallennus-600x450.jpg 600w, https:\/\/retermia.fi\/wp-content\/uploads\/3-D-mallennus-300x225.jpg 300w, https:\/\/retermia.fi\/wp-content\/uploads\/3-D-mallennus-768x576.jpg 768w\" sizes=\"(max-width: 800px) 100vw, 800px\" \/>\t\t\t\t\t\t\t\t\t\t\t\t\t\t\t<\/div>\n\t\t\t\t<\/div>\n\t\t\t\t<div class=\"elementor-element elementor-element-65406d3 elementor-widget-divider--view-line elementor-widget elementor-widget-divider\" data-id=\"65406d3\" data-element_type=\"widget\" data-e-type=\"widget\" data-widget_type=\"divider.default\">\n\t\t\t\t<div class=\"elementor-widget-container\">\n\t\t\t\t\t\t\t<div class=\"elementor-divider\">\n\t\t\t<span class=\"elementor-divider-separator\">\n\t\t\t\t\t\t<\/span>\n\t\t<\/div>\n\t\t\t\t\t\t<\/div>\n\t\t\t\t<\/div>\n\t\t\t\t<div class=\"elementor-element elementor-element-f756c3c elementor-widget elementor-widget-text-editor\" data-id=\"f756c3c\" data-element_type=\"widget\" data-e-type=\"widget\" data-widget_type=\"text-editor.default\">\n\t\t\t\t<div class=\"elementor-widget-container\">\n\t\t\t\t\t\t\t\t\t<p><em><strong>V\u00e5r kundservice omfattar 2- och 3D-modellering av v\u00e4rmev\u00e4xlare. 3D-modell kan l\u00e4ggas till <br \/>Autocad-baserade tak- och maskinrumsritningar.<\/strong><\/em><\/p>\n\t\t\t\t\t\t\t\t<\/div>\n\t\t\t\t<\/div>\n\t\t\t\t<div class=\"elementor-element elementor-element-8798c7a elementor-widget elementor-widget-spacer\" data-id=\"8798c7a\" data-element_type=\"widget\" data-e-type=\"widget\" data-widget_type=\"spacer.default\">\n\t\t\t\t<div class=\"elementor-widget-container\">\n\t\t\t\t\t\t\t<div class=\"elementor-spacer\">\n\t\t\t<div class=\"elementor-spacer-inner\"><\/div>\n\t\t<\/div>\n\t\t\t\t\t\t<\/div>\n\t\t\t\t<\/div>\n\t\t\t\t\t<\/div>\n\t\t<\/div>\n\t\t\t\t\t<\/div>\n\t\t<\/section>\n\t\t\t\t<\/div>\n\t\t","protected":false},"excerpt":{"rendered":"<p>Retermias energibesparande l\u00f6sning \u00e4r l\u00e4mplig f\u00f6r b\u00e5de centraliserade och decentraliserade ventilationssystem i olika typer av byggnader. Tack vare sin l\u00e5ga profil och l\u00e5ga ljudniv\u00e5 \u00e4r Retermia V\u00c5V-system l\u00e4mpligt som v\u00e4rme\u00e5tervinningssystem f\u00f6r byggnader med h\u00f6gt v\u00e4rde.<\/p>\n","protected":false},"author":13,"featured_media":27907,"parent":0,"menu_order":0,"comment_status":"closed","ping_status":"closed","template":"elementor_header_footer","meta":{"inline_featured_image":false,"footnotes":""},"hakunakyvyys":[],"yhteinen-luokittelutieto":[],"sivujen-luokittelutieto":[],"class_list":["post-29578","page","type-page","status-publish","has-post-thumbnail","hentry"],"_links":{"self":[{"href":"https:\/\/retermia.fi\/sv\/wp-json\/wp\/v2\/pages\/29578","targetHints":{"allow":["GET"]}}],"collection":[{"href":"https:\/\/retermia.fi\/sv\/wp-json\/wp\/v2\/pages"}],"about":[{"href":"https:\/\/retermia.fi\/sv\/wp-json\/wp\/v2\/types\/page"}],"author":[{"embeddable":true,"href":"https:\/\/retermia.fi\/sv\/wp-json\/wp\/v2\/users\/13"}],"replies":[{"embeddable":true,"href":"https:\/\/retermia.fi\/sv\/wp-json\/wp\/v2\/comments?post=29578"}],"version-history":[{"count":0,"href":"https:\/\/retermia.fi\/sv\/wp-json\/wp\/v2\/pages\/29578\/revisions"}],"wp:featuredmedia":[{"embeddable":true,"href":"https:\/\/retermia.fi\/sv\/wp-json\/wp\/v2\/media\/27907"}],"wp:attachment":[{"href":"https:\/\/retermia.fi\/sv\/wp-json\/wp\/v2\/media?parent=29578"}],"wp:term":[{"taxonomy":"hakunakyvyys","embeddable":true,"href":"https:\/\/retermia.fi\/sv\/wp-json\/wp\/v2\/hakunakyvyys?post=29578"},{"taxonomy":"yhteinen-luokittelutieto","embeddable":true,"href":"https:\/\/retermia.fi\/sv\/wp-json\/wp\/v2\/yhteinen-luokittelutieto?post=29578"},{"taxonomy":"sivujen-luokittelutieto","embeddable":true,"href":"https:\/\/retermia.fi\/sv\/wp-json\/wp\/v2\/sivujen-luokittelutieto?post=29578"}],"curies":[{"name":"wp","href":"https:\/\/api.w.org\/{rel}","templated":true}]}}