{"id":29434,"date":"2023-04-04T13:09:56","date_gmt":"2023-04-04T10:09:56","guid":{"rendered":"https:\/\/retermia.fi\/?page_id=29434"},"modified":"2025-11-12T14:24:48","modified_gmt":"2025-11-12T12:24:48","slug":"vi-ar-specialiserade-pa-klassificerade-och-underjordiska-anlaggningar","status":"publish","type":"page","link":"https:\/\/retermia.fi\/sv\/vi-ar-specialiserade-pa-klassificerade-och-underjordiska-anlaggningar","title":{"rendered":"Vi \u00e4r specialiserade p\u00e5 klassificerade och underjordiska anl\u00e4ggningar"},"content":{"rendered":"\t\t<div data-elementor-type=\"wp-page\" data-elementor-id=\"29434\" class=\"elementor elementor-29434 elementor-9242\" data-elementor-post-type=\"page\">\n\t\t\t\t\t\t<section class=\"elementor-section elementor-top-section elementor-element elementor-element-7db9733 elementor-section-height-min-height elementor-section-boxed elementor-section-height-default elementor-section-items-middle\" data-id=\"7db9733\" data-element_type=\"section\" data-e-type=\"section\" data-settings=\"{&quot;background_background&quot;:&quot;classic&quot;,&quot;jet_parallax_layout_list&quot;:[]}\">\n\t\t\t\t\t\t<div class=\"elementor-container elementor-column-gap-default\">\n\t\t\t\t\t<div class=\"elementor-column elementor-col-100 elementor-top-column elementor-element elementor-element-0f82738\" data-id=\"0f82738\" data-element_type=\"column\" data-e-type=\"column\">\n\t\t\t<div class=\"elementor-widget-wrap elementor-element-populated\">\n\t\t\t\t\t\t<div class=\"elementor-element elementor-element-662a470 elementor-widget elementor-widget-heading\" data-id=\"662a470\" data-element_type=\"widget\" data-e-type=\"widget\" data-widget_type=\"heading.default\">\n\t\t\t\t<div class=\"elementor-widget-container\">\n\t\t\t\t\t<h1 class=\"elementor-heading-title elementor-size-default\">Underjordiska och s\u00e4kerhetsklassificerade lokaler<\/h1>\t\t\t\t<\/div>\n\t\t\t\t<\/div>\n\t\t\t\t\t<\/div>\n\t\t<\/div>\n\t\t\t\t\t<\/div>\n\t\t<\/section>\n\t\t\t\t<section class=\"elementor-section elementor-top-section elementor-element elementor-element-2e07b06 elementor-section-boxed elementor-section-height-default elementor-section-height-default\" data-id=\"2e07b06\" data-element_type=\"section\" data-e-type=\"section\" data-settings=\"{&quot;jet_parallax_layout_list&quot;:[]}\">\n\t\t\t\t\t\t<div class=\"elementor-container elementor-column-gap-default\">\n\t\t\t\t\t<div class=\"elementor-column elementor-col-100 elementor-top-column elementor-element elementor-element-c28532c\" data-id=\"c28532c\" data-element_type=\"column\" data-e-type=\"column\">\n\t\t\t<div class=\"elementor-widget-wrap elementor-element-populated\">\n\t\t\t\t\t\t<div class=\"elementor-element elementor-element-17a192e elementor-widget elementor-widget-spacer\" data-id=\"17a192e\" data-element_type=\"widget\" data-e-type=\"widget\" data-widget_type=\"spacer.default\">\n\t\t\t\t<div class=\"elementor-widget-container\">\n\t\t\t\t\t\t\t<div class=\"elementor-spacer\">\n\t\t\t<div class=\"elementor-spacer-inner\"><\/div>\n\t\t<\/div>\n\t\t\t\t\t\t<\/div>\n\t\t\t\t<\/div>\n\t\t\t\t<div class=\"elementor-element elementor-element-a66bd5c elementor-widget elementor-widget-heading\" data-id=\"a66bd5c\" data-element_type=\"widget\" data-e-type=\"widget\" data-widget_type=\"heading.default\">\n\t\t\t\t<div class=\"elementor-widget-container\">\n\t\t\t\t\t<h2 class=\"elementor-heading-title elementor-size-default\">Energieffektivitet och tillf\u00f6rlitlighet \u00e4r avg\u00f6rande f\u00f6r underjordiska anl\u00e4ggningar<\/h2>\t\t\t\t<\/div>\n\t\t\t\t<\/div>\n\t\t\t\t<div class=\"elementor-element elementor-element-b949aa5 elementor-widget elementor-widget-text-editor\" data-id=\"b949aa5\" data-element_type=\"widget\" data-e-type=\"widget\" data-widget_type=\"text-editor.default\">\n\t\t\t\t<div class=\"elementor-widget-container\">\n\t\t\t\t\t\t\t\t\t<p>I Finlands h\u00f6gkvalitativa berggrund har det byggts och kommer att byggas anl\u00e4ggningar f\u00f6r m\u00e5nga olika anv\u00e4ndningsomr\u00e5den.<\/p>\n<p>Typiska exempel p\u00e5 underjordiska anl\u00e4ggningar \u00e4r parkeringshus och idrottshallar, skyddsrum, kontrollcentraler och utrustningsrum f\u00f6r IT-teknik. Anl\u00e4ggningarna \u00e4r vanligtvis utformade f\u00f6r att vara multifunktionella: en parkeringsplats eller idrottshall kan ocks\u00e5 utrustas f\u00f6r att anv\u00e4ndas som skyddsrum.<\/p>\n<p>Tillf\u00f6rlitlighet \u00e4r en nyckelfaktor vid valet av ventilationsl\u00f6sningar f\u00f6r underjordiska utrymmen. H\u00f6ga luftfl\u00f6den och drift dygnet runt st\u00e4ller str\u00e4nga krav p\u00e5 termiska verkningsgraden och eleffektiviteten hos v\u00e4rme\u00e5tervinningsutrustningen.<\/p>\n\t\t\t\t\t\t\t\t<\/div>\n\t\t\t\t<\/div>\n\t\t\t\t<div class=\"elementor-element elementor-element-0af0cce elementor-widget elementor-widget-heading\" data-id=\"0af0cce\" data-element_type=\"widget\" data-e-type=\"widget\" data-widget_type=\"heading.default\">\n\t\t\t\t<div class=\"elementor-widget-container\">\n\t\t\t\t\t<h2 class=\"elementor-heading-title elementor-size-default\">Ett isfritt ventilationsschakt garanterar s\u00e4ker drift<\/h2>\t\t\t\t<\/div>\n\t\t\t\t<\/div>\n\t\t\t\t<div class=\"elementor-element elementor-element-9731346 elementor-widget elementor-widget-text-editor\" data-id=\"9731346\" data-element_type=\"widget\" data-e-type=\"widget\" data-widget_type=\"text-editor.default\">\n\t\t\t\t<div class=\"elementor-widget-container\">\n\t\t\t\t\t\t\t\t\t<p>Retermias V\u00c5V s\u00e4kerst\u00e4ller att b\u00e5de utelufts- och avluftsschaktet f\u00f6rblir varma l\u00e4ngs hela sin l\u00e4ngd, \u00e5ret runt.<\/p>\n<p>Ett indirekt v\u00e4tskekoplat v\u00e4rme\u00e5tervinningssystem som best\u00e5r av n\u00e5lv\u00e4rmev\u00e4xlare \u00e4r v\u00e4l l\u00e4mpat f\u00f6r anv\u00e4ndning i underjordiska ventilationsschakt l\u00e5ngt ifr\u00e5n varandra. N\u00e5lv\u00e4rmev\u00e4xlare har ett l\u00e5gt tryckfall och fungerar \u00e4ven som ett f\u00f6rfilter f\u00f6r utomhusluften.<\/p>\n<p>Tillufts- och fr\u00e5nluftsbatterier placeras f\u00f6retr\u00e4desvis h\u00f6gst upp i utelufts- och avluftsschakten. P\u00e5 grund av det h\u00f6ga luftfl\u00f6det utrustas schakten med batteriv\u00e4ggar som best\u00e5r av flera parallella och \u00f6verlappande Retermia Standard n\u00e5lv\u00e4rmev\u00e4xlare.<\/p>\n<p>F\u00f6r att h\u00e5lla uteluftsschaktet isfritt placeras ofta en batteriv\u00e4gg best\u00e5ende av v\u00e4tskekopplade n\u00e5lv\u00e4rmev\u00e4xlare i den \u00f6vre \u00e4nden av schaktet. V\u00e4rmebatterierna \u00e4r placerade efter V\u00c5V i luftfl\u00f6desriktningen.<\/p>\n\t\t\t\t\t\t\t\t<\/div>\n\t\t\t\t<\/div>\n\t\t\t\t<div class=\"elementor-element elementor-element-8f8a240 elementor-widget elementor-widget-heading\" data-id=\"8f8a240\" data-element_type=\"widget\" data-e-type=\"widget\" data-widget_type=\"heading.default\">\n\t\t\t\t<div class=\"elementor-widget-container\">\n\t\t\t\t\t<h2 class=\"elementor-heading-title elementor-size-default\">Energieffektivitet vid ventilation av datacenter<\/h2>\t\t\t\t<\/div>\n\t\t\t\t<\/div>\n\t\t\t\t<div class=\"elementor-element elementor-element-9f6c62a elementor-widget elementor-widget-text-editor\" data-id=\"9f6c62a\" data-element_type=\"widget\" data-e-type=\"widget\" data-widget_type=\"text-editor.default\">\n\t\t\t\t<div class=\"elementor-widget-container\">\n\t\t\t\t\t\t\t\t\t<p>S\u00e4kerhetsklassificerade IT-anl\u00e4ggningar placeras f\u00f6retr\u00e4desvis i underjordiska anl\u00e4ggningar, d\u00e4r en lugn milj\u00f6 och strukturell s\u00e4kerhet enkelt kan uppn\u00e5s.<\/p>\n<p>IT-utrustning anv\u00e4nder mycket elektrisk energi, som avges som v\u00e4rme i utrustningsrummen. Anv\u00e4ndningen av elektrisk energi i utrustningsrum m\u00e4ts av den s\u00e5 kallade PUE-talet. F\u00f6rutom v\u00e4rme\u00e5tervinning fr\u00e5n fr\u00e5nluften kan den v\u00e4rme som genereras av IT-utrustning ocks\u00e5 anv\u00e4ndas f\u00f6r att v\u00e4rma tilluften.<\/p>\n<p>Olika kombinationer av frikyla och v\u00e4rmepump \u00e4r d\u00e4rf\u00f6r avg\u00f6rande f\u00f6r att uppn\u00e5 den mest kostnadseffektiva l\u00f6sningen, en l\u00e5g PUE.<\/p>\n<p>N\u00e5lv\u00e4rmev\u00e4xlaren \u00e4r den perfekta produkten f\u00f6r datacenterventilation tack vare dess l\u00e5ga fl\u00f6desmotst\u00e5nd p\u00e5 luft- och v\u00e4tskesidan.<\/p>\n<p>V\u00e5rt f\u00f6retag har \u00e5rtionden av erfarenhet och stark expertis inom design, dimensionering, \u00e5rliga simuleringar och optimering av energibesparande system. Vi \u00e4r ett solitt och p\u00e5litlig partner, \u00e4ven f\u00f6r stora och utmanande projekt.<\/p>\n\t\t\t\t\t\t\t\t<\/div>\n\t\t\t\t<\/div>\n\t\t\t\t<div class=\"elementor-element elementor-element-24c3fcb elementor-blockquote--skin-border elementor-widget elementor-widget-blockquote\" data-id=\"24c3fcb\" data-element_type=\"widget\" data-e-type=\"widget\" data-widget_type=\"blockquote.default\">\n\t\t\t\t<div class=\"elementor-widget-container\">\n\t\t\t\t\t\t\t<blockquote class=\"elementor-blockquote\">\n\t\t\t<p class=\"elementor-blockquote__content\">\n\t\t\t\t\"Vi anser att det l\u00e5ga tryckfallet och det faktum att sn\u00f6 hindras fr\u00e5n att komma in l\u00e4ngre \u00e4n v\u00e4rmev\u00e4xlaren \u00e4r en absolut f\u00f6rdel. En annan bra sak \u00e4r att v\u00e4rme\u00e5tervinning \u00e4r m\u00f6jlig med partiella luftfl\u00f6den utan r\u00e4dsla f\u00f6r lamin\u00e4rt fl\u00f6de\".\t\t\t<\/p>\n\t\t\t\t\t\t\t<div class=\"e-q-footer\">\n\t\t\t\t\t\t\t\t\t\t\t<cite class=\"elementor-blockquote__author\">Mikko \u00c4yr\u00e4v\u00e4inen, Ingenj\u00f6rsbyr\u00e5 \u00c4yr\u00e4v\u00e4inen Oy<\/cite>\n\t\t\t\t\t\t\t\t\t\t\t\t\t\t<\/div>\n\t\t\t\t\t<\/blockquote>\n\t\t\t\t\t\t<\/div>\n\t\t\t\t<\/div>\n\t\t\t\t<div class=\"elementor-element elementor-element-6522463 elementor-widget elementor-widget-spacer\" data-id=\"6522463\" data-element_type=\"widget\" data-e-type=\"widget\" data-widget_type=\"spacer.default\">\n\t\t\t\t<div class=\"elementor-widget-container\">\n\t\t\t\t\t\t\t<div class=\"elementor-spacer\">\n\t\t\t<div class=\"elementor-spacer-inner\"><\/div>\n\t\t<\/div>\n\t\t\t\t\t\t<\/div>\n\t\t\t\t<\/div>\n\t\t\t\t\t<\/div>\n\t\t<\/div>\n\t\t\t\t\t<\/div>\n\t\t<\/section>\n\t\t\t\t<section class=\"elementor-section elementor-top-section elementor-element elementor-element-ca60864 elementor-section-full_width elementor-section-height-default elementor-section-height-default\" data-id=\"ca60864\" data-element_type=\"section\" data-e-type=\"section\" data-settings=\"{&quot;jet_parallax_layout_list&quot;:[]}\">\n\t\t\t\t\t\t<div class=\"elementor-container elementor-column-gap-default\">\n\t\t\t\t\t<div class=\"elementor-column elementor-col-100 elementor-top-column elementor-element elementor-element-27c2556e\" data-id=\"27c2556e\" data-element_type=\"column\" data-e-type=\"column\">\n\t\t\t<div class=\"elementor-widget-wrap elementor-element-populated\">\n\t\t\t\t\t\t<section class=\"elementor-section elementor-inner-section elementor-element elementor-element-2375002e elementor-section-full_width elementor-section-height-default elementor-section-height-default\" data-id=\"2375002e\" data-element_type=\"section\" data-e-type=\"section\" data-settings=\"{&quot;jet_parallax_layout_list&quot;:[]}\">\n\t\t\t\t\t\t<div class=\"elementor-container elementor-column-gap-default\">\n\t\t\t\t\t<div class=\"elementor-column elementor-col-100 elementor-inner-column elementor-element elementor-element-58757678\" data-id=\"58757678\" data-element_type=\"column\" data-e-type=\"column\">\n\t\t\t<div class=\"elementor-widget-wrap elementor-element-populated\">\n\t\t\t\t\t\t<div class=\"elementor-element elementor-element-540346c2 elementor-widget elementor-widget-jet-smart-filters-checkboxes\" data-id=\"540346c2\" data-element_type=\"widget\" data-e-type=\"widget\" data-widget_type=\"jet-smart-filters-checkboxes.default\">\n\t\t\t\t<div class=\"elementor-widget-container\">\n\t\t\t\t\t<div class=\"jet-smart-filters-checkboxes jet-filter \" data-indexer-rule=\"show\" data-show-counter=\"\" data-change-counter=\"always\"><div class=\"jet-checkboxes-list\" data-query-type=\"tax_query\" data-query-var=\"category\" data-smart-filter=\"checkboxes\" data-filter-id=\"33124\" data-apply-type=\"ajax\" data-content-provider=\"jet-engine\" data-additional-providers=\"\" data-query-id=\"default\" data-active-label=\"\" data-layout-options=\"{&quot;show_label&quot;:&quot;&quot;,&quot;display_options&quot;:{&quot;show_items_label&quot;:false,&quot;show_decorator&quot;:false,&quot;filter_image_size&quot;:&quot;full&quot;,&quot;show_counter&quot;:false}}\" data-query-var-suffix=\"\" data-apply-on=\"value\">\n\t<fieldset class=\"jet-checkboxes-list-wrapper\"><legend style=\"display:none;\">Lista endast underjordiska och klassificerade<\/legend><div class=\"jet-checkboxes-list__row jet-filter-row\">\n\t\t<label\n\t\tclass=\"jet-checkboxes-list__item\"\n\t\t\t>\n\t\t<input\n\t\t\ttype=\"checkbox\"\n\t\t\tclass=\"jet-checkboxes-list__input\"\n\t\t\tname=\"category\"\n\t\t\tvalue=\"597\"\n\t\t\tdata-label=\"Underjordisk och klassificerad\"\n\t\t\t\t\t\taria-label=\"Underjordisk och klassificerad\"\n\t\t\t\t\t>\n\t\t<div class=\"jet-checkboxes-list__button\">\n\t\t\t\t\t\t<span class=\"jet-checkboxes-list__label\">\n\t\t\t\tUnderjordisk och klassificerad\t\t\t<\/span>\n\t\t\t\t\t<\/div>\n\t<\/label>\n<\/div><div class=\"jet-checkboxes-list__row jet-filter-row\">\n\t\t<label\n\t\tclass=\"jet-checkboxes-list__item\"\n\t\t\t>\n\t\t<input\n\t\t\ttype=\"checkbox\"\n\t\t\tclass=\"jet-checkboxes-list__input\"\n\t\t\tname=\"category\"\n\t\t\tvalue=\"598\"\n\t\t\tdata-label=\"Flygplatser\"\n\t\t\t\t\t\taria-label=\"Flygplatser\"\n\t\t\t\t\t>\n\t\t<div class=\"jet-checkboxes-list__button\">\n\t\t\t\t\t\t<span class=\"jet-checkboxes-list__label\">\n\t\t\t\tFlygplatser\t\t\t<\/span>\n\t\t\t\t\t<\/div>\n\t<\/label>\n<\/div><\/fieldset><\/div>\n<\/div>\t\t\t\t<\/div>\n\t\t\t\t<\/div>\n\t\t\t\t\t<\/div>\n\t\t<\/div>\n\t\t\t\t\t<\/div>\n\t\t<\/section>\n\t\t\t\t<div class=\"elementor-element elementor-element-1bd301b elementor-widget elementor-widget-jet-listing-grid\" data-id=\"1bd301b\" data-element_type=\"widget\" data-e-type=\"widget\" data-settings=\"{&quot;columns&quot;:3}\" data-widget_type=\"jet-listing-grid.default\">\n\t\t\t\t<div class=\"elementor-widget-container\">\n\t\t\t\t\t<div class=\"jet-listing-grid jet-listing\"><div class=\"jet-listing-grid__items grid-col-desk-3 grid-col-tablet-3 grid-col-mobile-3 jet-listing-grid--11366\" data-queried-id=\"29434|WP_Post\" data-nav=\"{&quot;enabled&quot;:false,&quot;type&quot;:null,&quot;more_el&quot;:null,&quot;query&quot;:[],&quot;widget_settings&quot;:{&quot;lisitng_id&quot;:11366,&quot;posts_num&quot;:99,&quot;columns&quot;:3,&quot;columns_tablet&quot;:3,&quot;columns_mobile&quot;:3,&quot;column_min_width&quot;:240,&quot;column_min_width_tablet&quot;:240,&quot;column_min_width_mobile&quot;:240,&quot;inline_columns_css&quot;:false,&quot;is_archive_template&quot;:&quot;&quot;,&quot;post_status&quot;:[&quot;publish&quot;],&quot;use_random_posts_num&quot;:&quot;&quot;,&quot;max_posts_num&quot;:9,&quot;not_found_message&quot;:&quot;Inga uppgifter hittades&quot;,&quot;is_masonry&quot;:false,&quot;equal_columns_height&quot;:&quot;&quot;,&quot;use_load_more&quot;:&quot;&quot;,&quot;load_more_id&quot;:&quot;&quot;,&quot;load_more_type&quot;:&quot;click&quot;,&quot;load_more_offset&quot;:{&quot;unit&quot;:&quot;px&quot;,&quot;size&quot;:0,&quot;sizes&quot;:[]},&quot;use_custom_post_types&quot;:&quot;&quot;,&quot;custom_post_types&quot;:[],&quot;hide_widget_if&quot;:&quot;&quot;,&quot;carousel_enabled&quot;:&quot;&quot;,&quot;slides_to_scroll&quot;:&quot;1&quot;,&quot;arrows&quot;:&quot;true&quot;,&quot;arrow_icon&quot;:&quot;fa fa-angle-left&quot;,&quot;dots&quot;:&quot;&quot;,&quot;autoplay&quot;:&quot;true&quot;,&quot;pause_on_hover&quot;:&quot;true&quot;,&quot;autoplay_speed&quot;:5000,&quot;infinite&quot;:&quot;true&quot;,&quot;center_mode&quot;:&quot;&quot;,&quot;effect&quot;:&quot;slide&quot;,&quot;speed&quot;:500,&quot;inject_alternative_items&quot;:&quot;&quot;,&quot;injection_items&quot;:[],&quot;scroll_slider_enabled&quot;:&quot;&quot;,&quot;scroll_slider_on&quot;:[&quot;desktop&quot;,&quot;tablet&quot;,&quot;mobile&quot;],&quot;custom_query&quot;:&quot;yes&quot;,&quot;custom_query_id&quot;:&quot;7&quot;,&quot;_element_id&quot;:&quot;&quot;,&quot;collapse_first_last_gap&quot;:false,&quot;list_tag_selection&quot;:&quot;&quot;,&quot;list_items_wrapper_tag&quot;:&quot;div&quot;,&quot;list_item_tag&quot;:&quot;div&quot;,&quot;empty_items_wrapper_tag&quot;:&quot;div&quot;}}\" data-page=\"1\" data-pages=\"1\" data-listing-source=\"query\" data-listing-id=\"11366\" data-query-id=\"7\"><div class=\"jet-listing-grid__item jet-listing-dynamic-post-29550\" data-post-id=\"29550\"  ><style type=\"text\/css\">.jet-listing-dynamic-post-29550 .elementor-element.elementor-element-27113ee:not(.elementor-motion-effects-element-type-background), .jet-listing-dynamic-post-29550 .elementor-element.elementor-element-27113ee > .elementor-motion-effects-container > .elementor-motion-effects-layer{background-image:url(\"https:\/\/retermia.fi\/wp-content\/uploads\/AdobeStock_95331087-scaled.jpg\");}<\/style>\t\t<div data-elementor-type=\"jet-listing-items\" data-elementor-id=\"11366\" class=\"elementor elementor-11366\" data-elementor-post-type=\"jet-engine\">\n\t\t\t\t\t\t<section class=\"elementor-section elementor-top-section elementor-element elementor-element-27113ee elementor-section-full_width elementor-section-height-min-height elementor-section-height-default elementor-section-items-middle\" data-id=\"27113ee\" data-element_type=\"section\" data-e-type=\"section\" data-settings=\"{&quot;jet_parallax_layout_list&quot;:[],&quot;background_background&quot;:&quot;classic&quot;}\">\n\t\t\t\t\t\t\t<div class=\"elementor-background-overlay\"><\/div>\n\t\t\t\t\t\t\t<div class=\"elementor-container elementor-column-gap-default\">\n\t\t\t\t\t<div class=\"make-column-clickable-elementor elementor-column elementor-col-100 elementor-top-column elementor-element elementor-element-8375979\" style=\"cursor: pointer;\" data-column-clickable=\"https:\/\/retermia.fi\/sv\/arlanda-stockholm\" data-column-clickable-blank=\"_self\" data-id=\"8375979\" data-element_type=\"column\" data-e-type=\"column\">\n\t\t\t<div class=\"elementor-widget-wrap elementor-element-populated\">\n\t\t\t\t\t\t<div class=\"elementor-element elementor-element-ea04126 elementor-widget elementor-widget-heading\" data-id=\"ea04126\" data-element_type=\"widget\" data-e-type=\"widget\" data-widget_type=\"heading.default\">\n\t\t\t\t<div class=\"elementor-widget-container\">\n\t\t\t\t\t<h2 class=\"elementor-heading-title elementor-size-default\">Arlanda, Stockholm<\/h2>\t\t\t\t<\/div>\n\t\t\t\t<\/div>\n\t\t\t\t\t<\/div>\n\t\t<\/div>\n\t\t\t\t\t<\/div>\n\t\t<\/section>\n\t\t\t\t<\/div>\n\t\t<\/div><\/div><\/div>\t\t\t\t<\/div>\n\t\t\t\t<\/div>\n\t\t\t\t\t<\/div>\n\t\t<\/div>\n\t\t\t\t\t<\/div>\n\t\t<\/section>\n\t\t\t\t<\/div>\n\t\t","protected":false},"excerpt":{"rendered":"<p>Tillf\u00f6rlitlighet \u00e4r en nyckelfaktor vid valet av ventilationsl\u00f6sningar f\u00f6r underjordiska utrymmen. H\u00f6ga luftfl\u00f6den och drift dygnet runt st\u00e4ller str\u00e4nga krav p\u00e5 termiska verkningsgraden och eleffektiviteten hos v\u00e4rme\u00e5tervinningsutrustningen.<\/p>\n","protected":false},"author":13,"featured_media":27747,"parent":0,"menu_order":0,"comment_status":"closed","ping_status":"closed","template":"elementor_header_footer","meta":{"inline_featured_image":false,"footnotes":""},"hakunakyvyys":[],"yhteinen-luokittelutieto":[],"sivujen-luokittelutieto":[],"class_list":["post-29434","page","type-page","status-publish","has-post-thumbnail","hentry"],"_links":{"self":[{"href":"https:\/\/retermia.fi\/sv\/wp-json\/wp\/v2\/pages\/29434","targetHints":{"allow":["GET"]}}],"collection":[{"href":"https:\/\/retermia.fi\/sv\/wp-json\/wp\/v2\/pages"}],"about":[{"href":"https:\/\/retermia.fi\/sv\/wp-json\/wp\/v2\/types\/page"}],"author":[{"embeddable":true,"href":"https:\/\/retermia.fi\/sv\/wp-json\/wp\/v2\/users\/13"}],"replies":[{"embeddable":true,"href":"https:\/\/retermia.fi\/sv\/wp-json\/wp\/v2\/comments?post=29434"}],"version-history":[{"count":6,"href":"https:\/\/retermia.fi\/sv\/wp-json\/wp\/v2\/pages\/29434\/revisions"}],"predecessor-version":[{"id":34675,"href":"https:\/\/retermia.fi\/sv\/wp-json\/wp\/v2\/pages\/29434\/revisions\/34675"}],"wp:featuredmedia":[{"embeddable":true,"href":"https:\/\/retermia.fi\/sv\/wp-json\/wp\/v2\/media\/27747"}],"wp:attachment":[{"href":"https:\/\/retermia.fi\/sv\/wp-json\/wp\/v2\/media?parent=29434"}],"wp:term":[{"taxonomy":"hakunakyvyys","embeddable":true,"href":"https:\/\/retermia.fi\/sv\/wp-json\/wp\/v2\/hakunakyvyys?post=29434"},{"taxonomy":"yhteinen-luokittelutieto","embeddable":true,"href":"https:\/\/retermia.fi\/sv\/wp-json\/wp\/v2\/yhteinen-luokittelutieto?post=29434"},{"taxonomy":"sivujen-luokittelutieto","embeddable":true,"href":"https:\/\/retermia.fi\/sv\/wp-json\/wp\/v2\/sivujen-luokittelutieto?post=29434"}],"curies":[{"name":"wp","href":"https:\/\/api.w.org\/{rel}","templated":true}]}}