{"id":29432,"date":"2023-05-03T11:05:17","date_gmt":"2023-05-03T08:05:17","guid":{"rendered":"https:\/\/retermia.fi\/?page_id=29432"},"modified":"2025-11-13T16:01:38","modified_gmt":"2025-11-13T14:01:38","slug":"vi-ar-specialiserade-pa-industrins-behov","status":"publish","type":"page","link":"https:\/\/retermia.fi\/sv\/vi-ar-specialiserade-pa-industrins-behov","title":{"rendered":"Vi \u00e4r specialiserade p\u00e5 industrins behov"},"content":{"rendered":"\t\t<div data-elementor-type=\"wp-page\" data-elementor-id=\"29432\" class=\"elementor elementor-29432 elementor-11750\" data-elementor-post-type=\"page\">\n\t\t\t\t\t\t<section class=\"elementor-section elementor-top-section elementor-element elementor-element-de875af elementor-section-height-min-height elementor-section-boxed elementor-section-height-default elementor-section-items-middle\" data-id=\"de875af\" data-element_type=\"section\" data-e-type=\"section\" data-settings=\"{&quot;jet_parallax_layout_list&quot;:[],&quot;background_background&quot;:&quot;video&quot;,&quot;background_video_link&quot;:&quot;https:\\\/\\\/retermia-fi.b-cdn.net\\\/suomi\\\/109_retermia_teollisuusilmanvaihdon_referenssit_video_171023-720p.mp4&quot;,&quot;background_play_on_mobile&quot;:&quot;yes&quot;,&quot;background_video_start&quot;:0}\">\n\t\t\t\t\t\t\t\t<div class=\"elementor-background-video-container\">\n\t\t\t\t\t\t\t\t\t\t\t\t\t<video class=\"elementor-background-video-hosted\" role=\"presentation\" autoplay muted playsinline loop><\/video>\n\t\t\t\t\t\t\t\t\t\t\t<\/div>\n\t\t\t\t\t\t\t\t\t<div class=\"elementor-background-overlay\"><\/div>\n\t\t\t\t\t\t\t<div class=\"elementor-container elementor-column-gap-default\">\n\t\t\t\t\t<div class=\"elementor-column elementor-col-100 elementor-top-column elementor-element elementor-element-280fb9c\" data-id=\"280fb9c\" data-element_type=\"column\" data-e-type=\"column\">\n\t\t\t<div class=\"elementor-widget-wrap\">\n\t\t\t\t\t\t\t<\/div>\n\t\t<\/div>\n\t\t\t\t\t<\/div>\n\t\t<\/section>\n\t\t\t\t<section class=\"elementor-section elementor-top-section elementor-element elementor-element-77899ba1 elementor-section-boxed elementor-section-height-default elementor-section-height-default\" data-id=\"77899ba1\" data-element_type=\"section\" data-e-type=\"section\" data-settings=\"{&quot;jet_parallax_layout_list&quot;:[]}\">\n\t\t\t\t\t\t<div class=\"elementor-container elementor-column-gap-default\">\n\t\t\t\t\t<div class=\"elementor-column elementor-col-100 elementor-top-column elementor-element elementor-element-6586cd6\" data-id=\"6586cd6\" data-element_type=\"column\" data-e-type=\"column\">\n\t\t\t<div class=\"elementor-widget-wrap elementor-element-populated\">\n\t\t\t\t\t\t<div class=\"elementor-element elementor-element-8886d22 elementor-widget elementor-widget-heading\" data-id=\"8886d22\" data-element_type=\"widget\" data-e-type=\"widget\" data-widget_type=\"heading.default\">\n\t\t\t\t<div class=\"elementor-widget-container\">\n\t\t\t\t\t<h2 class=\"elementor-heading-title elementor-size-default\">Stor potential<\/h2>\t\t\t\t<\/div>\n\t\t\t\t<\/div>\n\t\t\t\t<div class=\"elementor-element elementor-element-72a8a1e elementor-widget elementor-widget-text-editor\" data-id=\"72a8a1e\" data-element_type=\"widget\" data-e-type=\"widget\" data-widget_type=\"text-editor.default\">\n\t\t\t\t<div class=\"elementor-widget-container\">\n\t\t\t\t\t\t\t\t\t<p>Maskinverkst\u00e4der och andra tunga industriella produktionsanl\u00e4ggningar anv\u00e4nder ofta h\u00f6ga luftfl\u00f6den och processerna avger mycket v\u00e4rme. Det finns gott om potential f\u00f6r v\u00e4rme\u00e5tervinning &#8211; men uppgiften f\u00f6rsv\u00e5ras av att fr\u00e5nluften \u00e4r smutsig eller till och med korrosiv.<\/p>\n<p>F\u00f6rst\u00e5else f\u00f6r branschen lyfts fram i processindustrins v\u00e4rme\u00e5tervinning. Det kr\u00e4vs h\u00f6gkvalitativa, smutstoleranta V\u00c5V-enheter som \u00e4r skr\u00e4ddarsydda f\u00f6r kundens behov. <\/p>\n\t\t\t\t\t\t\t\t<\/div>\n\t\t\t\t<\/div>\n\t\t\t\t<div class=\"elementor-element elementor-element-d0bbd83 elementor-widget elementor-widget-heading\" data-id=\"d0bbd83\" data-element_type=\"widget\" data-e-type=\"widget\" data-widget_type=\"heading.default\">\n\t\t\t\t<div class=\"elementor-widget-container\">\n\t\t\t\t\t<h2 class=\"elementor-heading-title elementor-size-default\">\u00c5tervinna v\u00e4rme \u00e4ven fr\u00e5n smutsig luft<\/h2>\t\t\t\t<\/div>\n\t\t\t\t<\/div>\n\t\t\t\t<div class=\"elementor-element elementor-element-764be07 elementor-widget elementor-widget-text-editor\" data-id=\"764be07\" data-element_type=\"widget\" data-e-type=\"widget\" data-widget_type=\"text-editor.default\">\n\t\t\t\t<div class=\"elementor-widget-container\">\n\t\t\t\t\t\t\t\t\t<p>Vid anv\u00e4ndning av traditionella V\u00c5V-batterier m\u00e5ste fr\u00e5nluften filtreras f\u00f6re v\u00e4rme\u00e5tervinningen. Frekventa filterbyten p\u00e5 grund av f\u00f6roreningar i fr\u00e5nluften minskar systemets l\u00f6nsamhet.<\/p>\n<p>I Retermias V\u00c5V-system finns det inget behov av att filtrera fr\u00e5nluften, eftersom n\u00e5lr\u00f6ren till\u00e5ter f\u00f6roreningar att samlas p\u00e5 deras ytor utan att termiska verkningsgraden f\u00f6rs\u00e4mras, och \u00f6kningen av tryckfallet \u00e4r ocks\u00e5 liten.<\/p>\n\t\t\t\t\t\t\t\t<\/div>\n\t\t\t\t<\/div>\n\t\t\t\t<div class=\"elementor-element elementor-element-e9fe7ef elementor-widget elementor-widget-heading\" data-id=\"e9fe7ef\" data-element_type=\"widget\" data-e-type=\"widget\" data-widget_type=\"heading.default\">\n\t\t\t\t<div class=\"elementor-widget-container\">\n\t\t\t\t\t<h2 class=\"elementor-heading-title elementor-size-default\">F\u00e4rre kanaler, mer produktion<\/h2>\t\t\t\t<\/div>\n\t\t\t\t<\/div>\n\t\t\t\t<div class=\"elementor-element elementor-element-5d3a790 elementor-widget elementor-widget-text-editor\" data-id=\"5d3a790\" data-element_type=\"widget\" data-e-type=\"widget\" data-widget_type=\"text-editor.default\">\n\t\t\t\t<div class=\"elementor-widget-container\">\n\t\t\t\t\t\t\t\t\t<p>I luft-till-luft V\u00c5V-system leds fr\u00e5nluften till tilluftsaggregaten via l\u00e5nga kanaler som kr\u00e4ver regelbunden reng\u00f6ring. Ventilations- och brandbest\u00e4mmelser inneb\u00e4r ocks\u00e5 sina egna begr\u00e4nsningar f\u00f6r kanalisering.<\/p><p>I Retermias decentraliserade V\u00c5V-l\u00f6sning beh\u00f6ver fr\u00e5nluften inte ledas i l\u00e5nga fr\u00e5nluftskanaler, utan den \u00e5tervunna v\u00e4rmen \u00f6verf\u00f6rs i v\u00e4tsker\u00f6r som kr\u00e4ver mindre installationsutrymme. Retermia-systemet l\u00e4mnar mer installationsutrymme f\u00f6r industriella produktionssystem, s\u00e5som brokranar.<\/p>\t\t\t\t\t\t\t\t<\/div>\n\t\t\t\t<\/div>\n\t\t\t\t<div class=\"elementor-element elementor-element-19f114f elementor-widget elementor-widget-heading\" data-id=\"19f114f\" data-element_type=\"widget\" data-e-type=\"widget\" data-widget_type=\"heading.default\">\n\t\t\t\t<div class=\"elementor-widget-container\">\n\t\t\t\t\t<h2 class=\"elementor-heading-title elementor-size-default\">Skr\u00e4ddarsydda V\u00c5V-l\u00f6sningar f\u00f6r dina specifika behov<\/h2>\t\t\t\t<\/div>\n\t\t\t\t<\/div>\n\t\t\t\t<div class=\"elementor-element elementor-element-84af6e1 elementor-widget elementor-widget-text-editor\" data-id=\"84af6e1\" data-element_type=\"widget\" data-e-type=\"widget\" data-widget_type=\"text-editor.default\">\n\t\t\t\t<div class=\"elementor-widget-container\">\n\t\t\t\t\t\t\t\t\t<p>Vid exceptionellt h\u00f6g smutsbelastning delas Retermia V\u00c5V-enheter upp i mindre block f\u00f6r att underl\u00e4tta reng\u00f6ringen. I kr\u00e4vande till\u00e4mpningar bel\u00e4ggs v\u00e4rme\u00f6verf\u00f6ringsytan f\u00f6r att f\u00f6rb\u00e4ttra korrosionsbest\u00e4ndigheten eller f\u00f6r att underl\u00e4tta borttagning av smuts.<\/p>\n\t\t\t\t\t\t\t\t<\/div>\n\t\t\t\t<\/div>\n\t\t\t\t\t<\/div>\n\t\t<\/div>\n\t\t\t\t\t<\/div>\n\t\t<\/section>\n\t\t\t\t<section class=\"elementor-section elementor-top-section elementor-element elementor-element-c7cfeec elementor-section-full_width elementor-section-height-default elementor-section-height-default\" data-id=\"c7cfeec\" data-element_type=\"section\" data-e-type=\"section\" data-settings=\"{&quot;jet_parallax_layout_list&quot;:[]}\">\n\t\t\t\t\t\t<div class=\"elementor-container elementor-column-gap-default\">\n\t\t\t\t\t<div class=\"elementor-column elementor-col-100 elementor-top-column elementor-element elementor-element-7a3457c\" data-id=\"7a3457c\" data-element_type=\"column\" data-e-type=\"column\">\n\t\t\t<div class=\"elementor-widget-wrap elementor-element-populated\">\n\t\t\t\t\t\t<div class=\"elementor-element elementor-element-0141719 elementor-widget elementor-widget-jet-listing-grid\" data-id=\"0141719\" data-element_type=\"widget\" data-e-type=\"widget\" data-settings=\"{&quot;columns&quot;:&quot;2&quot;,&quot;columns_mobile&quot;:&quot;1&quot;}\" data-widget_type=\"jet-listing-grid.default\">\n\t\t\t\t<div class=\"elementor-widget-container\">\n\t\t\t\t\t<div class=\"jet-listing-grid jet-listing\"><div class=\"jet-listing-grid__items grid-col-desk-2 grid-col-tablet-2 grid-col-mobile-1 jet-listing-grid--21399\" data-queried-id=\"29432|WP_Post\" data-nav=\"{&quot;enabled&quot;:false,&quot;type&quot;:null,&quot;more_el&quot;:null,&quot;query&quot;:[],&quot;widget_settings&quot;:{&quot;lisitng_id&quot;:21399,&quot;posts_num&quot;:99,&quot;columns&quot;:2,&quot;columns_tablet&quot;:2,&quot;columns_mobile&quot;:1,&quot;column_min_width&quot;:240,&quot;column_min_width_tablet&quot;:240,&quot;column_min_width_mobile&quot;:240,&quot;inline_columns_css&quot;:false,&quot;is_archive_template&quot;:&quot;&quot;,&quot;post_status&quot;:[&quot;publish&quot;],&quot;use_random_posts_num&quot;:&quot;&quot;,&quot;max_posts_num&quot;:9,&quot;not_found_message&quot;:&quot;Inga uppgifter hittades&quot;,&quot;is_masonry&quot;:false,&quot;equal_columns_height&quot;:&quot;&quot;,&quot;use_load_more&quot;:&quot;&quot;,&quot;load_more_id&quot;:&quot;&quot;,&quot;load_more_type&quot;:&quot;click&quot;,&quot;load_more_offset&quot;:{&quot;unit&quot;:&quot;px&quot;,&quot;size&quot;:0,&quot;sizes&quot;:[]},&quot;use_custom_post_types&quot;:&quot;&quot;,&quot;custom_post_types&quot;:[],&quot;hide_widget_if&quot;:&quot;&quot;,&quot;carousel_enabled&quot;:&quot;&quot;,&quot;slides_to_scroll&quot;:&quot;1&quot;,&quot;arrows&quot;:&quot;true&quot;,&quot;arrow_icon&quot;:&quot;fa fa-angle-left&quot;,&quot;dots&quot;:&quot;&quot;,&quot;autoplay&quot;:&quot;true&quot;,&quot;pause_on_hover&quot;:&quot;true&quot;,&quot;autoplay_speed&quot;:5000,&quot;infinite&quot;:&quot;true&quot;,&quot;center_mode&quot;:&quot;&quot;,&quot;effect&quot;:&quot;slide&quot;,&quot;speed&quot;:500,&quot;inject_alternative_items&quot;:&quot;&quot;,&quot;injection_items&quot;:[],&quot;scroll_slider_enabled&quot;:&quot;&quot;,&quot;scroll_slider_on&quot;:[&quot;desktop&quot;,&quot;tablet&quot;,&quot;mobile&quot;],&quot;custom_query&quot;:&quot;yes&quot;,&quot;custom_query_id&quot;:&quot;17&quot;,&quot;_element_id&quot;:&quot;&quot;,&quot;collapse_first_last_gap&quot;:false,&quot;list_tag_selection&quot;:&quot;&quot;,&quot;list_items_wrapper_tag&quot;:&quot;div&quot;,&quot;list_item_tag&quot;:&quot;div&quot;,&quot;empty_items_wrapper_tag&quot;:&quot;div&quot;}}\" data-page=\"1\" data-pages=\"1\" data-listing-source=\"query\" data-listing-id=\"21399\" data-query-id=\"17\"><div class=\"jet-listing-grid__item jet-listing-dynamic-post-29723\" data-post-id=\"29723\"  ><style type=\"text\/css\">.jet-listing-dynamic-post-29723 .elementor-element.elementor-element-615e140:not(.elementor-motion-effects-element-type-background), .jet-listing-dynamic-post-29723 .elementor-element.elementor-element-615e140 > .elementor-motion-effects-container > .elementor-motion-effects-layer{background-image:url(\"https:\/\/retermia.fi\/wp-content\/uploads\/image-from-rawpixel-id-5904163-original.jpg\");}<\/style>\t\t<div data-elementor-type=\"jet-listing-items\" data-elementor-id=\"21399\" class=\"elementor elementor-21399\" data-elementor-post-type=\"jet-engine\">\n\t\t\t\t\t\t<section class=\"elementor-section elementor-top-section elementor-element elementor-element-615e140 elementor-section-full_width elementor-section-height-min-height elementor-section-items-top elementor-section-height-default\" data-id=\"615e140\" data-element_type=\"section\" data-e-type=\"section\" data-settings=\"{&quot;jet_parallax_layout_list&quot;:[],&quot;background_background&quot;:&quot;classic&quot;}\">\n\t\t\t\t\t\t\t<div class=\"elementor-background-overlay\"><\/div>\n\t\t\t\t\t\t\t<div class=\"elementor-container elementor-column-gap-default\">\n\t\t\t\t\t<div class=\"make-column-clickable-elementor elementor-column elementor-col-100 elementor-top-column elementor-element elementor-element-dad5baf\" style=\"cursor: pointer;\" data-column-clickable=\"https:\/\/retermia.fi\/sv\/bagerier\" data-column-clickable-blank=\"_self\" data-id=\"dad5baf\" data-element_type=\"column\" data-e-type=\"column\" data-settings=\"{&quot;background_background&quot;:&quot;gradient&quot;}\">\n\t\t\t<div class=\"elementor-widget-wrap elementor-element-populated\">\n\t\t\t\t\t<div class=\"elementor-background-overlay\"><\/div>\n\t\t\t\t\t\t<div class=\"elementor-element elementor-element-1fb877e elementor-widget elementor-widget-heading\" data-id=\"1fb877e\" data-element_type=\"widget\" data-e-type=\"widget\" data-widget_type=\"heading.default\">\n\t\t\t\t<div class=\"elementor-widget-container\">\n\t\t\t\t\t<h2 class=\"elementor-heading-title elementor-size-default\">Bagerier<\/h2>\t\t\t\t<\/div>\n\t\t\t\t<\/div>\n\t\t\t\t\t<\/div>\n\t\t<\/div>\n\t\t\t\t\t<\/div>\n\t\t<\/section>\n\t\t\t\t<\/div>\n\t\t<\/div><div class=\"jet-listing-grid__item jet-listing-dynamic-post-29724\" data-post-id=\"29724\"  ><style type=\"text\/css\">.jet-listing-dynamic-post-29724 .elementor-element.elementor-element-615e140:not(.elementor-motion-effects-element-type-background), .jet-listing-dynamic-post-29724 .elementor-element.elementor-element-615e140 > .elementor-motion-effects-container > .elementor-motion-effects-layer{background-image:url(\"https:\/\/retermia.fi\/wp-content\/uploads\/car-mechanic-painting-car-with-spray-gun-scaled.jpg\");}<\/style>\t\t<div data-elementor-type=\"jet-listing-items\" data-elementor-id=\"21399\" class=\"elementor elementor-21399\" data-elementor-post-type=\"jet-engine\">\n\t\t\t\t\t\t<section class=\"elementor-section elementor-top-section elementor-element elementor-element-615e140 elementor-section-full_width elementor-section-height-min-height elementor-section-items-top elementor-section-height-default\" data-id=\"615e140\" data-element_type=\"section\" data-e-type=\"section\" data-settings=\"{&quot;jet_parallax_layout_list&quot;:[],&quot;background_background&quot;:&quot;classic&quot;}\">\n\t\t\t\t\t\t\t<div class=\"elementor-background-overlay\"><\/div>\n\t\t\t\t\t\t\t<div class=\"elementor-container elementor-column-gap-default\">\n\t\t\t\t\t<div class=\"make-column-clickable-elementor elementor-column elementor-col-100 elementor-top-column elementor-element elementor-element-dad5baf\" style=\"cursor: pointer;\" data-column-clickable=\"https:\/\/retermia.fi\/sv\/malarverkstader-och-explosionsfarliga-miljoer\" data-column-clickable-blank=\"_self\" data-id=\"dad5baf\" data-element_type=\"column\" data-e-type=\"column\" data-settings=\"{&quot;background_background&quot;:&quot;gradient&quot;}\">\n\t\t\t<div class=\"elementor-widget-wrap elementor-element-populated\">\n\t\t\t\t\t<div class=\"elementor-background-overlay\"><\/div>\n\t\t\t\t\t\t<div class=\"elementor-element elementor-element-1fb877e elementor-widget elementor-widget-heading\" data-id=\"1fb877e\" data-element_type=\"widget\" data-e-type=\"widget\" data-widget_type=\"heading.default\">\n\t\t\t\t<div class=\"elementor-widget-container\">\n\t\t\t\t\t<h2 class=\"elementor-heading-title elementor-size-default\">M\u00e5larverkst\u00e4der och explosionsfarliga milj\u00f6er<\/h2>\t\t\t\t<\/div>\n\t\t\t\t<\/div>\n\t\t\t\t\t<\/div>\n\t\t<\/div>\n\t\t\t\t\t<\/div>\n\t\t<\/section>\n\t\t\t\t<\/div>\n\t\t<\/div><div class=\"jet-listing-grid__item jet-listing-dynamic-post-29725\" data-post-id=\"29725\"  ><style type=\"text\/css\">.jet-listing-dynamic-post-29725 .elementor-element.elementor-element-615e140:not(.elementor-motion-effects-element-type-background), .jet-listing-dynamic-post-29725 .elementor-element.elementor-element-615e140 > .elementor-motion-effects-container > .elementor-motion-effects-layer{background-image:url(\"https:\/\/retermia.fi\/wp-content\/uploads\/image-from-rawpixel-id-5941983-original.jpg\");}<\/style>\t\t<div data-elementor-type=\"jet-listing-items\" data-elementor-id=\"21399\" class=\"elementor elementor-21399\" data-elementor-post-type=\"jet-engine\">\n\t\t\t\t\t\t<section class=\"elementor-section elementor-top-section elementor-element elementor-element-615e140 elementor-section-full_width elementor-section-height-min-height elementor-section-items-top elementor-section-height-default\" data-id=\"615e140\" data-element_type=\"section\" data-e-type=\"section\" data-settings=\"{&quot;jet_parallax_layout_list&quot;:[],&quot;background_background&quot;:&quot;classic&quot;}\">\n\t\t\t\t\t\t\t<div class=\"elementor-background-overlay\"><\/div>\n\t\t\t\t\t\t\t<div class=\"elementor-container elementor-column-gap-default\">\n\t\t\t\t\t<div class=\"make-column-clickable-elementor elementor-column elementor-col-100 elementor-top-column elementor-element elementor-element-dad5baf\" style=\"cursor: pointer;\" data-column-clickable=\"https:\/\/retermia.fi\/sv\/gjuterier\" data-column-clickable-blank=\"_self\" data-id=\"dad5baf\" data-element_type=\"column\" data-e-type=\"column\" data-settings=\"{&quot;background_background&quot;:&quot;gradient&quot;}\">\n\t\t\t<div class=\"elementor-widget-wrap elementor-element-populated\">\n\t\t\t\t\t<div class=\"elementor-background-overlay\"><\/div>\n\t\t\t\t\t\t<div class=\"elementor-element elementor-element-1fb877e elementor-widget elementor-widget-heading\" data-id=\"1fb877e\" data-element_type=\"widget\" data-e-type=\"widget\" data-widget_type=\"heading.default\">\n\t\t\t\t<div class=\"elementor-widget-container\">\n\t\t\t\t\t<h2 class=\"elementor-heading-title elementor-size-default\">Gjuterier<\/h2>\t\t\t\t<\/div>\n\t\t\t\t<\/div>\n\t\t\t\t\t<\/div>\n\t\t<\/div>\n\t\t\t\t\t<\/div>\n\t\t<\/section>\n\t\t\t\t<\/div>\n\t\t<\/div><div class=\"jet-listing-grid__item jet-listing-dynamic-post-29726\" data-post-id=\"29726\"  ><style type=\"text\/css\">.jet-listing-dynamic-post-29726 .elementor-element.elementor-element-615e140:not(.elementor-motion-effects-element-type-background), .jet-listing-dynamic-post-29726 .elementor-element.elementor-element-615e140 > .elementor-motion-effects-container > .elementor-motion-effects-layer{background-image:url(\"https:\/\/retermia.fi\/wp-content\/uploads\/404-virheilmoitus.jpg\");}<\/style>\t\t<div data-elementor-type=\"jet-listing-items\" data-elementor-id=\"21399\" class=\"elementor elementor-21399\" data-elementor-post-type=\"jet-engine\">\n\t\t\t\t\t\t<section class=\"elementor-section elementor-top-section elementor-element elementor-element-615e140 elementor-section-full_width elementor-section-height-min-height elementor-section-items-top elementor-section-height-default\" data-id=\"615e140\" data-element_type=\"section\" data-e-type=\"section\" data-settings=\"{&quot;jet_parallax_layout_list&quot;:[],&quot;background_background&quot;:&quot;classic&quot;}\">\n\t\t\t\t\t\t\t<div class=\"elementor-background-overlay\"><\/div>\n\t\t\t\t\t\t\t<div class=\"elementor-container elementor-column-gap-default\">\n\t\t\t\t\t<div class=\"make-column-clickable-elementor elementor-column elementor-col-100 elementor-top-column elementor-element elementor-element-dad5baf\" style=\"cursor: pointer;\" data-column-clickable=\"https:\/\/retermia.fi\/sv\/maskinverkstader-och-svetsverkstader\" data-column-clickable-blank=\"_self\" data-id=\"dad5baf\" data-element_type=\"column\" data-e-type=\"column\" data-settings=\"{&quot;background_background&quot;:&quot;gradient&quot;}\">\n\t\t\t<div class=\"elementor-widget-wrap elementor-element-populated\">\n\t\t\t\t\t<div class=\"elementor-background-overlay\"><\/div>\n\t\t\t\t\t\t<div class=\"elementor-element elementor-element-1fb877e elementor-widget elementor-widget-heading\" data-id=\"1fb877e\" data-element_type=\"widget\" data-e-type=\"widget\" data-widget_type=\"heading.default\">\n\t\t\t\t<div class=\"elementor-widget-container\">\n\t\t\t\t\t<h2 class=\"elementor-heading-title elementor-size-default\">Maskin- och svetsverkst\u00e4der<\/h2>\t\t\t\t<\/div>\n\t\t\t\t<\/div>\n\t\t\t\t\t<\/div>\n\t\t<\/div>\n\t\t\t\t\t<\/div>\n\t\t<\/section>\n\t\t\t\t<\/div>\n\t\t<\/div><\/div><\/div>\t\t\t\t<\/div>\n\t\t\t\t<\/div>\n\t\t\t\t\t<\/div>\n\t\t<\/div>\n\t\t\t\t\t<\/div>\n\t\t<\/section>\n\t\t\t\t<section class=\"elementor-section elementor-top-section elementor-element elementor-element-113806a elementor-section-boxed elementor-section-height-default elementor-section-height-default\" data-id=\"113806a\" data-element_type=\"section\" data-e-type=\"section\" data-settings=\"{&quot;jet_parallax_layout_list&quot;:[]}\">\n\t\t\t\t\t\t<div class=\"elementor-container elementor-column-gap-default\">\n\t\t\t\t\t<div class=\"elementor-column elementor-col-100 elementor-top-column elementor-element elementor-element-320b778\" data-id=\"320b778\" data-element_type=\"column\" data-e-type=\"column\">\n\t\t\t<div class=\"elementor-widget-wrap elementor-element-populated\">\n\t\t\t\t\t\t<div class=\"elementor-element elementor-element-1e3b5fa elementor-widget elementor-widget-spacer\" data-id=\"1e3b5fa\" data-element_type=\"widget\" data-e-type=\"widget\" data-widget_type=\"spacer.default\">\n\t\t\t\t<div class=\"elementor-widget-container\">\n\t\t\t\t\t\t\t<div class=\"elementor-spacer\">\n\t\t\t<div class=\"elementor-spacer-inner\"><\/div>\n\t\t<\/div>\n\t\t\t\t\t\t<\/div>\n\t\t\t\t<\/div>\n\t\t\t\t\t<\/div>\n\t\t<\/div>\n\t\t\t\t\t<\/div>\n\t\t<\/section>\n\t\t\t\t<\/div>\n\t\t","protected":false},"excerpt":{"rendered":"<p>Maskinverkst\u00e4der och andra tunga industriella produktionsanl\u00e4ggningar anv\u00e4nder ofta h\u00f6ga luftfl\u00f6den och processerna avger mycket v\u00e4rme.<\/p>\n","protected":false},"author":13,"featured_media":28317,"parent":0,"menu_order":0,"comment_status":"closed","ping_status":"closed","template":"","meta":{"inline_featured_image":false,"footnotes":""},"hakunakyvyys":[],"yhteinen-luokittelutieto":[],"sivujen-luokittelutieto":[],"class_list":["post-29432","page","type-page","status-publish","has-post-thumbnail","hentry"],"_links":{"self":[{"href":"https:\/\/retermia.fi\/sv\/wp-json\/wp\/v2\/pages\/29432","targetHints":{"allow":["GET"]}}],"collection":[{"href":"https:\/\/retermia.fi\/sv\/wp-json\/wp\/v2\/pages"}],"about":[{"href":"https:\/\/retermia.fi\/sv\/wp-json\/wp\/v2\/types\/page"}],"author":[{"embeddable":true,"href":"https:\/\/retermia.fi\/sv\/wp-json\/wp\/v2\/users\/13"}],"replies":[{"embeddable":true,"href":"https:\/\/retermia.fi\/sv\/wp-json\/wp\/v2\/comments?post=29432"}],"version-history":[{"count":6,"href":"https:\/\/retermia.fi\/sv\/wp-json\/wp\/v2\/pages\/29432\/revisions"}],"predecessor-version":[{"id":34687,"href":"https:\/\/retermia.fi\/sv\/wp-json\/wp\/v2\/pages\/29432\/revisions\/34687"}],"wp:featuredmedia":[{"embeddable":true,"href":"https:\/\/retermia.fi\/sv\/wp-json\/wp\/v2\/media\/28317"}],"wp:attachment":[{"href":"https:\/\/retermia.fi\/sv\/wp-json\/wp\/v2\/media?parent=29432"}],"wp:term":[{"taxonomy":"hakunakyvyys","embeddable":true,"href":"https:\/\/retermia.fi\/sv\/wp-json\/wp\/v2\/hakunakyvyys?post=29432"},{"taxonomy":"yhteinen-luokittelutieto","embeddable":true,"href":"https:\/\/retermia.fi\/sv\/wp-json\/wp\/v2\/yhteinen-luokittelutieto?post=29432"},{"taxonomy":"sivujen-luokittelutieto","embeddable":true,"href":"https:\/\/retermia.fi\/sv\/wp-json\/wp\/v2\/sivujen-luokittelutieto?post=29432"}],"curies":[{"name":"wp","href":"https:\/\/api.w.org\/{rel}","templated":true}]}}